{"id":13144,"date":"2023-03-15T13:44:25","date_gmt":"2023-03-15T12:44:25","guid":{"rendered":"https:\/\/traveldent.me\/servizi-odontoiatrici\/endodonzia\/"},"modified":"2024-03-14T11:36:43","modified_gmt":"2024-03-14T10:36:43","slug":"endodonzia","status":"publish","type":"page","link":"https:\/\/traveldent.me\/it\/servizi-odontoiatrici\/endodonzia\/","title":{"rendered":"Endodonzia"},"content":{"rendered":"\t\t<div data-elementor-type=\"wp-page\" data-elementor-id=\"13144\" class=\"elementor elementor-13144 elementor-1967\" data-elementor-post-type=\"page\">\n\t\t\t\t\t\t<section class=\"elementor-section elementor-top-section elementor-element elementor-element-38ff1595 elementor-section-boxed elementor-section-height-default elementor-section-height-default\" data-id=\"38ff1595\" data-element_type=\"section\">\n\t\t\t\t\t\t<div class=\"elementor-container elementor-column-gap-default\">\n\t\t\t\t\t<div class=\"elementor-column elementor-col-50 elementor-top-column elementor-element elementor-element-25bf54f5\" data-id=\"25bf54f5\" data-element_type=\"column\">\n\t\t\t<div class=\"elementor-widget-wrap elementor-element-populated\">\n\t\t\t\t\t\t<div class=\"elementor-element elementor-element-454bdae elementor-widget elementor-widget-heading\" data-id=\"454bdae\" data-element_type=\"widget\" data-widget_type=\"heading.default\">\n\t\t\t\t<div class=\"elementor-widget-container\">\n\t\t\t\t\t<h1 class=\"elementor-heading-title elementor-size-default\">Endodonzia<\/h1>\t\t\t\t<\/div>\n\t\t\t\t<\/div>\n\t\t\t\t<div class=\"elementor-element elementor-element-6c97192 elementor-widget elementor-widget-text-editor\" data-id=\"6c97192\" data-element_type=\"widget\" data-widget_type=\"text-editor.default\">\n\t\t\t\t<div class=\"elementor-widget-container\">\n\t\t\t\t\t\t\t\t\t<p dir=\"ltr\"><strong>L&#8217;endodonzia si occupa del trattamento dei tessuti dentali molli o della polpa.<\/strong> La polpa \u00e8 un fascio di nervi, vasi sanguigni e tessuto connettivo che si estende dalla corona del dente alla punta della sua radice. La sua funzione \u00e8 molto importante perch\u00e9 fornisce le sostanze nutritive necessarie allo sviluppo del dente, mentre allo stesso tempo la polpa funge da sistema di allarme se qualcosa non va nel dente.<\/p>\n<p dir=\"ltr\"><strong>La pulpite<\/strong> (infiammazione del nervo dentale) pu\u00f2 verificarsi a causa di una carie o di un trauma. Se le cavit\u00e0 non vengono trattate correttamente e in tempo, i batteri possono entrare nel canale dentale dove si moltiplicano causando infiammazioni e scompensi dei tessuti molli, che possono infine portare alla perdita dei denti.<\/p>\n<div>\n<div>\n<div>\n<div id=\"autors-container-0\"><span style=\"font-size: 16px;\">Il trattamento endodontico del dente prevede la rimozione del nervo dentale e la pulizia del canale radicolare. Il canale viene riempito con un&#8217;otturazione permanente per evitare la penetrazione batterica in futuro. Il massimo successo del trattamento \u00e8 garantito dalle apparecchiature pi\u00f9 moderne e all&#8217;avanguardia utilizzate per tali procedure e da un&#8217;\u00e9quipe professionale ed esperta che esegue l&#8217;intervento.<\/span><\/div>\n<\/div>\n<\/div>\n<\/div>\n\t\t\t\t\t\t\t\t<\/div>\n\t\t\t\t<\/div>\n\t\t\t\t\t<\/div>\n\t\t<\/div>\n\t\t\t\t<div class=\"elementor-column elementor-col-50 elementor-top-column elementor-element elementor-element-44c862e\" data-id=\"44c862e\" data-element_type=\"column\">\n\t\t\t<div class=\"elementor-widget-wrap elementor-element-populated\">\n\t\t\t\t\t\t<div class=\"elementor-element elementor-element-13b6806 elementor-widget elementor-widget-image\" data-id=\"13b6806\" data-element_type=\"widget\" data-widget_type=\"image.default\">\n\t\t\t\t<div class=\"elementor-widget-container\">\n\t\t\t\t\t\t\t\t\t\t\t\t\t\t\t<img fetchpriority=\"high\" decoding=\"async\" width=\"1145\" height=\"916\" src=\"https:\/\/traveldent.me\/wp-content\/uploads\/2023\/05\/iStock-1269231046.jpg\" class=\"attachment-full size-full wp-image-6702\" alt=\"Endodontics\" srcset=\"https:\/\/traveldent.me\/wp-content\/uploads\/2023\/05\/iStock-1269231046.jpg 1145w, https:\/\/traveldent.me\/wp-content\/uploads\/2023\/05\/iStock-1269231046-300x240.jpg 300w, https:\/\/traveldent.me\/wp-content\/uploads\/2023\/05\/iStock-1269231046-1024x819.jpg 1024w, https:\/\/traveldent.me\/wp-content\/uploads\/2023\/05\/iStock-1269231046-768x614.jpg 768w, https:\/\/traveldent.me\/wp-content\/uploads\/2023\/05\/iStock-1269231046-590x472.jpg 590w, https:\/\/traveldent.me\/wp-content\/uploads\/2023\/05\/iStock-1269231046-838x670.jpg 838w, https:\/\/traveldent.me\/wp-content\/uploads\/2023\/05\/iStock-1269231046-577x462.jpg 577w, https:\/\/traveldent.me\/wp-content\/uploads\/2023\/05\/iStock-1269231046-600x480.jpg 600w\" sizes=\"(max-width: 1145px) 100vw, 1145px\" \/>\t\t\t\t\t\t\t\t\t\t\t\t\t\t\t<\/div>\n\t\t\t\t<\/div>\n\t\t\t\t<div class=\"elementor-element elementor-element-3cb181d elementor-widget elementor-widget-heading\" data-id=\"3cb181d\" data-element_type=\"widget\" data-widget_type=\"heading.default\">\n\t\t\t\t<div class=\"elementor-widget-container\">\n\t\t\t\t\t<h3 class=\"elementor-heading-title elementor-size-default\">SERVIZI DI ENDODONZIA<\/h3>\t\t\t\t<\/div>\n\t\t\t\t<\/div>\n\t\t\t\t<div class=\"elementor-element elementor-element-c70e770 elementor-widget elementor-widget-text-editor\" data-id=\"c70e770\" data-element_type=\"widget\" data-widget_type=\"text-editor.default\">\n\t\t\t\t<div class=\"elementor-widget-container\">\n\t\t\t\t\t\t\t\t\t<ul>\n<li>Trattamento del Canale Radicolare<\/li>\n<li>Endodonzia Microscopica<\/li>\n<\/ul>\n\t\t\t\t\t\t\t\t<\/div>\n\t\t\t\t<\/div>\n\t\t\t\t\t<\/div>\n\t\t<\/div>\n\t\t\t\t\t<\/div>\n\t\t<\/section>\n\t\t<div class=\"elementor-element elementor-element-45b3ec0 e-flex e-con-boxed e-con e-parent\" data-id=\"45b3ec0\" data-element_type=\"container\">\n\t\t\t\t\t<div class=\"e-con-inner\">\n\t\t\t\t<div class=\"elementor-element elementor-element-0f69886 elementor-widget elementor-widget-text-editor\" data-id=\"0f69886\" data-element_type=\"widget\" data-widget_type=\"text-editor.default\">\n\t\t\t\t<div class=\"elementor-widget-container\">\n\t\t\t\t\t\t\t\t\t<p>La Macedonia del Nord, una gemma nascosta nei Balcani, offre una proposta allettante agli stranieri che cercano cure dentistiche di alto livello, in particolare l&#8217;endodonzia. Con un ricco patrimonio di siti storici, paesaggi mozzafiato e un settore del turismo medico in forte espansione, questa piccola nazione europea \u00e8 una destinazione interessante per chi ha bisogno di cure dentistiche.<\/p>\n<ol>\n<li>\n<p>Competenza e qualit\u00e0 delle cure: La Macedonia settentrionale vanta un elevato standard di cure odontoiatriche, compresa <a href=\"https:\/\/en.wikipedia.org\/wiki\/Endodontics\">l&#8217;endodonzia<\/a>, con un numero crescente di professionisti qualificati e formati secondo gli standard internazionali. Molti dentisti del Paese parlano correntemente l&#8217;inglese, il che rende la comunicazione con i pazienti stranieri fluida. Questi professionisti utilizzano apparecchiature all&#8217;avanguardia e seguono le tecniche pi\u00f9 recenti per garantire ai pazienti un&#8217;assistenza di alta qualit\u00e0.<\/p>\n<\/li>\n<li>\n<p>Assistenza sanitaria a prezzi accessibili: Rispetto all&#8217;Europa occidentale e al Nord America, il costo dei trattamenti endodontici in Macedonia del Nord \u00e8 significativamente inferiore. Gli stranieri possono risparmiare fino al 70% sulle spese dentistiche, senza compromettere la qualit\u00e0 delle cure. Questa convenienza \u00e8 particolarmente interessante per chi non ha un&#8217;assicurazione dentale o per chi vuole massimizzare i propri risparmi.<\/p>\n<\/li>\n<li>\n<p>Bellezza paesaggistica e ricchezza culturale: Viaggiare in Macedonia del Nord per l&#8217;endodonzia offre molto di pi\u00f9 dei semplici vantaggi sanitari. I paesaggi pittoreschi del Paese, tra cui l&#8217;incontaminato lago di Ohrid, il drammatico canyon di Matka e le scenografiche catene montuose, offrono uno scenario sereno per il recupero. Inoltre, il ricco patrimonio culturale della Macedonia settentrionale \u00e8 una delizia per gli appassionati di storia, con siti dichiarati Patrimonio dell&#8217;Umanit\u00e0 dall&#8217;UNESCO come la citt\u00e0 vecchia di Ohrid.<\/p>\n<\/li>\n<li>\n<p>Accessibilit\u00e0 e convenienza: La capitale della Macedonia settentrionale, Skopje, \u00e8 ben collegata alle principali citt\u00e0 europee tramite aeroporti internazionali. Le dimensioni ridotte del Paese assicurano che gli spostamenti siano agevoli, consentendo ai pazienti di accedere facilmente ai loro appuntamenti odontoiatrici e di esplorare le attrazioni del Paese senza stress.<\/p>\n<\/li>\n<li>\n<p>Cure personalizzate e tempi di attesa ridotti: Uno degli aspetti pi\u00f9 interessanti della scelta del Nord Macedonia per il trattamento endodontico \u00e8 l&#8217;assistenza personalizzata che i pazienti ricevono. Con tempi di attesa pi\u00f9 brevi rispetto a molti Paesi occidentali, gli stranieri possono aspettarsi consultazioni rapide e trattamenti tempestivi, assicurando un&#8217;esperienza fluida ed efficiente.<\/p>\n<\/li>\n<li>\n<p>Welcoming Hospitality: North Macedonians are renowned for their warm hospitality. I visitatori possono aspettarsi un&#8217;accoglienza calorosa e un desiderio genuino di rendere il loro soggiorno confortevole e piacevole. Questo senso di accoglienza si estende al settore medico, dove i pazienti si trovano spesso nelle mani di professionisti compassionevoli e attenti.<\/p>\n<\/li>\n<\/ol>\n<p>In sintesi, l&#8217;attrattiva della Macedonia settentrionale per gli stranieri in cerca di endodonzia \u00e8 una miscela armoniosa di cure dentistiche di alta qualit\u00e0, economicit\u00e0, bellezza naturale, ricchezza culturale, accessibilit\u00e0 e atmosfera accogliente. Per coloro che prendono in considerazione il turismo medico per le loro esigenze odontoiatriche, la Macedonia del Nord rappresenta una scelta convincente che offre pi\u00f9 di una semplice assistenza sanitaria di livello mondiale; offre un&#8217;esperienza arricchente nel cuore dei Balcani, rendendola una destinazione allettante per i trattamenti odontoiatrici e un viaggio indimenticabile.<\/p>\t\t\t\t\t\t\t\t<\/div>\n\t\t\t\t<\/div>\n\t\t\t\t<div class=\"elementor-element elementor-element-68cc43c elementor-widget elementor-widget-image\" data-id=\"68cc43c\" data-element_type=\"widget\" data-widget_type=\"image.default\">\n\t\t\t\t<div class=\"elementor-widget-container\">\n\t\t\t\t\t\t\t\t\t\t\t\t\t\t\t<img decoding=\"async\" width=\"760\" height=\"507\" src=\"https:\/\/traveldent.me\/wp-content\/uploads\/2023\/10\/Endodontics-1024x683.jpg\" class=\"attachment-large size-large wp-image-13135\" alt=\"Endodontics\" srcset=\"https:\/\/traveldent.me\/wp-content\/uploads\/2023\/10\/Endodontics-1024x683.jpg 1024w, https:\/\/traveldent.me\/wp-content\/uploads\/2023\/10\/Endodontics-300x200.jpg 300w, https:\/\/traveldent.me\/wp-content\/uploads\/2023\/10\/Endodontics-768x512.jpg 768w, https:\/\/traveldent.me\/wp-content\/uploads\/2023\/10\/Endodontics-1536x1024.jpg 1536w, https:\/\/traveldent.me\/wp-content\/uploads\/2023\/10\/Endodontics-2048x1365.jpg 2048w, https:\/\/traveldent.me\/wp-content\/uploads\/2023\/10\/Endodontics-590x393.jpg 590w, https:\/\/traveldent.me\/wp-content\/uploads\/2023\/10\/Endodontics-1005x670.jpg 1005w, https:\/\/traveldent.me\/wp-content\/uploads\/2023\/10\/Endodontics-577x385.jpg 577w, https:\/\/traveldent.me\/wp-content\/uploads\/2023\/10\/Endodontics-1200x800.jpg 1200w, https:\/\/traveldent.me\/wp-content\/uploads\/2023\/10\/Endodontics-600x400.jpg 600w\" sizes=\"(max-width: 760px) 100vw, 760px\" \/>\t\t\t\t\t\t\t\t\t\t\t\t\t\t\t<\/div>\n\t\t\t\t<\/div>\n\t\t\t\t<div class=\"elementor-element elementor-element-56d67b9 elementor-widget elementor-widget-text-editor\" data-id=\"56d67b9\" data-element_type=\"widget\" data-widget_type=\"text-editor.default\">\n\t\t\t\t<div class=\"elementor-widget-container\">\n\t\t\t\t\t\t\t\t\t<p style=\"text-align: center;\">L&#8217;endodonzia microscopica \u00e8 un servizio di fascia alta in quasi tutti gli studi dentistici della nostra piattaforma.<\/p>\n\t\t\t\t\t\t\t\t<\/div>\n\t\t\t\t<\/div>\n\t\t\t\t\t<\/div>\n\t\t\t\t<\/div>\n\t\t\t\t<section class=\"elementor-section elementor-top-section elementor-element elementor-element-2cc022d elementor-section-stretched elementor-section-boxed elementor-section-height-default elementor-section-height-default\" data-id=\"2cc022d\" data-element_type=\"section\" id=\"quotefront\" data-settings=\"{&quot;stretch_section&quot;:&quot;section-stretched&quot;,&quot;background_background&quot;:&quot;classic&quot;}\">\n\t\t\t\t\t\t<div class=\"elementor-container elementor-column-gap-default\">\n\t\t\t\t\t<div class=\"elementor-column elementor-col-100 elementor-top-column elementor-element elementor-element-5e5da98e\" data-id=\"5e5da98e\" data-element_type=\"column\">\n\t\t\t<div class=\"elementor-widget-wrap elementor-element-populated\">\n\t\t\t\t\t\t<div class=\"elementor-element elementor-element-36aadfd elementor-widget elementor-widget-shortcode\" data-id=\"36aadfd\" data-element_type=\"widget\" data-widget_type=\"shortcode.default\">\n\t\t\t\t<div class=\"elementor-widget-container\">\n\t\t\t\t\t\t\t<div class=\"elementor-shortcode\">\t\t<div data-elementor-type=\"section\" data-elementor-id=\"12327\" class=\"elementor elementor-12327 elementor-1870\" data-elementor-post-type=\"elementor_library\">\n\t\t\t\t\t<section class=\"elementor-section elementor-top-section elementor-element elementor-element-72e35e22 elementor-section-stretched elementor-section-boxed elementor-section-height-default elementor-section-height-default\" data-id=\"72e35e22\" data-element_type=\"section\" id=\"quotefront\" data-settings=\"{&quot;stretch_section&quot;:&quot;section-stretched&quot;,&quot;background_background&quot;:&quot;classic&quot;}\">\n\t\t\t\t\t\t<div class=\"elementor-container elementor-column-gap-default\">\n\t\t\t\t\t<div class=\"elementor-column elementor-col-100 elementor-top-column elementor-element elementor-element-65d2068a\" data-id=\"65d2068a\" data-element_type=\"column\">\n\t\t\t<div class=\"elementor-widget-wrap elementor-element-populated\">\n\t\t\t\t\t\t<div class=\"elementor-element elementor-element-2d437916 elementor-widget elementor-widget-image\" data-id=\"2d437916\" data-element_type=\"widget\" data-widget_type=\"image.default\">\n\t\t\t\t<div class=\"elementor-widget-container\">\n\t\t\t\t\t\t\t\t\t\t\t\t\t\t\t<img decoding=\"async\" src=\"https:\/\/traveldent.me\/wp-content\/uploads\/2023\/05\/clinics_it.png\" title=\"clinics_it\" alt=\"clinics_it\" loading=\"lazy\" \/>\t\t\t\t\t\t\t\t\t\t\t\t\t\t\t<\/div>\n\t\t\t\t<\/div>\n\t\t\t\t<div class=\"elementor-element elementor-element-cff4c1d elementor-posts__hover-none elementor-grid-3 elementor-grid-tablet-2 elementor-grid-mobile-1 elementor-posts--thumbnail-top elementor-card-shadow-yes elementor-widget elementor-widget-posts\" data-id=\"cff4c1d\" data-element_type=\"widget\" data-settings=\"{&quot;pagination_type&quot;:&quot;load_more_infinite_scroll&quot;,&quot;cards_columns&quot;:&quot;3&quot;,&quot;cards_columns_tablet&quot;:&quot;2&quot;,&quot;cards_columns_mobile&quot;:&quot;1&quot;,&quot;cards_row_gap&quot;:{&quot;unit&quot;:&quot;px&quot;,&quot;size&quot;:35,&quot;sizes&quot;:[]},&quot;cards_row_gap_tablet&quot;:{&quot;unit&quot;:&quot;px&quot;,&quot;size&quot;:&quot;&quot;,&quot;sizes&quot;:[]},&quot;cards_row_gap_mobile&quot;:{&quot;unit&quot;:&quot;px&quot;,&quot;size&quot;:&quot;&quot;,&quot;sizes&quot;:[]},&quot;load_more_spinner&quot;:{&quot;value&quot;:&quot;fas fa-spinner&quot;,&quot;library&quot;:&quot;fa-solid&quot;}}\" data-widget_type=\"posts.cards\">\n\t\t\t\t<div class=\"elementor-widget-container\">\n\t\t\t\t\t\t\t<div class=\"elementor-posts-container elementor-posts elementor-posts--skin-cards elementor-grid\" role=\"list\">\n\t\t\t\t<article class=\"elementor-post elementor-grid-item post-12695 listing type-listing status-publish has-post-thumbnail hentry listing_category-cliniche-dentali listing_category-diagnostica-e-odontoiatria-generale listing_category-endodonzia listing_category-implantologia listing_category-odontoiatria-laser-e-salute-orale listing_category-ortodonzia listing_category-protesi-dentaria region-bitola-it\" role=\"listitem\">\n\t\t\t<div class=\"elementor-post__card\">\n\t\t\t\t<a class=\"elementor-post__thumbnail__link\" href=\"https:\/\/traveldent.me\/it\/listing\/maksident-vrshkovski-studio-dentistico-e-implantare\/\" tabindex=\"-1\" ><div class=\"elementor-post__thumbnail\"><img decoding=\"async\" width=\"428\" height=\"394\" src=\"https:\/\/traveldent.me\/wp-content\/uploads\/2023\/02\/MV-logo.jpg\" class=\"attachment-large size-large wp-image-7320\" alt=\"\" srcset=\"https:\/\/traveldent.me\/wp-content\/uploads\/2023\/02\/MV-logo.jpg 428w, https:\/\/traveldent.me\/wp-content\/uploads\/2023\/02\/MV-logo-300x276.jpg 300w\" sizes=\"(max-width: 428px) 100vw, 428px\" \/><\/div><\/a>\n\t\t\t\t<div class=\"elementor-post__text\">\n\t\t\t\t<h3 class=\"elementor-post__title\">\n\t\t\t<a href=\"https:\/\/traveldent.me\/it\/listing\/maksident-vrshkovski-studio-dentistico-e-implantare\/\" >\n\t\t\t\tMaksident Vrshkovski <br>Studio dentistico e implantare\t\t\t<\/a>\n\t\t<\/h3>\n\t\t\t\t<\/div>\n\t\t\t\t\t<\/div>\n\t\t<\/article>\n\t\t\t\t<article class=\"elementor-post elementor-grid-item post-43135 listing type-listing status-publish hentry listing_category-cliniche-dentali listing_category-diagnostica-e-odontoiatria-generale listing_category-endodonzia listing_category-implantologia listing_category-odontoiatria-laser-e-salute-orale listing_category-protesi-dentaria region-gevgelija\" role=\"listitem\">\n\t\t\t<div class=\"elementor-post__card\">\n\t\t\t\t<div class=\"elementor-post__text\">\n\t\t\t\t<h3 class=\"elementor-post__title\">\n\t\t\t<a href=\"https:\/\/traveldent.me\/it\/listing\/denticija-clinica-dentale\/\" >\n\t\t\t\tDenticija <br>Clinica dentale\t\t\t<\/a>\n\t\t<\/h3>\n\t\t\t\t<\/div>\n\t\t\t\t\t<\/div>\n\t\t<\/article>\n\t\t\t\t<article class=\"elementor-post elementor-grid-item post-13171 listing type-listing status-publish has-post-thumbnail hentry listing_category-cliniche-dentali listing_category-diagnostica-e-odontoiatria-generale listing_category-endodonzia listing_category-implantologia listing_category-odontoiatria-laser-e-salute-orale listing_category-ortodonzia listing_category-protesi-dentaria region-bitola-it\" role=\"listitem\">\n\t\t\t<div class=\"elementor-post__card\">\n\t\t\t\t<a class=\"elementor-post__thumbnail__link\" href=\"https:\/\/traveldent.me\/it\/listing\/smile-design-policlinico-odontoiatrico\/\" tabindex=\"-1\" ><div class=\"elementor-post__thumbnail\"><img loading=\"lazy\" decoding=\"async\" width=\"428\" height=\"394\" src=\"https:\/\/traveldent.me\/wp-content\/uploads\/2023\/02\/Sm-featured.jpg\" class=\"attachment-large size-large wp-image-7512\" alt=\"\" srcset=\"https:\/\/traveldent.me\/wp-content\/uploads\/2023\/02\/Sm-featured.jpg 428w, https:\/\/traveldent.me\/wp-content\/uploads\/2023\/02\/Sm-featured-300x276.jpg 300w\" sizes=\"(max-width: 428px) 100vw, 428px\" \/><\/div><\/a>\n\t\t\t\t<div class=\"elementor-post__text\">\n\t\t\t\t<h3 class=\"elementor-post__title\">\n\t\t\t<a href=\"https:\/\/traveldent.me\/it\/listing\/smile-design-policlinico-odontoiatrico\/\" >\n\t\t\t\tSmile &amp; DesigN <br>Policlinico odontoiatrico\t\t\t<\/a>\n\t\t<\/h3>\n\t\t\t\t<\/div>\n\t\t\t\t\t<\/div>\n\t\t<\/article>\n\t\t\t\t<article class=\"elementor-post elementor-grid-item post-12492 listing type-listing status-publish has-post-thumbnail hentry listing_category-cliniche-dentali listing_category-diagnostica-e-odontoiatria-generale listing_category-endodonzia listing_category-estetica-facciale listing_category-implantologia listing_category-odontoiatria-laser-e-salute-orale listing_category-protesi-dentaria region-bitola-it\" role=\"listitem\">\n\t\t\t<div class=\"elementor-post__card\">\n\t\t\t\t<a class=\"elementor-post__thumbnail__link\" href=\"https:\/\/traveldent.me\/it\/listing\/d-r-krtolica-centro-di-odontoiatria-estetica\/\" tabindex=\"-1\" ><div class=\"elementor-post__thumbnail\"><img loading=\"lazy\" decoding=\"async\" width=\"428\" height=\"394\" src=\"https:\/\/traveldent.me\/wp-content\/uploads\/2023\/02\/logo1.jpg\" class=\"attachment-large size-large wp-image-8499\" alt=\"\" srcset=\"https:\/\/traveldent.me\/wp-content\/uploads\/2023\/02\/logo1.jpg 428w, https:\/\/traveldent.me\/wp-content\/uploads\/2023\/02\/logo1-300x276.jpg 300w\" sizes=\"(max-width: 428px) 100vw, 428px\" \/><\/div><\/a>\n\t\t\t\t<div class=\"elementor-post__text\">\n\t\t\t\t<h3 class=\"elementor-post__title\">\n\t\t\t<a href=\"https:\/\/traveldent.me\/it\/listing\/d-r-krtolica-centro-di-odontoiatria-estetica\/\" >\n\t\t\t\tD-r Krtolica <br> Centro di odontoiatria estetica\t\t\t<\/a>\n\t\t<\/h3>\n\t\t\t\t<\/div>\n\t\t\t\t\t<\/div>\n\t\t<\/article>\n\t\t\t\t<article class=\"elementor-post elementor-grid-item post-12474 listing type-listing status-publish has-post-thumbnail hentry listing_category-cliniche-dentali listing_category-diagnostica-e-odontoiatria-generale listing_category-endodonzia listing_category-implantologia listing_category-odontoiatria-laser-e-salute-orale listing_category-protesi-dentaria region-skopje-it\" role=\"listitem\">\n\t\t\t<div class=\"elementor-post__card\">\n\t\t\t\t<a class=\"elementor-post__thumbnail__link\" href=\"https:\/\/traveldent.me\/it\/listing\/dentissimo-aesthetic-clinica-dentale\/\" tabindex=\"-1\" ><div class=\"elementor-post__thumbnail\"><img loading=\"lazy\" decoding=\"async\" width=\"428\" height=\"394\" src=\"https:\/\/traveldent.me\/wp-content\/uploads\/2023\/02\/dentisimo-featured.jpg\" class=\"attachment-large size-large wp-image-11741\" alt=\"\" srcset=\"https:\/\/traveldent.me\/wp-content\/uploads\/2023\/02\/dentisimo-featured.jpg 428w, https:\/\/traveldent.me\/wp-content\/uploads\/2023\/02\/dentisimo-featured-300x276.jpg 300w\" sizes=\"(max-width: 428px) 100vw, 428px\" \/><\/div><\/a>\n\t\t\t\t<div class=\"elementor-post__text\">\n\t\t\t\t<h3 class=\"elementor-post__title\">\n\t\t\t<a href=\"https:\/\/traveldent.me\/it\/listing\/dentissimo-aesthetic-clinica-dentale\/\" >\n\t\t\t\tDentissimo Aesthetic <br>Clinica dentale\t\t\t<\/a>\n\t\t<\/h3>\n\t\t\t\t<\/div>\n\t\t\t\t\t<\/div>\n\t\t<\/article>\n\t\t\t\t<article class=\"elementor-post elementor-grid-item post-12467 listing type-listing status-publish has-post-thumbnail hentry listing_category-cliniche-dentali listing_category-diagnostica-e-odontoiatria-generale listing_category-endodonzia listing_category-estetica-facciale listing_category-implantologia listing_category-odontoiatria-laser-e-salute-orale listing_category-ortodonzia listing_category-protesi-dentaria region-skopje-it\" role=\"listitem\">\n\t\t\t<div class=\"elementor-post__card\">\n\t\t\t\t<a class=\"elementor-post__thumbnail__link\" href=\"https:\/\/traveldent.me\/it\/listing\/mediana-medikal-clinica-dentale\/\" tabindex=\"-1\" ><div class=\"elementor-post__thumbnail\"><img loading=\"lazy\" decoding=\"async\" width=\"428\" height=\"394\" src=\"https:\/\/traveldent.me\/wp-content\/uploads\/2023\/02\/logo-3.jpg\" class=\"attachment-large size-large wp-image-9797\" alt=\"\" srcset=\"https:\/\/traveldent.me\/wp-content\/uploads\/2023\/02\/logo-3.jpg 428w, https:\/\/traveldent.me\/wp-content\/uploads\/2023\/02\/logo-3-300x276.jpg 300w\" sizes=\"(max-width: 428px) 100vw, 428px\" \/><\/div><\/a>\n\t\t\t\t<div class=\"elementor-post__text\">\n\t\t\t\t<h3 class=\"elementor-post__title\">\n\t\t\t<a href=\"https:\/\/traveldent.me\/it\/listing\/mediana-medikal-clinica-dentale\/\" >\n\t\t\t\tMediana Medikal<br> Clinica dentale\t\t\t<\/a>\n\t\t<\/h3>\n\t\t\t\t<\/div>\n\t\t\t\t\t<\/div>\n\t\t<\/article>\n\t\t\t\t<article class=\"elementor-post elementor-grid-item post-14372 listing type-listing status-publish has-post-thumbnail hentry listing_category-cliniche-dentali listing_category-diagnostica-e-odontoiatria-generale listing_category-endodonzia listing_category-estetica-facciale listing_category-implantologia listing_category-odontoiatria-laser-e-salute-orale listing_category-ortodonzia listing_category-protesi-dentaria region-skopje-it\" role=\"listitem\">\n\t\t\t<div class=\"elementor-post__card\">\n\t\t\t\t<a class=\"elementor-post__thumbnail__link\" href=\"https:\/\/traveldent.me\/it\/listing\/dento-medikal-clinica-dentale-e-laboratorio-medico\/\" tabindex=\"-1\" ><div class=\"elementor-post__thumbnail\"><img loading=\"lazy\" decoding=\"async\" width=\"428\" height=\"394\" src=\"https:\/\/traveldent.me\/wp-content\/uploads\/2023\/02\/FPDM.jpg\" class=\"attachment-large size-large wp-image-8706\" alt=\"\" srcset=\"https:\/\/traveldent.me\/wp-content\/uploads\/2023\/02\/FPDM.jpg 428w, https:\/\/traveldent.me\/wp-content\/uploads\/2023\/02\/FPDM-300x276.jpg 300w\" sizes=\"(max-width: 428px) 100vw, 428px\" \/><\/div><\/a>\n\t\t\t\t<div class=\"elementor-post__text\">\n\t\t\t\t<h3 class=\"elementor-post__title\">\n\t\t\t<a href=\"https:\/\/traveldent.me\/it\/listing\/dento-medikal-clinica-dentale-e-laboratorio-medico\/\" >\n\t\t\t\tDento Medikal <br> Clinica dentale e laboratorio medico\t\t\t<\/a>\n\t\t<\/h3>\n\t\t\t\t<\/div>\n\t\t\t\t\t<\/div>\n\t\t<\/article>\n\t\t\t\t<\/div>\n\t\t\t\t\t<span class=\"e-load-more-spinner\">\n\t\t\t\t<i aria-hidden=\"true\" class=\"fas fa-spinner\"><\/i>\t\t\t<\/span>\n\t\t\n\t\t\t\t\t\t<\/div>\n\t\t\t\t<\/div>\n\t\t\t\t\t<\/div>\n\t\t<\/div>\n\t\t\t\t\t<\/div>\n\t\t<\/section>\n\t\t\t\t<\/div>\n\t\t<\/div>\n\t\t\t\t\t\t<\/div>\n\t\t\t\t<\/div>\n\t\t\t\t\t<\/div>\n\t\t<\/div>\n\t\t\t\t\t<\/div>\n\t\t<\/section>\n\t\t\t\t<\/div>\n\t\t","protected":false},"excerpt":{"rendered":"<p>L&#8217;endodonzia si occupa del trattamento dei tessuti dentali molli o della polpa. La polpa \u00e8 un fascio di nervi, vasi sanguigni e tessuto connettivo che<\/p>\n","protected":false},"author":1,"featured_media":0,"parent":12555,"menu_order":0,"comment_status":"closed","ping_status":"closed","template":"","meta":{"footnotes":""},"class_list":["post-13144","page","type-page","status-publish","hentry"],"_links":{"self":[{"href":"https:\/\/traveldent.me\/it\/wp-json\/wp\/v2\/pages\/13144","targetHints":{"allow":["GET"]}}],"collection":[{"href":"https:\/\/traveldent.me\/it\/wp-json\/wp\/v2\/pages"}],"about":[{"href":"https:\/\/traveldent.me\/it\/wp-json\/wp\/v2\/types\/page"}],"author":[{"embeddable":true,"href":"https:\/\/traveldent.me\/it\/wp-json\/wp\/v2\/users\/1"}],"replies":[{"embeddable":true,"href":"https:\/\/traveldent.me\/it\/wp-json\/wp\/v2\/comments?post=13144"}],"version-history":[{"count":0,"href":"https:\/\/traveldent.me\/it\/wp-json\/wp\/v2\/pages\/13144\/revisions"}],"up":[{"embeddable":true,"href":"https:\/\/traveldent.me\/it\/wp-json\/wp\/v2\/pages\/12555"}],"wp:attachment":[{"href":"https:\/\/traveldent.me\/it\/wp-json\/wp\/v2\/media?parent=13144"}],"curies":[{"name":"wp","href":"https:\/\/api.w.org\/{rel}","templated":true}]}}