{"id":12747,"date":"2023-03-15T13:44:25","date_gmt":"2023-03-15T12:44:25","guid":{"rendered":"https:\/\/traveldent.me\/servizi-odontoiatrici\/odontoiatria-laser-e-salute-orale\/"},"modified":"2024-03-20T15:14:10","modified_gmt":"2024-03-20T14:14:10","slug":"odontoiatria-laser","status":"publish","type":"page","link":"https:\/\/traveldent.me\/it\/servizi-odontoiatrici\/odontoiatria-laser\/","title":{"rendered":"Odontoiatria laser e salute orale"},"content":{"rendered":"\t\t<div data-elementor-type=\"wp-page\" data-elementor-id=\"12747\" class=\"elementor elementor-12747 elementor-1955\" data-elementor-post-type=\"page\">\n\t\t\t\t\t\t<section class=\"elementor-section elementor-top-section elementor-element elementor-element-38ff1595 elementor-section-boxed elementor-section-height-default elementor-section-height-default\" data-id=\"38ff1595\" data-element_type=\"section\">\n\t\t\t\t\t\t<div class=\"elementor-container elementor-column-gap-default\">\n\t\t\t\t\t<div class=\"elementor-column elementor-col-50 elementor-top-column elementor-element elementor-element-25bf54f5\" data-id=\"25bf54f5\" data-element_type=\"column\">\n\t\t\t<div class=\"elementor-widget-wrap elementor-element-populated\">\n\t\t\t\t\t\t<div class=\"elementor-element elementor-element-454bdae elementor-widget elementor-widget-heading\" data-id=\"454bdae\" data-element_type=\"widget\" data-widget_type=\"heading.default\">\n\t\t\t\t<div class=\"elementor-widget-container\">\n\t\t\t\t\t<h1 class=\"elementor-heading-title elementor-size-default\">Odontoiatria laser e salute orale<\/h1>\t\t\t\t<\/div>\n\t\t\t\t<\/div>\n\t\t\t\t<div class=\"elementor-element elementor-element-6c97192 elementor-widget elementor-widget-text-editor\" data-id=\"6c97192\" data-element_type=\"widget\" data-widget_type=\"text-editor.default\">\n\t\t\t\t<div class=\"elementor-widget-container\">\n\t\t\t\t\t\t\t\t\t<p>I laser hanno reso l&#8217;odontoiatria pi\u00f9 facile e indolore che mai. L&#8217;odontoiatria laser offre numerosi vantaggi, tra i quali:<\/p>\n<h4>TEMPI DI GUARIGIONE RAPIDI<\/h4>\n<p>Uno degli aspetti positivi dell&#8217;odontoiatria laser \u00e8 che provoca molto meno dolore e disagio rispetto agli strumenti tradizionali. Per questo motivo, i pazienti che si sottopongono a procedure di odontoiatria laser generalmente guariscono pi\u00f9 rapidamente rispetto a quelli che si sottopongono a procedure tradizionali.<\/p>\n<p>In effetti, alcuni pazienti non avvertono alcun dolore o fastidio dopo essersi sottoposti a interventi di odontoiatria laser.<\/p>\n<h4>RIDUZIONE DEL RISCHIO DI INFEZIONE<\/h4>\n<p>Quando si utilizzano gli strumenti dentali tradizionali in metallo durante le procedure, spesso causano abrasioni nelle gengive, consentendo l&#8217;insorgere di infezioni. I laser non fanno questo.<\/p>\n<p>Al contrario, i laser sterilizzano l&#8217;area su cui si concentrano, eliminando la maggior parte dei batteri presenti in quell&#8217;area. Il risultato? Un rischio di infezione sostanzialmente ridotto.<\/p>\n<h4>MENO DISAGIO<\/h4>\n<p>Come gi\u00e0 detto, l&#8217;odontoiatria laser \u00e8 generalmente meno dolorosa di quella tradizionale. In molti casi, pu\u00f2 eliminare completamente la necessit\u00e0 di anestesia.<\/p>\n<h4>Quali condizioni possono essere trattate con <a href=\"https:\/\/en.wikipedia.org\/wiki\/Dental_laser\">questa procedura<\/a>?<\/h4>\n<p>Sebbene l&#8217;odontoiatria laser non possa essere utilizzata per tutte le procedure odontoiatriche, pu\u00f2 comunque essere impiegata in molte di esse. In genere pu\u00f2 essere utilizzato se si verificano i seguenti casi:<\/p>\n<h4>DECADENZA DEI DENTI<\/h4>\n<p>Se il dente \u00e8 molto cariato, il dentista pu\u00f2 utilizzare il laser per scavare il dente e liberarlo da tutta la materia cariato. Questa procedura viene spesso utilizzata prima delle normali otturazioni di cavit\u00e0, contribuendo a rendere il processo il pi\u00f9 efficiente possibile.<\/p>\n<h4>MALATTIA DELLE GENGIVE<\/h4>\n<p>Se soffrite di malattie gengivali, l&#8217;odontoiatria laser pu\u00f2 essere estremamente vantaggiosa per voi. Spesso il laser viene utilizzato per rimuovere i batteri dalle gengive, modellarle e prepararle per le procedure canalari.<\/p>\n<h4>INGIALLIMENTO DEI DENTI<\/h4>\n<p>Avete a che fare con denti marroni o ingialliti? Volete sbiancarli il pi\u00f9 possibile? Volete sbiancarli il pi\u00f9 possibile?<\/p>\n<p>I laser sono spesso utilizzati durante le procedure di sbiancamento dentale in studio, per accelerare il processo complessivo. In generale, vengono utilizzati per attivare la sostanza di perossido che viene applicata sui denti.<\/p>\n<h4>Quando non si pu\u00f2 usare il laser in odontoiatria?<\/h4>\n<p>Purtroppo l&#8217;odontoiatria laser non \u00e8 sempre un&#8217;opzione di trattamento. A volte sono necessari gli strumenti odontoiatrici tradizionali.<\/p>\n<p>Per esempio, se si sta cercando di rimuovere un&#8217;otturazione esistente, il laser non pu\u00f2 essere d&#8217;aiuto. Per esempio, se si sta cercando di rimuovere un&#8217;otturazione esistente, il laser non pu\u00f2 essere d&#8217;aiuto. Dovete rimuovere delle corone di grandi dimensioni? Anche in questo caso, i laser non potranno fare nulla per voi.<\/p>\n<p>Spesso questo tipo di trattamento viene utilizzato come complemento all&#8217;odontoiatria tradizionale, contribuendo ad accelerare il processo e a ridurre alcuni dei potenziali dolori ad esso associati.<\/p>\n<h3>Odontoiatria laser in Macedonia del Nord:<\/h3>\n<p>L&#8217;odontoiatria laser ha rivoluzionato l&#8217;assistenza sanitaria orale nella Macedonia settentrionale, offrendo un approccio all&#8217;avanguardia ai trattamenti dentali. Le cliniche odontoiatriche della Macedonia settentrionale hanno abbracciato questa tecnologia innovativa, che utilizza fasci di luce focalizzati per eseguire un&#8217;ampia gamma di procedure odontoiatriche con precisione e minimo disagio. L&#8217;odontoiatria laser ha trasformato l&#8217;esperienza del paziente riducendo la necessit\u00e0 di trapani e anestesie tradizionali, con il risultato di trattamenti pi\u00f9 rapidi e praticamente indolori. Questa tecnica avanzata \u00e8 particolarmente utile per il trattamento dei disturbi gengivali, la preparazione della cavit\u00e0 e persino lo sbiancamento dei denti, per garantire una salute orale ottimale e un bel sorriso. La precisione dell&#8217;odontoiatria laser riduce al minimo i danni ai tessuti circostanti, con conseguente accelerazione dei tempi di guarigione e riduzione del disagio post-operatorio. Inoltre, il ridotto rischio di infezioni e sanguinamenti ne fa un&#8217;opzione sicura per i pazienti con diversi problemi dentali. Le cliniche dentali della Macedonia settentrionale sono all&#8217;avanguardia nel fornire servizi di odontoiatria laser all&#8217;avanguardia, sottolineando l&#8217;impegno per il comfort del paziente, la salute orale e il benessere generale. Scoprite il futuro dell&#8217;odontoiatria con l&#8217;odontoiatria laser in Macedonia del Nord, dove la tecnologia all&#8217;avanguardia incontra cure dentali eccezionali.<\/p>\t\t\t\t\t\t\t\t<\/div>\n\t\t\t\t<\/div>\n\t\t\t\t\t<\/div>\n\t\t<\/div>\n\t\t\t\t<div class=\"elementor-column elementor-col-50 elementor-top-column elementor-element elementor-element-44c862e\" data-id=\"44c862e\" data-element_type=\"column\">\n\t\t\t<div class=\"elementor-widget-wrap elementor-element-populated\">\n\t\t\t\t\t\t<div class=\"elementor-element elementor-element-13b6806 elementor-widget elementor-widget-image\" data-id=\"13b6806\" data-element_type=\"widget\" data-widget_type=\"image.default\">\n\t\t\t\t<div class=\"elementor-widget-container\">\n\t\t\t\t\t\t\t\t\t\t\t\t\t\t\t<img fetchpriority=\"high\" decoding=\"async\" width=\"700\" height=\"467\" src=\"https:\/\/traveldent.me\/wp-content\/uploads\/2023\/05\/2312213.jpg\" class=\"attachment-full size-full wp-image-6687\" alt=\"Laser Dentistry\" srcset=\"https:\/\/traveldent.me\/wp-content\/uploads\/2023\/05\/2312213.jpg 700w, https:\/\/traveldent.me\/wp-content\/uploads\/2023\/05\/2312213-300x200.jpg 300w, https:\/\/traveldent.me\/wp-content\/uploads\/2023\/05\/2312213-590x394.jpg 590w, https:\/\/traveldent.me\/wp-content\/uploads\/2023\/05\/2312213-577x385.jpg 577w, https:\/\/traveldent.me\/wp-content\/uploads\/2023\/05\/2312213-600x400.jpg 600w\" sizes=\"(max-width: 700px) 100vw, 700px\" \/>\t\t\t\t\t\t\t\t\t\t\t\t\t\t\t<\/div>\n\t\t\t\t<\/div>\n\t\t\t\t<div class=\"elementor-element elementor-element-3cb181d elementor-widget elementor-widget-heading\" data-id=\"3cb181d\" data-element_type=\"widget\" data-widget_type=\"heading.default\">\n\t\t\t\t<div class=\"elementor-widget-container\">\n\t\t\t\t\t<h3 class=\"elementor-heading-title elementor-size-default\">Odontoiatria laser e servizi per la salute orale<\/h3>\t\t\t\t<\/div>\n\t\t\t\t<\/div>\n\t\t\t\t<div class=\"elementor-element elementor-element-c70e770 elementor-widget elementor-widget-text-editor\" data-id=\"c70e770\" data-element_type=\"widget\" data-widget_type=\"text-editor.default\">\n\t\t\t\t<div class=\"elementor-widget-container\">\n\t\t\t\t\t\t\t\t\t<ul>\n<li>Sbiancamento delle Gengive<\/li>\n<li>Gummy Smile<\/li>\n<li>Pulizia dei denti<\/li>\n<li>Sbiancamento dei denti<\/li>\n<\/ul>\n\t\t\t\t\t\t\t\t<\/div>\n\t\t\t\t<\/div>\n\t\t\t\t\t<\/div>\n\t\t<\/div>\n\t\t\t\t\t<\/div>\n\t\t<\/section>\n\t\t\t\t<section class=\"elementor-section elementor-top-section elementor-element elementor-element-2cc022d elementor-section-stretched elementor-section-boxed elementor-section-height-default elementor-section-height-default\" data-id=\"2cc022d\" data-element_type=\"section\" id=\"quotefront\" data-settings=\"{&quot;stretch_section&quot;:&quot;section-stretched&quot;,&quot;background_background&quot;:&quot;classic&quot;}\">\n\t\t\t\t\t\t<div class=\"elementor-container elementor-column-gap-default\">\n\t\t\t\t\t<div class=\"elementor-column elementor-col-100 elementor-top-column elementor-element elementor-element-5e5da98e\" data-id=\"5e5da98e\" data-element_type=\"column\">\n\t\t\t<div class=\"elementor-widget-wrap elementor-element-populated\">\n\t\t\t\t\t\t<div class=\"elementor-element elementor-element-38f2c46 elementor-widget elementor-widget-shortcode\" data-id=\"38f2c46\" data-element_type=\"widget\" data-widget_type=\"shortcode.default\">\n\t\t\t\t<div class=\"elementor-widget-container\">\n\t\t\t\t\t\t\t<div class=\"elementor-shortcode\">\t\t<div data-elementor-type=\"section\" data-elementor-id=\"12327\" class=\"elementor elementor-12327 elementor-1870\" data-elementor-post-type=\"elementor_library\">\n\t\t\t\t\t<section class=\"elementor-section elementor-top-section elementor-element elementor-element-72e35e22 elementor-section-stretched elementor-section-boxed elementor-section-height-default elementor-section-height-default\" data-id=\"72e35e22\" data-element_type=\"section\" id=\"quotefront\" data-settings=\"{&quot;stretch_section&quot;:&quot;section-stretched&quot;,&quot;background_background&quot;:&quot;classic&quot;}\">\n\t\t\t\t\t\t<div class=\"elementor-container elementor-column-gap-default\">\n\t\t\t\t\t<div class=\"elementor-column elementor-col-100 elementor-top-column elementor-element elementor-element-65d2068a\" data-id=\"65d2068a\" data-element_type=\"column\">\n\t\t\t<div class=\"elementor-widget-wrap elementor-element-populated\">\n\t\t\t\t\t\t<div class=\"elementor-element elementor-element-2d437916 elementor-widget elementor-widget-image\" data-id=\"2d437916\" data-element_type=\"widget\" data-widget_type=\"image.default\">\n\t\t\t\t<div class=\"elementor-widget-container\">\n\t\t\t\t\t\t\t\t\t\t\t\t\t\t\t<img decoding=\"async\" src=\"https:\/\/traveldent.me\/wp-content\/uploads\/2023\/05\/clinics_it.png\" title=\"clinics_it\" alt=\"clinics_it\" loading=\"lazy\" \/>\t\t\t\t\t\t\t\t\t\t\t\t\t\t\t<\/div>\n\t\t\t\t<\/div>\n\t\t\t\t<div class=\"elementor-element elementor-element-cff4c1d elementor-posts__hover-none elementor-grid-3 elementor-grid-tablet-2 elementor-grid-mobile-1 elementor-posts--thumbnail-top elementor-card-shadow-yes elementor-widget elementor-widget-posts\" data-id=\"cff4c1d\" data-element_type=\"widget\" data-settings=\"{&quot;pagination_type&quot;:&quot;load_more_infinite_scroll&quot;,&quot;cards_columns&quot;:&quot;3&quot;,&quot;cards_columns_tablet&quot;:&quot;2&quot;,&quot;cards_columns_mobile&quot;:&quot;1&quot;,&quot;cards_row_gap&quot;:{&quot;unit&quot;:&quot;px&quot;,&quot;size&quot;:35,&quot;sizes&quot;:[]},&quot;cards_row_gap_tablet&quot;:{&quot;unit&quot;:&quot;px&quot;,&quot;size&quot;:&quot;&quot;,&quot;sizes&quot;:[]},&quot;cards_row_gap_mobile&quot;:{&quot;unit&quot;:&quot;px&quot;,&quot;size&quot;:&quot;&quot;,&quot;sizes&quot;:[]},&quot;load_more_spinner&quot;:{&quot;value&quot;:&quot;fas fa-spinner&quot;,&quot;library&quot;:&quot;fa-solid&quot;}}\" data-widget_type=\"posts.cards\">\n\t\t\t\t<div class=\"elementor-widget-container\">\n\t\t\t\t\t\t\t<div class=\"elementor-posts-container elementor-posts elementor-posts--skin-cards elementor-grid\" role=\"list\">\n\t\t\t\t<article class=\"elementor-post elementor-grid-item post-12695 listing type-listing status-publish has-post-thumbnail hentry listing_category-cliniche-dentali listing_category-diagnostica-e-odontoiatria-generale listing_category-endodonzia listing_category-implantologia listing_category-odontoiatria-laser-e-salute-orale listing_category-ortodonzia listing_category-protesi-dentaria region-bitola-it\" role=\"listitem\">\n\t\t\t<div class=\"elementor-post__card\">\n\t\t\t\t<a class=\"elementor-post__thumbnail__link\" href=\"https:\/\/traveldent.me\/it\/listing\/maksident-vrshkovski-studio-dentistico-e-implantare\/\" tabindex=\"-1\" ><div class=\"elementor-post__thumbnail\"><img decoding=\"async\" width=\"428\" height=\"394\" src=\"https:\/\/traveldent.me\/wp-content\/uploads\/2023\/02\/MV-logo.jpg\" class=\"attachment-large size-large wp-image-7320\" alt=\"\" srcset=\"https:\/\/traveldent.me\/wp-content\/uploads\/2023\/02\/MV-logo.jpg 428w, https:\/\/traveldent.me\/wp-content\/uploads\/2023\/02\/MV-logo-300x276.jpg 300w\" sizes=\"(max-width: 428px) 100vw, 428px\" \/><\/div><\/a>\n\t\t\t\t<div class=\"elementor-post__text\">\n\t\t\t\t<h3 class=\"elementor-post__title\">\n\t\t\t<a href=\"https:\/\/traveldent.me\/it\/listing\/maksident-vrshkovski-studio-dentistico-e-implantare\/\" >\n\t\t\t\tMaksident Vrshkovski <br>Studio dentistico e implantare\t\t\t<\/a>\n\t\t<\/h3>\n\t\t\t\t<\/div>\n\t\t\t\t\t<\/div>\n\t\t<\/article>\n\t\t\t\t<article class=\"elementor-post elementor-grid-item post-13171 listing type-listing status-publish has-post-thumbnail hentry listing_category-cliniche-dentali listing_category-diagnostica-e-odontoiatria-generale listing_category-endodonzia listing_category-implantologia listing_category-odontoiatria-laser-e-salute-orale listing_category-ortodonzia listing_category-protesi-dentaria region-bitola-it\" role=\"listitem\">\n\t\t\t<div class=\"elementor-post__card\">\n\t\t\t\t<a class=\"elementor-post__thumbnail__link\" href=\"https:\/\/traveldent.me\/it\/listing\/smile-design-policlinico-odontoiatrico\/\" tabindex=\"-1\" ><div class=\"elementor-post__thumbnail\"><img decoding=\"async\" width=\"428\" height=\"394\" src=\"https:\/\/traveldent.me\/wp-content\/uploads\/2023\/02\/Sm-featured.jpg\" class=\"attachment-large size-large wp-image-7512\" alt=\"\" srcset=\"https:\/\/traveldent.me\/wp-content\/uploads\/2023\/02\/Sm-featured.jpg 428w, https:\/\/traveldent.me\/wp-content\/uploads\/2023\/02\/Sm-featured-300x276.jpg 300w\" sizes=\"(max-width: 428px) 100vw, 428px\" \/><\/div><\/a>\n\t\t\t\t<div class=\"elementor-post__text\">\n\t\t\t\t<h3 class=\"elementor-post__title\">\n\t\t\t<a href=\"https:\/\/traveldent.me\/it\/listing\/smile-design-policlinico-odontoiatrico\/\" >\n\t\t\t\tSmile &amp; DesigN <br>Policlinico odontoiatrico\t\t\t<\/a>\n\t\t<\/h3>\n\t\t\t\t<\/div>\n\t\t\t\t\t<\/div>\n\t\t<\/article>\n\t\t\t\t<article class=\"elementor-post elementor-grid-item post-43135 listing type-listing status-publish hentry listing_category-cliniche-dentali listing_category-diagnostica-e-odontoiatria-generale listing_category-endodonzia listing_category-implantologia listing_category-odontoiatria-laser-e-salute-orale listing_category-protesi-dentaria region-gevgelija\" role=\"listitem\">\n\t\t\t<div class=\"elementor-post__card\">\n\t\t\t\t<div class=\"elementor-post__text\">\n\t\t\t\t<h3 class=\"elementor-post__title\">\n\t\t\t<a href=\"https:\/\/traveldent.me\/it\/listing\/denticija-clinica-dentale\/\" >\n\t\t\t\tDenticija <br>Clinica dentale\t\t\t<\/a>\n\t\t<\/h3>\n\t\t\t\t<\/div>\n\t\t\t\t\t<\/div>\n\t\t<\/article>\n\t\t\t\t<article class=\"elementor-post elementor-grid-item post-12474 listing type-listing status-publish has-post-thumbnail hentry listing_category-cliniche-dentali listing_category-diagnostica-e-odontoiatria-generale listing_category-endodonzia listing_category-implantologia listing_category-odontoiatria-laser-e-salute-orale listing_category-protesi-dentaria region-skopje-it\" role=\"listitem\">\n\t\t\t<div class=\"elementor-post__card\">\n\t\t\t\t<a class=\"elementor-post__thumbnail__link\" href=\"https:\/\/traveldent.me\/it\/listing\/dentissimo-aesthetic-clinica-dentale\/\" tabindex=\"-1\" ><div class=\"elementor-post__thumbnail\"><img loading=\"lazy\" decoding=\"async\" width=\"428\" height=\"394\" src=\"https:\/\/traveldent.me\/wp-content\/uploads\/2023\/02\/dentisimo-featured.jpg\" class=\"attachment-large size-large wp-image-11741\" alt=\"\" srcset=\"https:\/\/traveldent.me\/wp-content\/uploads\/2023\/02\/dentisimo-featured.jpg 428w, https:\/\/traveldent.me\/wp-content\/uploads\/2023\/02\/dentisimo-featured-300x276.jpg 300w\" sizes=\"(max-width: 428px) 100vw, 428px\" \/><\/div><\/a>\n\t\t\t\t<div class=\"elementor-post__text\">\n\t\t\t\t<h3 class=\"elementor-post__title\">\n\t\t\t<a href=\"https:\/\/traveldent.me\/it\/listing\/dentissimo-aesthetic-clinica-dentale\/\" >\n\t\t\t\tDentissimo Aesthetic <br>Clinica dentale\t\t\t<\/a>\n\t\t<\/h3>\n\t\t\t\t<\/div>\n\t\t\t\t\t<\/div>\n\t\t<\/article>\n\t\t\t\t<article class=\"elementor-post elementor-grid-item post-12492 listing type-listing status-publish has-post-thumbnail hentry listing_category-cliniche-dentali listing_category-diagnostica-e-odontoiatria-generale listing_category-endodonzia listing_category-estetica-facciale listing_category-implantologia listing_category-odontoiatria-laser-e-salute-orale listing_category-protesi-dentaria region-bitola-it\" role=\"listitem\">\n\t\t\t<div class=\"elementor-post__card\">\n\t\t\t\t<a class=\"elementor-post__thumbnail__link\" href=\"https:\/\/traveldent.me\/it\/listing\/d-r-krtolica-centro-di-odontoiatria-estetica\/\" tabindex=\"-1\" ><div class=\"elementor-post__thumbnail\"><img loading=\"lazy\" decoding=\"async\" width=\"428\" height=\"394\" src=\"https:\/\/traveldent.me\/wp-content\/uploads\/2023\/02\/logo1.jpg\" class=\"attachment-large size-large wp-image-8499\" alt=\"\" srcset=\"https:\/\/traveldent.me\/wp-content\/uploads\/2023\/02\/logo1.jpg 428w, https:\/\/traveldent.me\/wp-content\/uploads\/2023\/02\/logo1-300x276.jpg 300w\" sizes=\"(max-width: 428px) 100vw, 428px\" \/><\/div><\/a>\n\t\t\t\t<div class=\"elementor-post__text\">\n\t\t\t\t<h3 class=\"elementor-post__title\">\n\t\t\t<a href=\"https:\/\/traveldent.me\/it\/listing\/d-r-krtolica-centro-di-odontoiatria-estetica\/\" >\n\t\t\t\tD-r Krtolica <br> Centro di odontoiatria estetica\t\t\t<\/a>\n\t\t<\/h3>\n\t\t\t\t<\/div>\n\t\t\t\t\t<\/div>\n\t\t<\/article>\n\t\t\t\t<article class=\"elementor-post elementor-grid-item post-14372 listing type-listing status-publish has-post-thumbnail hentry listing_category-cliniche-dentali listing_category-diagnostica-e-odontoiatria-generale listing_category-endodonzia listing_category-estetica-facciale listing_category-implantologia listing_category-odontoiatria-laser-e-salute-orale listing_category-ortodonzia listing_category-protesi-dentaria region-skopje-it\" role=\"listitem\">\n\t\t\t<div class=\"elementor-post__card\">\n\t\t\t\t<a class=\"elementor-post__thumbnail__link\" href=\"https:\/\/traveldent.me\/it\/listing\/dento-medikal-clinica-dentale-e-laboratorio-medico\/\" tabindex=\"-1\" ><div class=\"elementor-post__thumbnail\"><img loading=\"lazy\" decoding=\"async\" width=\"428\" height=\"394\" src=\"https:\/\/traveldent.me\/wp-content\/uploads\/2023\/02\/FPDM.jpg\" class=\"attachment-large size-large wp-image-8706\" alt=\"\" srcset=\"https:\/\/traveldent.me\/wp-content\/uploads\/2023\/02\/FPDM.jpg 428w, https:\/\/traveldent.me\/wp-content\/uploads\/2023\/02\/FPDM-300x276.jpg 300w\" sizes=\"(max-width: 428px) 100vw, 428px\" \/><\/div><\/a>\n\t\t\t\t<div class=\"elementor-post__text\">\n\t\t\t\t<h3 class=\"elementor-post__title\">\n\t\t\t<a href=\"https:\/\/traveldent.me\/it\/listing\/dento-medikal-clinica-dentale-e-laboratorio-medico\/\" >\n\t\t\t\tDento Medikal <br> Clinica dentale e laboratorio medico\t\t\t<\/a>\n\t\t<\/h3>\n\t\t\t\t<\/div>\n\t\t\t\t\t<\/div>\n\t\t<\/article>\n\t\t\t\t<article class=\"elementor-post elementor-grid-item post-12467 listing type-listing status-publish has-post-thumbnail hentry listing_category-cliniche-dentali listing_category-diagnostica-e-odontoiatria-generale listing_category-endodonzia listing_category-estetica-facciale listing_category-implantologia listing_category-odontoiatria-laser-e-salute-orale listing_category-ortodonzia listing_category-protesi-dentaria region-skopje-it\" role=\"listitem\">\n\t\t\t<div class=\"elementor-post__card\">\n\t\t\t\t<a class=\"elementor-post__thumbnail__link\" href=\"https:\/\/traveldent.me\/it\/listing\/mediana-medikal-clinica-dentale\/\" tabindex=\"-1\" ><div class=\"elementor-post__thumbnail\"><img loading=\"lazy\" decoding=\"async\" width=\"428\" height=\"394\" src=\"https:\/\/traveldent.me\/wp-content\/uploads\/2023\/02\/logo-3.jpg\" class=\"attachment-large size-large wp-image-9797\" alt=\"\" srcset=\"https:\/\/traveldent.me\/wp-content\/uploads\/2023\/02\/logo-3.jpg 428w, https:\/\/traveldent.me\/wp-content\/uploads\/2023\/02\/logo-3-300x276.jpg 300w\" sizes=\"(max-width: 428px) 100vw, 428px\" \/><\/div><\/a>\n\t\t\t\t<div class=\"elementor-post__text\">\n\t\t\t\t<h3 class=\"elementor-post__title\">\n\t\t\t<a href=\"https:\/\/traveldent.me\/it\/listing\/mediana-medikal-clinica-dentale\/\" >\n\t\t\t\tMediana Medikal<br> Clinica dentale\t\t\t<\/a>\n\t\t<\/h3>\n\t\t\t\t<\/div>\n\t\t\t\t\t<\/div>\n\t\t<\/article>\n\t\t\t\t<\/div>\n\t\t\t\t\t<span class=\"e-load-more-spinner\">\n\t\t\t\t<i aria-hidden=\"true\" class=\"fas fa-spinner\"><\/i>\t\t\t<\/span>\n\t\t\n\t\t\t\t\t\t<\/div>\n\t\t\t\t<\/div>\n\t\t\t\t\t<\/div>\n\t\t<\/div>\n\t\t\t\t\t<\/div>\n\t\t<\/section>\n\t\t\t\t<\/div>\n\t\t<\/div>\n\t\t\t\t\t\t<\/div>\n\t\t\t\t<\/div>\n\t\t\t\t\t<\/div>\n\t\t<\/div>\n\t\t\t\t\t<\/div>\n\t\t<\/section>\n\t\t<div class=\"elementor-element elementor-element-db2cdc9 e-flex e-con-boxed e-con e-parent\" data-id=\"db2cdc9\" data-element_type=\"container\">\n\t\t\t\t\t<div class=\"e-con-inner\">\n\t\t\t\t<div class=\"elementor-element elementor-element-950d785 elementor-hidden-desktop elementor-hidden-tablet elementor-hidden-mobile elementor-widget elementor-widget-image\" data-id=\"950d785\" data-element_type=\"widget\" data-widget_type=\"image.default\">\n\t\t\t\t<div class=\"elementor-widget-container\">\n\t\t\t\t\t\t\t\t\t\t\t\t\t\t\t<img loading=\"lazy\" decoding=\"async\" width=\"760\" height=\"301\" src=\"https:\/\/traveldent.me\/wp-content\/uploads\/2024\/03\/Vodovod-1024x405.jpg\" class=\"attachment-large size-large wp-image-14399\" alt=\"Odontoiatria laser\" srcset=\"https:\/\/traveldent.me\/wp-content\/uploads\/2024\/03\/Vodovod-1024x405.jpg 1024w, https:\/\/traveldent.me\/wp-content\/uploads\/2024\/03\/Vodovod-300x119.jpg 300w, https:\/\/traveldent.me\/wp-content\/uploads\/2024\/03\/Vodovod-768x304.jpg 768w, https:\/\/traveldent.me\/wp-content\/uploads\/2024\/03\/Vodovod-590x233.jpg 590w, https:\/\/traveldent.me\/wp-content\/uploads\/2024\/03\/Vodovod-1200x475.jpg 1200w, https:\/\/traveldent.me\/wp-content\/uploads\/2024\/03\/Vodovod-577x228.jpg 577w, https:\/\/traveldent.me\/wp-content\/uploads\/2024\/03\/Vodovod-600x237.jpg 600w, https:\/\/traveldent.me\/wp-content\/uploads\/2024\/03\/Vodovod.jpg 1512w\" sizes=\"(max-width: 760px) 100vw, 760px\" \/>\t\t\t\t\t\t\t\t\t\t\t\t\t\t\t<\/div>\n\t\t\t\t<\/div>\n\t\t\t\t\t<\/div>\n\t\t\t\t<\/div>\n\t\t\t\t<\/div>\n\t\t","protected":false},"excerpt":{"rendered":"<p>I laser hanno reso l&#8217;odontoiatria pi\u00f9 facile e indolore che mai. L&#8217;odontoiatria laser offre numerosi vantaggi, tra i quali: TEMPI DI GUARIGIONE RAPIDI Uno degli<\/p>\n","protected":false},"author":1,"featured_media":0,"parent":12555,"menu_order":0,"comment_status":"closed","ping_status":"closed","template":"","meta":{"footnotes":""},"class_list":["post-12747","page","type-page","status-publish","hentry"],"_links":{"self":[{"href":"https:\/\/traveldent.me\/it\/wp-json\/wp\/v2\/pages\/12747","targetHints":{"allow":["GET"]}}],"collection":[{"href":"https:\/\/traveldent.me\/it\/wp-json\/wp\/v2\/pages"}],"about":[{"href":"https:\/\/traveldent.me\/it\/wp-json\/wp\/v2\/types\/page"}],"author":[{"embeddable":true,"href":"https:\/\/traveldent.me\/it\/wp-json\/wp\/v2\/users\/1"}],"replies":[{"embeddable":true,"href":"https:\/\/traveldent.me\/it\/wp-json\/wp\/v2\/comments?post=12747"}],"version-history":[{"count":0,"href":"https:\/\/traveldent.me\/it\/wp-json\/wp\/v2\/pages\/12747\/revisions"}],"up":[{"embeddable":true,"href":"https:\/\/traveldent.me\/it\/wp-json\/wp\/v2\/pages\/12555"}],"wp:attachment":[{"href":"https:\/\/traveldent.me\/it\/wp-json\/wp\/v2\/media?parent=12747"}],"curies":[{"name":"wp","href":"https:\/\/api.w.org\/{rel}","templated":true}]}}