{"id":12740,"date":"2023-03-15T13:44:25","date_gmt":"2023-03-15T12:44:25","guid":{"rendered":"https:\/\/traveldent.me\/servizi-odontoiatrici\/estetica-del-viso-per-aumentare-la-vostra-bellezza\/"},"modified":"2024-03-20T15:20:43","modified_gmt":"2024-03-20T14:20:43","slug":"estetica-del-viso","status":"publish","type":"page","link":"https:\/\/traveldent.me\/it\/servizi-odontoiatrici\/estetica-del-viso\/","title":{"rendered":"Estetica del viso &#8211; Per aumentare la vostra bellezza"},"content":{"rendered":"\t\t<div data-elementor-type=\"wp-page\" data-elementor-id=\"12740\" class=\"elementor elementor-12740 elementor-1992\" data-elementor-post-type=\"page\">\n\t\t\t\t\t\t<section class=\"elementor-section elementor-top-section elementor-element elementor-element-38ff1595 elementor-section-boxed elementor-section-height-default elementor-section-height-default\" data-id=\"38ff1595\" data-element_type=\"section\">\n\t\t\t\t\t\t<div class=\"elementor-container elementor-column-gap-default\">\n\t\t\t\t\t<div class=\"elementor-column elementor-col-50 elementor-top-column elementor-element elementor-element-25bf54f5\" data-id=\"25bf54f5\" data-element_type=\"column\">\n\t\t\t<div class=\"elementor-widget-wrap elementor-element-populated\">\n\t\t\t\t\t\t<div class=\"elementor-element elementor-element-454bdae elementor-widget elementor-widget-heading\" data-id=\"454bdae\" data-element_type=\"widget\" data-widget_type=\"heading.default\">\n\t\t\t\t<div class=\"elementor-widget-container\">\n\t\t\t\t\t<h1 class=\"elementor-heading-title elementor-size-default\">Estetica del viso &#8211; Per aumentare la vostra bellezza<\/h1>\t\t\t\t<\/div>\n\t\t\t\t<\/div>\n\t\t\t\t<div class=\"elementor-element elementor-element-6c97192 elementor-widget elementor-widget-text-editor\" data-id=\"6c97192\" data-element_type=\"widget\" data-widget_type=\"text-editor.default\">\n\t\t\t\t<div class=\"elementor-widget-container\">\n\t\t\t\t\t\t\t\t\t<p>Se avete mai desiderato di attenuare le piccole rughe di preoccupazione sulla fronte o le rughe di risata intorno alla bocca, potreste aver preso in considerazione le iniezioni cosmetiche o addirittura la chirurgia. Tutto questo fa parte del trattamento di Estetica facciale.<\/p>\n<p>Prima di pensare di andare sotto i ferri, \u00e8 importante sapere che le opzioni iniettive di comprovata efficacia e i pi\u00f9 recenti filler dermici possono garantire un effetto naturale e giovanile, senza bisogno di interventi chirurgici.<\/p>\n<p><strong>Che cosa fa il <a href=\"https:\/\/www.botox.com\/\">Botox\u00ae<\/a>?<\/strong><br \/>Il botox\u00ae, o tossina botulinica A, impedisce la flessione dei muscoli che causano le rughe, come quelle sulla fronte, intorno agli occhi e alla bocca.<\/p>\n<p>Originariamente utilizzato nella procedura di estetica facciale, per trattare condizioni muscolari, il Botox \u00e8 tra le iniezioni cosmetiche pi\u00f9 conosciute. Si tratta di una neurotossina che agisce sui nervi, indebolendo temporaneamente i muscoli che causano le rughe e producendo un effetto levigante temporaneo.<\/p>\n<p><strong>A cosa serve il Botox?<\/strong><br \/>\u00c8 approvato dalla FDA per il trattamento delle rughe di risa, delle zampe di gallina, delle rughe della fronte e delle pieghe tra le sopracciglia, talvolta chiamate &#8220;rughe dell&#8217;11&#8221;.<\/p>\n<p>Chiunque abbia pi\u00f9 di 18 anni pu\u00f2 ricevere queste iniezioni, ma la maggior parte delle persone ha un&#8217;et\u00e0 compresa tra i 30 e i 60 anni.<\/p>\n<p>Sebbene possa essere utilizzato anche come misura preventiva per ritardare lo sviluppo di alcune rughe, non \u00e8 una grande idea. &#8220;Tendo a sconsigliarne l&#8217;uso ai pazienti&#8221;, afferma il Dr. Poblete, &#8220;perch\u00e9 quando le linee non sono ancora presenti, \u00e8 difficile valutarne l&#8217;efficacia&#8221;.<\/p>\n<p><strong>Quanto tempo occorre perch\u00e9 il Botox faccia effetto?<\/strong><br \/>&#8220;Il botox \u00e8 una procedura ambulatoriale rapida, eseguita con un ago sottile&#8221;. Il dottor Poblete dice. &#8220;Si dovrebbe vedere l&#8217;effetto completo entro tre giorni o una settimana&#8221;.<\/p>\n<p><strong>Quanto dura il Botox?<\/strong><br \/>Considerate il Botox come un taglio di capelli: Gli effetti non durano per sempre e col tempo svaniscono. Dopo quattro-sei mesi, i muscoli inizieranno a riprendere il movimento e le rughe inizieranno a tornare. \u00c8 il momento di rifare l&#8217;estetica del viso.<\/p>\n<p>\u00c8 il momento di rifare l&#8217;estetica del viso.<\/p>\n<p><strong>Cosa sono i filler dermici?<\/strong><br \/>&#8220;L&#8217;invecchiamento \u00e8 un processo deflazionistico&#8221;, cio\u00e8 le persone che invecchiano tendono a perdere grasso sul viso. I filler dermici sono utilizzati per ripristinare l&#8217;aspetto di pienezza che \u00e8 comune nei giovani.<\/p>\n<p>I filler sono comunemente utilizzati nelle depressioni intorno agli angoli della bocca e agli zigomi. Uno degli usi pi\u00f9 popolari dei filler dermici \u00e8 quello dei filler per le labbra, che utilizzano l&#8217;acido ialuronico sintetico per aumentare il volume delle labbra. <\/p>\n<p><strong>Quanto durano i filler dermici?<\/strong><br \/>&#8220;La maggior parte dei filler dermici dura da nove a 12 mesi, a seconda del paziente e del punto in cui vengono effettuate le iniezioni&#8221;, spiega il Dr. Poblete. Juvederm Vollure\u00ae e Voluma\u00ae durano pi\u00f9 o meno 15-18 mesi.<\/p>\n<p><strong>In che modo i filler dermici sono diversi dal Botox?<\/strong><br \/>In breve, trattano diversi tipi di linee.<\/p>\n<p>Il botox impedisce la flessione dei muscoli che causano le rughe, mentre i filler dermici riempiono le rughe dovute alla perdita di collagene, volume ed elasticit\u00e0. &#8220;Le rughe nella parte inferiore del viso non sono dovute a movimenti muscolari ripetuti&#8221;, &#8220;ma a un cambiamento della struttura facciale nel corso del tempo&#8221;.<\/p>\n<p>Poich\u00e9 si concentrano su parti diverse del viso, \u00e8 possibile sottoporsi sia al botox che ai filler dermici, o a pi\u00f9 di un tipo di filler.<\/p>\n<p>&#8220;Di solito \u00e8 meglio combinare diversi filler per ottenere una correzione ottimale&#8221;. &#8220;Insieme, il botox e i filler dermici possono lavorare per ringiovanire il viso&#8221;.<\/p>\n\t\t\t\t\t\t\t\t<\/div>\n\t\t\t\t<\/div>\n\t\t\t\t\t<\/div>\n\t\t<\/div>\n\t\t\t\t<div class=\"elementor-column elementor-col-50 elementor-top-column elementor-element elementor-element-44c862e\" data-id=\"44c862e\" data-element_type=\"column\">\n\t\t\t<div class=\"elementor-widget-wrap elementor-element-populated\">\n\t\t\t\t\t\t<div class=\"elementor-element elementor-element-13b6806 elementor-widget elementor-widget-image\" data-id=\"13b6806\" data-element_type=\"widget\" data-widget_type=\"image.default\">\n\t\t\t\t<div class=\"elementor-widget-container\">\n\t\t\t\t\t\t\t\t\t\t\t\t\t\t\t<img fetchpriority=\"high\" decoding=\"async\" width=\"746\" height=\"588\" src=\"https:\/\/traveldent.me\/wp-content\/uploads\/2023\/05\/enhancing-your-natural-beauty-with-dermal-fillers-and-botox.jpg\" class=\"attachment-full size-full wp-image-6741\" alt=\"Facial Aesthetics\" srcset=\"https:\/\/traveldent.me\/wp-content\/uploads\/2023\/05\/enhancing-your-natural-beauty-with-dermal-fillers-and-botox.jpg 746w, https:\/\/traveldent.me\/wp-content\/uploads\/2023\/05\/enhancing-your-natural-beauty-with-dermal-fillers-and-botox-300x236.jpg 300w, https:\/\/traveldent.me\/wp-content\/uploads\/2023\/05\/enhancing-your-natural-beauty-with-dermal-fillers-and-botox-590x465.jpg 590w, https:\/\/traveldent.me\/wp-content\/uploads\/2023\/05\/enhancing-your-natural-beauty-with-dermal-fillers-and-botox-577x455.jpg 577w, https:\/\/traveldent.me\/wp-content\/uploads\/2023\/05\/enhancing-your-natural-beauty-with-dermal-fillers-and-botox-600x473.jpg 600w\" sizes=\"(max-width: 746px) 100vw, 746px\" \/>\t\t\t\t\t\t\t\t\t\t\t\t\t\t\t<\/div>\n\t\t\t\t<\/div>\n\t\t\t\t<div class=\"elementor-element elementor-element-3cb181d elementor-widget elementor-widget-heading\" data-id=\"3cb181d\" data-element_type=\"widget\" data-widget_type=\"heading.default\">\n\t\t\t\t<div class=\"elementor-widget-container\">\n\t\t\t\t\t<h3 class=\"elementor-heading-title elementor-size-default\">SERVIZI di estetica facciale<\/h3>\t\t\t\t<\/div>\n\t\t\t\t<\/div>\n\t\t\t\t<div class=\"elementor-element elementor-element-c70e770 elementor-widget elementor-widget-text-editor\" data-id=\"c70e770\" data-element_type=\"widget\" data-widget_type=\"text-editor.default\">\n\t\t\t\t<div class=\"elementor-widget-container\">\n\t\t\t\t\t\t\t\t\t<ul>\n<li>Filler Dermali<\/li>\n<li>Botox<\/li>\n<\/ul>\n\t\t\t\t\t\t\t\t<\/div>\n\t\t\t\t<\/div>\n\t\t\t\t\t<\/div>\n\t\t<\/div>\n\t\t\t\t\t<\/div>\n\t\t<\/section>\n\t\t\t\t<section class=\"elementor-section elementor-top-section elementor-element elementor-element-2cc022d elementor-section-stretched elementor-section-boxed elementor-section-height-default elementor-section-height-default\" data-id=\"2cc022d\" data-element_type=\"section\" id=\"quotefront\" data-settings=\"{&quot;stretch_section&quot;:&quot;section-stretched&quot;,&quot;background_background&quot;:&quot;classic&quot;}\">\n\t\t\t\t\t\t<div class=\"elementor-container elementor-column-gap-default\">\n\t\t\t\t\t<div class=\"elementor-column elementor-col-100 elementor-top-column elementor-element elementor-element-5e5da98e\" data-id=\"5e5da98e\" data-element_type=\"column\">\n\t\t\t<div class=\"elementor-widget-wrap elementor-element-populated\">\n\t\t\t\t\t\t<div class=\"elementor-element elementor-element-9cea49a elementor-widget elementor-widget-shortcode\" data-id=\"9cea49a\" data-element_type=\"widget\" data-widget_type=\"shortcode.default\">\n\t\t\t\t<div class=\"elementor-widget-container\">\n\t\t\t\t\t\t\t<div class=\"elementor-shortcode\">\t\t<div data-elementor-type=\"section\" data-elementor-id=\"12327\" class=\"elementor elementor-12327 elementor-1870\" data-elementor-post-type=\"elementor_library\">\n\t\t\t\t\t<section class=\"elementor-section elementor-top-section elementor-element elementor-element-72e35e22 elementor-section-stretched elementor-section-boxed elementor-section-height-default elementor-section-height-default\" data-id=\"72e35e22\" data-element_type=\"section\" id=\"quotefront\" data-settings=\"{&quot;stretch_section&quot;:&quot;section-stretched&quot;,&quot;background_background&quot;:&quot;classic&quot;}\">\n\t\t\t\t\t\t<div class=\"elementor-container elementor-column-gap-default\">\n\t\t\t\t\t<div class=\"elementor-column elementor-col-100 elementor-top-column elementor-element elementor-element-65d2068a\" data-id=\"65d2068a\" data-element_type=\"column\">\n\t\t\t<div class=\"elementor-widget-wrap elementor-element-populated\">\n\t\t\t\t\t\t<div class=\"elementor-element elementor-element-2d437916 elementor-widget elementor-widget-image\" data-id=\"2d437916\" data-element_type=\"widget\" data-widget_type=\"image.default\">\n\t\t\t\t<div class=\"elementor-widget-container\">\n\t\t\t\t\t\t\t\t\t\t\t\t\t\t\t<img decoding=\"async\" src=\"https:\/\/traveldent.me\/wp-content\/uploads\/2023\/05\/clinics_it.png\" title=\"clinics_it\" alt=\"clinics_it\" loading=\"lazy\" \/>\t\t\t\t\t\t\t\t\t\t\t\t\t\t\t<\/div>\n\t\t\t\t<\/div>\n\t\t\t\t<div class=\"elementor-element elementor-element-cff4c1d elementor-posts__hover-none elementor-grid-3 elementor-grid-tablet-2 elementor-grid-mobile-1 elementor-posts--thumbnail-top elementor-card-shadow-yes elementor-widget elementor-widget-posts\" data-id=\"cff4c1d\" data-element_type=\"widget\" data-settings=\"{&quot;pagination_type&quot;:&quot;load_more_infinite_scroll&quot;,&quot;cards_columns&quot;:&quot;3&quot;,&quot;cards_columns_tablet&quot;:&quot;2&quot;,&quot;cards_columns_mobile&quot;:&quot;1&quot;,&quot;cards_row_gap&quot;:{&quot;unit&quot;:&quot;px&quot;,&quot;size&quot;:35,&quot;sizes&quot;:[]},&quot;cards_row_gap_tablet&quot;:{&quot;unit&quot;:&quot;px&quot;,&quot;size&quot;:&quot;&quot;,&quot;sizes&quot;:[]},&quot;cards_row_gap_mobile&quot;:{&quot;unit&quot;:&quot;px&quot;,&quot;size&quot;:&quot;&quot;,&quot;sizes&quot;:[]},&quot;load_more_spinner&quot;:{&quot;value&quot;:&quot;fas fa-spinner&quot;,&quot;library&quot;:&quot;fa-solid&quot;}}\" data-widget_type=\"posts.cards\">\n\t\t\t\t<div class=\"elementor-widget-container\">\n\t\t\t\t\t\t\t<div class=\"elementor-posts-container elementor-posts elementor-posts--skin-cards elementor-grid\" role=\"list\">\n\t\t\t\t<article class=\"elementor-post elementor-grid-item post-13171 listing type-listing status-publish has-post-thumbnail hentry listing_category-cliniche-dentali listing_category-diagnostica-e-odontoiatria-generale listing_category-endodonzia listing_category-implantologia listing_category-odontoiatria-laser-e-salute-orale listing_category-ortodonzia listing_category-protesi-dentaria region-bitola-it\" role=\"listitem\">\n\t\t\t<div class=\"elementor-post__card\">\n\t\t\t\t<a class=\"elementor-post__thumbnail__link\" href=\"https:\/\/traveldent.me\/it\/listing\/smile-design-policlinico-odontoiatrico\/\" tabindex=\"-1\" ><div class=\"elementor-post__thumbnail\"><img decoding=\"async\" width=\"428\" height=\"394\" src=\"https:\/\/traveldent.me\/wp-content\/uploads\/2023\/02\/Sm-featured.jpg\" class=\"attachment-large size-large wp-image-7512\" alt=\"\" srcset=\"https:\/\/traveldent.me\/wp-content\/uploads\/2023\/02\/Sm-featured.jpg 428w, https:\/\/traveldent.me\/wp-content\/uploads\/2023\/02\/Sm-featured-300x276.jpg 300w\" sizes=\"(max-width: 428px) 100vw, 428px\" \/><\/div><\/a>\n\t\t\t\t<div class=\"elementor-post__text\">\n\t\t\t\t<h3 class=\"elementor-post__title\">\n\t\t\t<a href=\"https:\/\/traveldent.me\/it\/listing\/smile-design-policlinico-odontoiatrico\/\" >\n\t\t\t\tSmile &amp; DesigN <br>Policlinico odontoiatrico\t\t\t<\/a>\n\t\t<\/h3>\n\t\t\t\t<\/div>\n\t\t\t\t\t<\/div>\n\t\t<\/article>\n\t\t\t\t<article class=\"elementor-post elementor-grid-item post-12474 listing type-listing status-publish has-post-thumbnail hentry listing_category-cliniche-dentali listing_category-diagnostica-e-odontoiatria-generale listing_category-endodonzia listing_category-implantologia listing_category-odontoiatria-laser-e-salute-orale listing_category-protesi-dentaria region-skopje-it\" role=\"listitem\">\n\t\t\t<div class=\"elementor-post__card\">\n\t\t\t\t<a class=\"elementor-post__thumbnail__link\" href=\"https:\/\/traveldent.me\/it\/listing\/dentissimo-aesthetic-clinica-dentale\/\" tabindex=\"-1\" ><div class=\"elementor-post__thumbnail\"><img decoding=\"async\" width=\"428\" height=\"394\" src=\"https:\/\/traveldent.me\/wp-content\/uploads\/2023\/02\/dentisimo-featured.jpg\" class=\"attachment-large size-large wp-image-11741\" alt=\"\" srcset=\"https:\/\/traveldent.me\/wp-content\/uploads\/2023\/02\/dentisimo-featured.jpg 428w, https:\/\/traveldent.me\/wp-content\/uploads\/2023\/02\/dentisimo-featured-300x276.jpg 300w\" sizes=\"(max-width: 428px) 100vw, 428px\" \/><\/div><\/a>\n\t\t\t\t<div class=\"elementor-post__text\">\n\t\t\t\t<h3 class=\"elementor-post__title\">\n\t\t\t<a href=\"https:\/\/traveldent.me\/it\/listing\/dentissimo-aesthetic-clinica-dentale\/\" >\n\t\t\t\tDentissimo Aesthetic <br>Clinica dentale\t\t\t<\/a>\n\t\t<\/h3>\n\t\t\t\t<\/div>\n\t\t\t\t\t<\/div>\n\t\t<\/article>\n\t\t\t\t<article class=\"elementor-post elementor-grid-item post-43135 listing type-listing status-publish hentry listing_category-cliniche-dentali listing_category-diagnostica-e-odontoiatria-generale listing_category-endodonzia listing_category-implantologia listing_category-odontoiatria-laser-e-salute-orale listing_category-protesi-dentaria region-gevgelija\" role=\"listitem\">\n\t\t\t<div class=\"elementor-post__card\">\n\t\t\t\t<div class=\"elementor-post__text\">\n\t\t\t\t<h3 class=\"elementor-post__title\">\n\t\t\t<a href=\"https:\/\/traveldent.me\/it\/listing\/denticija-clinica-dentale\/\" >\n\t\t\t\tDenticija <br>Clinica dentale\t\t\t<\/a>\n\t\t<\/h3>\n\t\t\t\t<\/div>\n\t\t\t\t\t<\/div>\n\t\t<\/article>\n\t\t\t\t<article class=\"elementor-post elementor-grid-item post-12467 listing type-listing status-publish has-post-thumbnail hentry listing_category-cliniche-dentali listing_category-diagnostica-e-odontoiatria-generale listing_category-endodonzia listing_category-estetica-facciale listing_category-implantologia listing_category-odontoiatria-laser-e-salute-orale listing_category-ortodonzia listing_category-protesi-dentaria region-skopje-it\" role=\"listitem\">\n\t\t\t<div class=\"elementor-post__card\">\n\t\t\t\t<a class=\"elementor-post__thumbnail__link\" href=\"https:\/\/traveldent.me\/it\/listing\/mediana-medikal-clinica-dentale\/\" tabindex=\"-1\" ><div class=\"elementor-post__thumbnail\"><img loading=\"lazy\" decoding=\"async\" width=\"428\" height=\"394\" src=\"https:\/\/traveldent.me\/wp-content\/uploads\/2023\/02\/logo-3.jpg\" class=\"attachment-large size-large wp-image-9797\" alt=\"\" srcset=\"https:\/\/traveldent.me\/wp-content\/uploads\/2023\/02\/logo-3.jpg 428w, https:\/\/traveldent.me\/wp-content\/uploads\/2023\/02\/logo-3-300x276.jpg 300w\" sizes=\"(max-width: 428px) 100vw, 428px\" \/><\/div><\/a>\n\t\t\t\t<div class=\"elementor-post__text\">\n\t\t\t\t<h3 class=\"elementor-post__title\">\n\t\t\t<a href=\"https:\/\/traveldent.me\/it\/listing\/mediana-medikal-clinica-dentale\/\" >\n\t\t\t\tMediana Medikal<br> Clinica dentale\t\t\t<\/a>\n\t\t<\/h3>\n\t\t\t\t<\/div>\n\t\t\t\t\t<\/div>\n\t\t<\/article>\n\t\t\t\t<article class=\"elementor-post elementor-grid-item post-12695 listing type-listing status-publish has-post-thumbnail hentry listing_category-cliniche-dentali listing_category-diagnostica-e-odontoiatria-generale listing_category-endodonzia listing_category-implantologia listing_category-odontoiatria-laser-e-salute-orale listing_category-ortodonzia listing_category-protesi-dentaria region-bitola-it\" role=\"listitem\">\n\t\t\t<div class=\"elementor-post__card\">\n\t\t\t\t<a class=\"elementor-post__thumbnail__link\" href=\"https:\/\/traveldent.me\/it\/listing\/maksident-vrshkovski-studio-dentistico-e-implantare\/\" tabindex=\"-1\" ><div class=\"elementor-post__thumbnail\"><img loading=\"lazy\" decoding=\"async\" width=\"428\" height=\"394\" src=\"https:\/\/traveldent.me\/wp-content\/uploads\/2023\/02\/MV-logo.jpg\" class=\"attachment-large size-large wp-image-7320\" alt=\"\" srcset=\"https:\/\/traveldent.me\/wp-content\/uploads\/2023\/02\/MV-logo.jpg 428w, https:\/\/traveldent.me\/wp-content\/uploads\/2023\/02\/MV-logo-300x276.jpg 300w\" sizes=\"(max-width: 428px) 100vw, 428px\" \/><\/div><\/a>\n\t\t\t\t<div class=\"elementor-post__text\">\n\t\t\t\t<h3 class=\"elementor-post__title\">\n\t\t\t<a href=\"https:\/\/traveldent.me\/it\/listing\/maksident-vrshkovski-studio-dentistico-e-implantare\/\" >\n\t\t\t\tMaksident Vrshkovski <br>Studio dentistico e implantare\t\t\t<\/a>\n\t\t<\/h3>\n\t\t\t\t<\/div>\n\t\t\t\t\t<\/div>\n\t\t<\/article>\n\t\t\t\t<article class=\"elementor-post elementor-grid-item post-12492 listing type-listing status-publish has-post-thumbnail hentry listing_category-cliniche-dentali listing_category-diagnostica-e-odontoiatria-generale listing_category-endodonzia listing_category-estetica-facciale listing_category-implantologia listing_category-odontoiatria-laser-e-salute-orale listing_category-protesi-dentaria region-bitola-it\" role=\"listitem\">\n\t\t\t<div class=\"elementor-post__card\">\n\t\t\t\t<a class=\"elementor-post__thumbnail__link\" href=\"https:\/\/traveldent.me\/it\/listing\/d-r-krtolica-centro-di-odontoiatria-estetica\/\" tabindex=\"-1\" ><div class=\"elementor-post__thumbnail\"><img loading=\"lazy\" decoding=\"async\" width=\"428\" height=\"394\" src=\"https:\/\/traveldent.me\/wp-content\/uploads\/2023\/02\/logo1.jpg\" class=\"attachment-large size-large wp-image-8499\" alt=\"\" srcset=\"https:\/\/traveldent.me\/wp-content\/uploads\/2023\/02\/logo1.jpg 428w, https:\/\/traveldent.me\/wp-content\/uploads\/2023\/02\/logo1-300x276.jpg 300w\" sizes=\"(max-width: 428px) 100vw, 428px\" \/><\/div><\/a>\n\t\t\t\t<div class=\"elementor-post__text\">\n\t\t\t\t<h3 class=\"elementor-post__title\">\n\t\t\t<a href=\"https:\/\/traveldent.me\/it\/listing\/d-r-krtolica-centro-di-odontoiatria-estetica\/\" >\n\t\t\t\tD-r Krtolica <br> Centro di odontoiatria estetica\t\t\t<\/a>\n\t\t<\/h3>\n\t\t\t\t<\/div>\n\t\t\t\t\t<\/div>\n\t\t<\/article>\n\t\t\t\t<article class=\"elementor-post elementor-grid-item post-14372 listing type-listing status-publish has-post-thumbnail hentry listing_category-cliniche-dentali listing_category-diagnostica-e-odontoiatria-generale listing_category-endodonzia listing_category-estetica-facciale listing_category-implantologia listing_category-odontoiatria-laser-e-salute-orale listing_category-ortodonzia listing_category-protesi-dentaria region-skopje-it\" role=\"listitem\">\n\t\t\t<div class=\"elementor-post__card\">\n\t\t\t\t<a class=\"elementor-post__thumbnail__link\" href=\"https:\/\/traveldent.me\/it\/listing\/dento-medikal-clinica-dentale-e-laboratorio-medico\/\" tabindex=\"-1\" ><div class=\"elementor-post__thumbnail\"><img loading=\"lazy\" decoding=\"async\" width=\"428\" height=\"394\" src=\"https:\/\/traveldent.me\/wp-content\/uploads\/2023\/02\/FPDM.jpg\" class=\"attachment-large size-large wp-image-8706\" alt=\"\" srcset=\"https:\/\/traveldent.me\/wp-content\/uploads\/2023\/02\/FPDM.jpg 428w, https:\/\/traveldent.me\/wp-content\/uploads\/2023\/02\/FPDM-300x276.jpg 300w\" sizes=\"(max-width: 428px) 100vw, 428px\" \/><\/div><\/a>\n\t\t\t\t<div class=\"elementor-post__text\">\n\t\t\t\t<h3 class=\"elementor-post__title\">\n\t\t\t<a href=\"https:\/\/traveldent.me\/it\/listing\/dento-medikal-clinica-dentale-e-laboratorio-medico\/\" >\n\t\t\t\tDento Medikal <br> Clinica dentale e laboratorio medico\t\t\t<\/a>\n\t\t<\/h3>\n\t\t\t\t<\/div>\n\t\t\t\t\t<\/div>\n\t\t<\/article>\n\t\t\t\t<\/div>\n\t\t\t\t\t<span class=\"e-load-more-spinner\">\n\t\t\t\t<i aria-hidden=\"true\" class=\"fas fa-spinner\"><\/i>\t\t\t<\/span>\n\t\t\n\t\t\t\t\t\t<\/div>\n\t\t\t\t<\/div>\n\t\t\t\t\t<\/div>\n\t\t<\/div>\n\t\t\t\t\t<\/div>\n\t\t<\/section>\n\t\t\t\t<\/div>\n\t\t<\/div>\n\t\t\t\t\t\t<\/div>\n\t\t\t\t<\/div>\n\t\t\t\t\t<\/div>\n\t\t<\/div>\n\t\t\t\t\t<\/div>\n\t\t<\/section>\n\t\t<div class=\"elementor-element elementor-element-6b93b45 e-flex e-con-boxed e-con e-parent\" data-id=\"6b93b45\" data-element_type=\"container\">\n\t\t\t\t\t<div class=\"e-con-inner\">\n\t\t\t\t<div class=\"elementor-element elementor-element-f4901fa elementor-hidden-desktop elementor-hidden-tablet elementor-hidden-mobile elementor-widget elementor-widget-image\" data-id=\"f4901fa\" data-element_type=\"widget\" data-widget_type=\"image.default\">\n\t\t\t\t<div class=\"elementor-widget-container\">\n\t\t\t\t\t\t\t\t\t\t\t\t\t\t\t<img loading=\"lazy\" decoding=\"async\" width=\"760\" height=\"147\" src=\"https:\/\/traveldent.me\/wp-content\/uploads\/2024\/03\/Parno-1024x198.jpg\" class=\"attachment-large size-large wp-image-14407\" alt=\"Estetica del viso\" srcset=\"https:\/\/traveldent.me\/wp-content\/uploads\/2024\/03\/Parno-1024x198.jpg 1024w, https:\/\/traveldent.me\/wp-content\/uploads\/2024\/03\/Parno-300x58.jpg 300w, https:\/\/traveldent.me\/wp-content\/uploads\/2024\/03\/Parno-768x149.jpg 768w, https:\/\/traveldent.me\/wp-content\/uploads\/2024\/03\/Parno-1536x297.jpg 1536w, https:\/\/traveldent.me\/wp-content\/uploads\/2024\/03\/Parno-590x114.jpg 590w, https:\/\/traveldent.me\/wp-content\/uploads\/2024\/03\/Parno-1200x232.jpg 1200w, https:\/\/traveldent.me\/wp-content\/uploads\/2024\/03\/Parno-577x112.jpg 577w, https:\/\/traveldent.me\/wp-content\/uploads\/2024\/03\/Parno-600x116.jpg 600w, https:\/\/traveldent.me\/wp-content\/uploads\/2024\/03\/Parno.jpg 1607w\" sizes=\"(max-width: 760px) 100vw, 760px\" \/>\t\t\t\t\t\t\t\t\t\t\t\t\t\t\t<\/div>\n\t\t\t\t<\/div>\n\t\t\t\t<div class=\"elementor-element elementor-element-97d1e13 elementor-hidden-desktop elementor-hidden-tablet elementor-hidden-mobile elementor-widget elementor-widget-text-editor\" data-id=\"97d1e13\" data-element_type=\"widget\" data-widget_type=\"text-editor.default\">\n\t\t\t\t<div class=\"elementor-widget-container\">\n\t\t\t\t\t\t\t\t\t<h5><b><mark><span style=\"vertical-align: inherit;\"><span style=\"vertical-align: inherit;\"><span style=\"vertical-align: inherit;\"><span style=\"vertical-align: inherit;\"><span style=\"vertical-align: inherit;\"><span style=\"vertical-align: inherit;\"><span style=\"vertical-align: inherit;\"><span style=\"vertical-align: inherit;\">Facial aesthetics<\/span><\/span><\/span><\/span><\/span><\/span><\/span><\/span><\/mark><\/b><\/h5><pre><b><mark><span style=\"vertical-align: inherit;\"><span style=\"vertical-align: inherit;\"><span style=\"vertical-align: inherit;\"><span style=\"vertical-align: inherit;\"><span style=\"vertical-align: inherit;\"><span style=\"vertical-align: inherit;\"><span style=\"vertical-align: inherit;\"><span style=\"vertical-align: inherit;\">Facial aesthetics<br \/><\/span><\/span><\/span><\/span><\/span><\/span><\/span><\/span><\/mark><\/b><\/pre><pre>Estetica del viso<\/pre><pre><b><mark><span style=\"vertical-align: inherit;\"><span style=\"vertical-align: inherit;\"><span style=\"vertical-align: inherit;\"><span style=\"vertical-align: inherit;\"><span style=\"vertical-align: inherit;\"><span style=\"vertical-align: inherit;\"><span style=\"vertical-align: inherit;\"><span style=\"vertical-align: inherit;\">\u00a0<\/span><\/span><\/span><\/span><\/span><\/span><\/span><\/span><\/mark><\/b><\/pre>\t\t\t\t\t\t\t\t<\/div>\n\t\t\t\t<\/div>\n\t\t\t\t\t<\/div>\n\t\t\t\t<\/div>\n\t\t\t\t<\/div>\n\t\t","protected":false},"excerpt":{"rendered":"<p>Se avete mai desiderato di attenuare le piccole rughe di preoccupazione sulla fronte o le rughe di risata intorno alla bocca, potreste aver preso in<\/p>\n","protected":false},"author":1,"featured_media":0,"parent":12555,"menu_order":0,"comment_status":"closed","ping_status":"closed","template":"","meta":{"footnotes":""},"class_list":["post-12740","page","type-page","status-publish","hentry"],"_links":{"self":[{"href":"https:\/\/traveldent.me\/it\/wp-json\/wp\/v2\/pages\/12740","targetHints":{"allow":["GET"]}}],"collection":[{"href":"https:\/\/traveldent.me\/it\/wp-json\/wp\/v2\/pages"}],"about":[{"href":"https:\/\/traveldent.me\/it\/wp-json\/wp\/v2\/types\/page"}],"author":[{"embeddable":true,"href":"https:\/\/traveldent.me\/it\/wp-json\/wp\/v2\/users\/1"}],"replies":[{"embeddable":true,"href":"https:\/\/traveldent.me\/it\/wp-json\/wp\/v2\/comments?post=12740"}],"version-history":[{"count":0,"href":"https:\/\/traveldent.me\/it\/wp-json\/wp\/v2\/pages\/12740\/revisions"}],"up":[{"embeddable":true,"href":"https:\/\/traveldent.me\/it\/wp-json\/wp\/v2\/pages\/12555"}],"wp:attachment":[{"href":"https:\/\/traveldent.me\/it\/wp-json\/wp\/v2\/media?parent=12740"}],"curies":[{"name":"wp","href":"https:\/\/api.w.org\/{rel}","templated":true}]}}