{"id":13169,"date":"2023-03-15T13:44:25","date_gmt":"2023-03-15T12:44:25","guid":{"rendered":"https:\/\/traveldent.me\/zahnaerztliche-dienstleistungen\/prothetik\/"},"modified":"2024-03-13T17:12:01","modified_gmt":"2024-03-13T16:12:01","slug":"prothetik","status":"publish","type":"page","link":"https:\/\/traveldent.me\/de\/zahnaerztliche-dienstleistungen\/prothetik\/","title":{"rendered":"Prothetik"},"content":{"rendered":"\t\t<div data-elementor-type=\"wp-page\" data-elementor-id=\"13169\" class=\"elementor elementor-13169 elementor-1916\" data-elementor-post-type=\"page\">\n\t\t\t\t\t\t<section class=\"elementor-section elementor-top-section elementor-element elementor-element-38ff1595 elementor-section-boxed elementor-section-height-default elementor-section-height-default\" data-id=\"38ff1595\" data-element_type=\"section\">\n\t\t\t\t\t\t<div class=\"elementor-container elementor-column-gap-default\">\n\t\t\t\t\t<div class=\"elementor-column elementor-col-50 elementor-top-column elementor-element elementor-element-25bf54f5\" data-id=\"25bf54f5\" data-element_type=\"column\">\n\t\t\t<div class=\"elementor-widget-wrap elementor-element-populated\">\n\t\t\t\t\t\t<div class=\"elementor-element elementor-element-454bdae elementor-widget elementor-widget-heading\" data-id=\"454bdae\" data-element_type=\"widget\" data-widget_type=\"heading.default\">\n\t\t\t\t<div class=\"elementor-widget-container\">\n\t\t\t\t\t<h1 class=\"elementor-heading-title elementor-size-default\">Prothetik<\/h1>\t\t\t\t<\/div>\n\t\t\t\t<\/div>\n\t\t\t\t<div class=\"elementor-element elementor-element-6c97192 elementor-widget elementor-widget-text-editor\" data-id=\"6c97192\" data-element_type=\"widget\" data-widget_type=\"text-editor.default\">\n\t\t\t\t<div class=\"elementor-widget-container\">\n\t\t\t\t\t\t\t\t\t<h2>Was ist Prothetik?<\/h2>\n<p><a href=\"https:\/\/en.wikipedia.org\/wiki\/Prosthodontics\">Die Prothetik<\/a> ist ein Spezialgebiet der Zahnheilkunde, das sich auf die Wiederherstellung und Verbesserung der oralen Gesundheit, Funktion und \u00c4sthetik von Patienten mit fehlenden oder besch\u00e4digten Z\u00e4hnen, Kieferstrukturen oder oralen Geweben konzentriert. Prothetiker sind hochqualifizierte Zahnspezialisten mit Fachwissen in der Diagnose, Planung und Bereitstellung umfassender L\u00f6sungen f\u00fcr ein breites Spektrum von Zahn- und Gesichtsproblemen. Zahn\u00e4rzte f\u00fcr Prothetik arbeiten eng mit anderen Fach\u00e4rzten, wie Kieferchirurgen und Kieferorthop\u00e4den, zusammen, um komplexe F\u00e4lle zu behandeln, die eine vollst\u00e4ndige Rehabilitation des Mundes oder umfangreiche rekonstruktive Eingriffe erfordern. Ihr Fachwissen erstreckt sich auf die Behandlung von Erkrankungen wie Kiefergelenksbeschwerden und Schlafapnoe durch die Entwicklung spezieller oraler Ger\u00e4te.<\/p>\n\t\t\t\t\t\t\t\t<\/div>\n\t\t\t\t<\/div>\n\t\t\t\t\t<\/div>\n\t\t<\/div>\n\t\t\t\t<div class=\"elementor-column elementor-col-50 elementor-top-column elementor-element elementor-element-44c862e\" data-id=\"44c862e\" data-element_type=\"column\">\n\t\t\t<div class=\"elementor-widget-wrap elementor-element-populated\">\n\t\t\t\t\t\t<div class=\"elementor-element elementor-element-13b6806 elementor-widget elementor-widget-image\" data-id=\"13b6806\" data-element_type=\"widget\" data-widget_type=\"image.default\">\n\t\t\t\t<div class=\"elementor-widget-container\">\n\t\t\t\t\t\t\t\t\t\t\t\t\t\t\t<img fetchpriority=\"high\" decoding=\"async\" width=\"1000\" height=\"839\" src=\"https:\/\/traveldent.me\/wp-content\/uploads\/2023\/05\/b3702d0555d60c8e75efae5b706a876e14.webp\" class=\"attachment-full size-full wp-image-6664\" alt=\"\" srcset=\"https:\/\/traveldent.me\/wp-content\/uploads\/2023\/05\/b3702d0555d60c8e75efae5b706a876e14.webp 1000w, https:\/\/traveldent.me\/wp-content\/uploads\/2023\/05\/b3702d0555d60c8e75efae5b706a876e14-300x252.webp 300w, https:\/\/traveldent.me\/wp-content\/uploads\/2023\/05\/b3702d0555d60c8e75efae5b706a876e14-768x644.webp 768w, https:\/\/traveldent.me\/wp-content\/uploads\/2023\/05\/b3702d0555d60c8e75efae5b706a876e14-590x495.webp 590w, https:\/\/traveldent.me\/wp-content\/uploads\/2023\/05\/b3702d0555d60c8e75efae5b706a876e14-799x670.webp 799w, https:\/\/traveldent.me\/wp-content\/uploads\/2023\/05\/b3702d0555d60c8e75efae5b706a876e14-577x484.webp 577w, https:\/\/traveldent.me\/wp-content\/uploads\/2023\/05\/b3702d0555d60c8e75efae5b706a876e14-600x503.webp 600w\" sizes=\"(max-width: 1000px) 100vw, 1000px\" \/>\t\t\t\t\t\t\t\t\t\t\t\t\t\t\t<\/div>\n\t\t\t\t<\/div>\n\t\t\t\t<div class=\"elementor-element elementor-element-3cb181d elementor-widget elementor-widget-heading\" data-id=\"3cb181d\" data-element_type=\"widget\" data-widget_type=\"heading.default\">\n\t\t\t\t<div class=\"elementor-widget-container\">\n\t\t\t\t\t<h3 class=\"elementor-heading-title elementor-size-default\">Prothetik DIENSTLEISTUNGEN<\/h3>\t\t\t\t<\/div>\n\t\t\t\t<\/div>\n\t\t\t\t<div class=\"elementor-element elementor-element-c70e770 elementor-widget elementor-widget-text-editor\" data-id=\"c70e770\" data-element_type=\"widget\" data-widget_type=\"text-editor.default\">\n\t\t\t\t<div class=\"elementor-widget-container\">\n\t\t\t\t\t\t\t\t\t<ul>\n<li>Zirkonkrone<\/li>\n<li>PFM-Krone<\/li>\n<li>Br\u00fccken<\/li>\n<li>Gebiss<\/li>\n<li>Veneers<\/li>\n<\/ul>\n\t\t\t\t\t\t\t\t<\/div>\n\t\t\t\t<\/div>\n\t\t\t\t\t<\/div>\n\t\t<\/div>\n\t\t\t\t\t<\/div>\n\t\t<\/section>\n\t\t<div class=\"elementor-element elementor-element-7a9d1a5 e-flex e-con-boxed e-con e-parent\" data-id=\"7a9d1a5\" data-element_type=\"container\">\n\t\t\t\t\t<div class=\"e-con-inner\">\n\t\t\t\t<div class=\"elementor-element elementor-element-3639944 elementor-widget elementor-widget-text-editor\" data-id=\"3639944\" data-element_type=\"widget\" data-widget_type=\"text-editor.default\">\n\t\t\t\t<div class=\"elementor-widget-container\">\n\t\t\t\t\t\t\t\t\t<h2>Entdecken Sie hochwertige prothetische Dienstleistungen in Nordmazedonien<\/h2>\n<p>Sind Sie auf der Suche nach erstklassigen prothetischen Leistungen an einem malerischen und erschwinglichen Ort? Dann sind Sie in Nordmakedonien genau richtig. Die Prothetik ist ein Spezialgebiet der Zahnmedizin, das sich auf die Wiederherstellung und Verbesserung Ihres L\u00e4chelns und Ihrer Mundgesundheit konzentriert. Nordmazedonien bietet mit seinen qualifizierten Prothetikern und atemberaubenden Landschaften die perfekte Mischung aus au\u00dfergew\u00f6hnlicher zahnmedizinischer Versorgung und unvergesslichen Reiseerlebnissen.<\/p>\n<h3>Warum sollten Sie sich f\u00fcr die Prothetik in Nord-Mazedonien entscheiden?<\/h3>\n<ol>\n<li>\n<p><strong>Fachwissen:<\/strong> North Macedonia verf\u00fcgt \u00fcber ein Team hochqualifizierter Prothetiker, die sich auf die Anfertigung von individuellem Zahnersatz spezialisiert haben. Sie sind mit den neuesten Techniken und Technologien ausgestattet, um optimale Ergebnisse zu erzielen.<\/p>\n<\/li>\n<li>\n<p><strong>Kosteng\u00fcnstig<\/strong>: Die prothetischen Verfahren in Nordmazedonien sind nicht nur von hervorragender Qualit\u00e4t, sondern auch deutlich preiswerter als in vielen westlichen L\u00e4ndern. Diese Erschwinglichkeit macht Nordmazedonien zu einer attraktiven Option f\u00fcr Zahntouristen.<\/p>\n<\/li>\n<li>\n<p><strong>Hochmoderne Einrichtungen<\/strong>: Die prothetischen Kliniken in Nordmazedonien sind mit modernster Technik ausgestattet, um den Patienten eine erstklassige zahnmedizinische Versorgung zu gew\u00e4hrleisten.<\/p>\n<\/li>\n<li>\n<p><strong>Sch\u00f6ne Landschaften<\/strong>: Jenseits des Zahnarztstuhls bietet Nordmazedonien atemberaubende Natursch\u00f6nheiten. Erkunden Sie die ruhigen Seen, die malerischen Berge und die historischen St\u00e4dte, w\u00e4hrend Sie sich von Ihren prothetischen Behandlungen erholen.<\/p>\n<\/li>\n<li>\n<p><strong>Kulturelle Reicht\u00fcmer<\/strong>: Tauchen Sie ein in die reiche Geschichte, die lebendige Kultur und die k\u00f6stliche K\u00fcche Nordmazedoniens. Entdecken Sie das alte Erbe und die Herzlichkeit der Einheimischen.<\/p>\n<\/li>\n<\/ol>\n<h3>Prosthodontische Dienstleistungen in Nordmazedonien<\/h3>\n<ol>\n<li>\n<p><strong>Zahnimplantate<\/strong>: Stellen Sie fehlende Z\u00e4hne mit nat\u00fcrlich aussehenden Zahnimplantaten wieder her, die Haltbarkeit und Funktionalit\u00e4t bieten.<\/p>\n<\/li>\n<li>\n<p><strong>Zahnersatz<\/strong>: Ersetzen Sie fehlende Z\u00e4hne durch komfortable und individuell angepasste Prothesen, um das volle Potenzial Ihres L\u00e4chelns wiederzuerlangen.<\/p>\n<\/li>\n<li>\n<p><strong>Kronen und Br\u00fccken<\/strong>: Verbessern Sie das Aussehen und die Funktionalit\u00e4t von besch\u00e4digten oder fehlenden Z\u00e4hnen mit hochwertigen Kronen und Br\u00fccken.<\/p>\n<\/li>\n<li>\n<p><strong>Veneers<\/strong>: Erzielen Sie ein strahlendes L\u00e4cheln mit individuell angefertigten Veneers, die Unvollkommenheiten und Verf\u00e4rbungen kaschieren.<\/p>\n<\/li>\n<li>\n<p><strong>Vollst\u00e4ndige Rehabilitation des Mundes<\/strong>: F\u00fcr komplexe F\u00e4lle bieten die Prothetiker von North Macedonia umfassende L\u00f6sungen zur Wiederherstellung Ihrer Mundgesundheit.<\/p>\n<\/li>\n<\/ol>\n<p><strong>Warum North Macedonia f\u00fcr Ihre prothetischen Bed\u00fcrfnisse w\u00e4hlen?<\/strong><\/p>\n<ul>\n<li>\n<p><strong>Qualit\u00e4t<\/strong>: Zahn\u00e4rzte f\u00fcr Prothetik in Nord-Mazedonien sind bestrebt, eine qualitativ hochwertige zahn\u00e4rztliche Versorgung zu bieten, um Ihre Zufriedenheit und langfristige Mundgesundheit zu gew\u00e4hrleisten.<\/p>\n<\/li>\n<li>\n<p><strong>Erschwinglichkeit<\/strong>: Erhebliche Einsparungen bei prothetischen Eingriffen machen sie zu einer kosteng\u00fcnstigen Option f\u00fcr grundlegende und fortgeschrittene Zahnbehandlungen.<\/p>\n<\/li>\n<li>\n<p><strong>Atemberaubendes Reiseziel<\/strong>: Genie\u00dfen Sie Ihre Zahnreise mit den malerischen Landschaften, der reichen Kultur und der herzlichen Gastfreundschaft, die Nordmazedonien zu bieten hat.<\/p>\n<\/li>\n<li>\n<p><strong>Fachkundige Beratung<\/strong>: Engagierte Fachleute f\u00fchren Sie durch den gesamten Prozess und sorgen f\u00fcr einen reibungslosen Ablauf des Zahntourismus.<\/p>\n<\/li>\n<\/ul>\n<p>Sind Sie bereit, eine au\u00dfergew\u00f6hnliche prothetische Versorgung an einem sch\u00f6nen, kosteng\u00fcnstigen Ort zu erleben? Entscheiden Sie sich f\u00fcr North Macedonia und gestalten Sie Ihr L\u00e4cheln mit erfahrenen Spezialisten, die die Kunst und Wissenschaft der Wiederherstellung Ihrer Mundgesundheit verstehen. Kontaktieren Sie unser <a href=\"https:\/\/traveldent.me\/de\/kontakt\/\">Team<\/a> noch heute, um Ihre Reise zu einem strahlenderen, ges\u00fcnderen L\u00e4cheln zu beginnen.<\/p>\n\t\t\t\t\t\t\t\t<\/div>\n\t\t\t\t<\/div>\n\t\t\t\t\t<\/div>\n\t\t\t\t<\/div>\n\t\t<div class=\"elementor-element elementor-element-1a322b2 e-flex e-con-boxed e-con e-parent\" data-id=\"1a322b2\" data-element_type=\"container\">\n\t\t\t\t\t<div class=\"e-con-inner\">\n\t\t\t\t<div class=\"elementor-element elementor-element-a7b5e89 elementor-widget elementor-widget-image\" data-id=\"a7b5e89\" data-element_type=\"widget\" data-widget_type=\"image.default\">\n\t\t\t\t<div class=\"elementor-widget-container\">\n\t\t\t\t\t\t\t\t\t\t\t\t\t\t\t<img decoding=\"async\" width=\"760\" height=\"507\" src=\"https:\/\/traveldent.me\/wp-content\/uploads\/2023\/10\/Prosthodontics-1024x683.jpg\" class=\"attachment-large size-large wp-image-13153\" alt=\"Prosthodontics\" srcset=\"https:\/\/traveldent.me\/wp-content\/uploads\/2023\/10\/Prosthodontics-1024x683.jpg 1024w, https:\/\/traveldent.me\/wp-content\/uploads\/2023\/10\/Prosthodontics-300x200.jpg 300w, https:\/\/traveldent.me\/wp-content\/uploads\/2023\/10\/Prosthodontics-768x512.jpg 768w, https:\/\/traveldent.me\/wp-content\/uploads\/2023\/10\/Prosthodontics-1536x1024.jpg 1536w, https:\/\/traveldent.me\/wp-content\/uploads\/2023\/10\/Prosthodontics-2048x1365.jpg 2048w, https:\/\/traveldent.me\/wp-content\/uploads\/2023\/10\/Prosthodontics-590x393.jpg 590w, https:\/\/traveldent.me\/wp-content\/uploads\/2023\/10\/Prosthodontics-1005x670.jpg 1005w, https:\/\/traveldent.me\/wp-content\/uploads\/2023\/10\/Prosthodontics-577x385.jpg 577w, https:\/\/traveldent.me\/wp-content\/uploads\/2023\/10\/Prosthodontics-1200x800.jpg 1200w, https:\/\/traveldent.me\/wp-content\/uploads\/2023\/10\/Prosthodontics-600x400.jpg 600w\" sizes=\"(max-width: 760px) 100vw, 760px\" \/>\t\t\t\t\t\t\t\t\t\t\t\t\t\t\t<\/div>\n\t\t\t\t<\/div>\n\t\t\t\t\t<\/div>\n\t\t\t\t<\/div>\n\t\t\t\t<section class=\"elementor-section elementor-top-section elementor-element elementor-element-2cc022d elementor-section-stretched elementor-section-boxed elementor-section-height-default elementor-section-height-default\" data-id=\"2cc022d\" data-element_type=\"section\" id=\"quotefront\" data-settings=\"{&quot;stretch_section&quot;:&quot;section-stretched&quot;,&quot;background_background&quot;:&quot;classic&quot;}\">\n\t\t\t\t\t\t<div class=\"elementor-container elementor-column-gap-default\">\n\t\t\t\t\t<div class=\"elementor-column elementor-col-100 elementor-top-column elementor-element elementor-element-5e5da98e\" data-id=\"5e5da98e\" data-element_type=\"column\">\n\t\t\t<div class=\"elementor-widget-wrap elementor-element-populated\">\n\t\t\t\t\t\t<div class=\"elementor-element elementor-element-da49cc1 elementor-widget elementor-widget-shortcode\" data-id=\"da49cc1\" data-element_type=\"widget\" data-widget_type=\"shortcode.default\">\n\t\t\t\t<div class=\"elementor-widget-container\">\n\t\t\t\t\t\t\t<div class=\"elementor-shortcode\">\t\t<div data-elementor-type=\"section\" data-elementor-id=\"12248\" class=\"elementor elementor-12248 elementor-1870\" data-elementor-post-type=\"elementor_library\">\n\t\t\t\t\t<section class=\"elementor-section elementor-top-section elementor-element elementor-element-72e35e22 elementor-section-stretched elementor-section-boxed elementor-section-height-default elementor-section-height-default\" data-id=\"72e35e22\" data-element_type=\"section\" id=\"quotefront\" data-settings=\"{&quot;stretch_section&quot;:&quot;section-stretched&quot;,&quot;background_background&quot;:&quot;classic&quot;}\">\n\t\t\t\t\t\t<div class=\"elementor-container elementor-column-gap-default\">\n\t\t\t\t\t<div class=\"elementor-column elementor-col-100 elementor-top-column elementor-element elementor-element-65d2068a\" data-id=\"65d2068a\" data-element_type=\"column\">\n\t\t\t<div class=\"elementor-widget-wrap elementor-element-populated\">\n\t\t\t\t\t\t<div class=\"elementor-element elementor-element-2d437916 elementor-widget elementor-widget-image\" data-id=\"2d437916\" data-element_type=\"widget\" data-widget_type=\"image.default\">\n\t\t\t\t<div class=\"elementor-widget-container\">\n\t\t\t\t\t\t\t\t\t\t\t\t\t\t\t<img decoding=\"async\" src=\"https:\/\/traveldent.me\/wp-content\/uploads\/2023\/09\/clinics_ge.png\" title=\"clinics_ge\" alt=\"clinics_ge\" loading=\"lazy\" \/>\t\t\t\t\t\t\t\t\t\t\t\t\t\t\t<\/div>\n\t\t\t\t<\/div>\n\t\t\t\t<div class=\"elementor-element elementor-element-cff4c1d elementor-posts__hover-none elementor-grid-3 elementor-grid-tablet-2 elementor-grid-mobile-1 elementor-posts--thumbnail-top elementor-card-shadow-yes elementor-widget elementor-widget-posts\" data-id=\"cff4c1d\" data-element_type=\"widget\" data-settings=\"{&quot;pagination_type&quot;:&quot;load_more_infinite_scroll&quot;,&quot;cards_columns&quot;:&quot;3&quot;,&quot;cards_columns_tablet&quot;:&quot;2&quot;,&quot;cards_columns_mobile&quot;:&quot;1&quot;,&quot;cards_row_gap&quot;:{&quot;unit&quot;:&quot;px&quot;,&quot;size&quot;:35,&quot;sizes&quot;:[]},&quot;cards_row_gap_tablet&quot;:{&quot;unit&quot;:&quot;px&quot;,&quot;size&quot;:&quot;&quot;,&quot;sizes&quot;:[]},&quot;cards_row_gap_mobile&quot;:{&quot;unit&quot;:&quot;px&quot;,&quot;size&quot;:&quot;&quot;,&quot;sizes&quot;:[]},&quot;load_more_spinner&quot;:{&quot;value&quot;:&quot;fas fa-spinner&quot;,&quot;library&quot;:&quot;fa-solid&quot;}}\" data-widget_type=\"posts.cards\">\n\t\t\t\t<div class=\"elementor-widget-container\">\n\t\t\t\t\t\t\t<div class=\"elementor-posts-container elementor-posts elementor-posts--skin-cards elementor-grid\" role=\"list\">\n\t\t\t\t<article class=\"elementor-post elementor-grid-item post-12661 listing type-listing status-publish has-post-thumbnail hentry listing_category-diagnostik-und-allgemeine-zahnmedizin listing_category-endodontie-de listing_category-implantologie listing_category-kieferorthopadie-de listing_category-laserzahnheilkunde-und-mundgesundheit listing_category-prothetik-de listing_category-zahnkliniken-de region-bitola-de\" role=\"listitem\">\n\t\t\t<div class=\"elementor-post__card\">\n\t\t\t\t<a class=\"elementor-post__thumbnail__link\" href=\"https:\/\/traveldent.me\/de\/listing\/smile-design-zahnaerztliche-poliklinik\/\" tabindex=\"-1\" ><div class=\"elementor-post__thumbnail\"><img decoding=\"async\" width=\"428\" height=\"394\" src=\"https:\/\/traveldent.me\/wp-content\/uploads\/2023\/02\/Sm-featured.jpg\" class=\"attachment-large size-large wp-image-7510\" alt=\"\" srcset=\"https:\/\/traveldent.me\/wp-content\/uploads\/2023\/02\/Sm-featured.jpg 428w, https:\/\/traveldent.me\/wp-content\/uploads\/2023\/02\/Sm-featured-300x276.jpg 300w\" sizes=\"(max-width: 428px) 100vw, 428px\" \/><\/div><\/a>\n\t\t\t\t<div class=\"elementor-post__text\">\n\t\t\t\t<h3 class=\"elementor-post__title\">\n\t\t\t<a href=\"https:\/\/traveldent.me\/de\/listing\/smile-design-zahnaerztliche-poliklinik\/\" >\n\t\t\t\tSmile &amp; DesigN <br>Zahn\u00e4rztliche Poliklinik\t\t\t<\/a>\n\t\t<\/h3>\n\t\t\t\t<\/div>\n\t\t\t\t\t<\/div>\n\t\t<\/article>\n\t\t\t\t<article class=\"elementor-post elementor-grid-item post-12457 listing type-listing status-publish has-post-thumbnail hentry listing_category-diagnostik-und-allgemeine-zahnmedizin listing_category-endodontie-de listing_category-gesichtsasthetik listing_category-implantologie listing_category-kieferorthopadie-de listing_category-laserzahnheilkunde-und-mundgesundheit listing_category-prothetik-de listing_category-zahnkliniken-de region-skopje-de\" role=\"listitem\">\n\t\t\t<div class=\"elementor-post__card\">\n\t\t\t\t<a class=\"elementor-post__thumbnail__link\" href=\"https:\/\/traveldent.me\/de\/listing\/mediana-medikal-dental-clinic\/\" tabindex=\"-1\" ><div class=\"elementor-post__thumbnail\"><img loading=\"lazy\" decoding=\"async\" width=\"428\" height=\"394\" src=\"https:\/\/traveldent.me\/wp-content\/uploads\/2023\/02\/logo-3.jpg\" class=\"attachment-large size-large wp-image-9795\" alt=\"\" srcset=\"https:\/\/traveldent.me\/wp-content\/uploads\/2023\/02\/logo-3.jpg 428w, https:\/\/traveldent.me\/wp-content\/uploads\/2023\/02\/logo-3-300x276.jpg 300w\" sizes=\"(max-width: 428px) 100vw, 428px\" \/><\/div><\/a>\n\t\t\t\t<div class=\"elementor-post__text\">\n\t\t\t\t<h3 class=\"elementor-post__title\">\n\t\t\t<a href=\"https:\/\/traveldent.me\/de\/listing\/mediana-medikal-dental-clinic\/\" >\n\t\t\t\tMediana Medikal<br> Dental Clinic\t\t\t<\/a>\n\t\t<\/h3>\n\t\t\t\t<\/div>\n\t\t\t\t\t<\/div>\n\t\t<\/article>\n\t\t\t\t<article class=\"elementor-post elementor-grid-item post-12170 listing type-listing status-publish has-post-thumbnail hentry listing_category-diagnostik-und-allgemeine-zahnmedizin listing_category-endodontie-de listing_category-implantologie listing_category-kieferorthopadie-de listing_category-laserzahnheilkunde-und-mundgesundheit listing_category-prothetik-de listing_category-zahnkliniken-de region-skopje-de\" role=\"listitem\">\n\t\t\t<div class=\"elementor-post__card\">\n\t\t\t\t<a class=\"elementor-post__thumbnail__link\" href=\"https:\/\/traveldent.me\/de\/listing\/eternadent-zentrum-fuer-zahngesundheit\/\" tabindex=\"-1\" ><div class=\"elementor-post__thumbnail\"><img loading=\"lazy\" decoding=\"async\" width=\"600\" height=\"200\" src=\"https:\/\/traveldent.me\/wp-content\/uploads\/2023\/02\/eterna.jpg\" class=\"attachment-large size-large wp-image-10269\" alt=\"\" srcset=\"https:\/\/traveldent.me\/wp-content\/uploads\/2023\/02\/eterna.jpg 600w, https:\/\/traveldent.me\/wp-content\/uploads\/2023\/02\/eterna-300x100.jpg 300w, https:\/\/traveldent.me\/wp-content\/uploads\/2023\/02\/eterna-590x197.jpg 590w, https:\/\/traveldent.me\/wp-content\/uploads\/2023\/02\/eterna-577x192.jpg 577w\" sizes=\"(max-width: 600px) 100vw, 600px\" \/><\/div><\/a>\n\t\t\t\t<div class=\"elementor-post__text\">\n\t\t\t\t<h3 class=\"elementor-post__title\">\n\t\t\t<a href=\"https:\/\/traveldent.me\/de\/listing\/eternadent-zentrum-fuer-zahngesundheit\/\" >\n\t\t\t\tETERNAdent<br> Zentrum f\u00fcr Zahngesundheit\t\t\t<\/a>\n\t\t<\/h3>\n\t\t\t\t<\/div>\n\t\t\t\t\t<\/div>\n\t\t<\/article>\n\t\t\t\t<article class=\"elementor-post elementor-grid-item post-12659 listing type-listing status-publish has-post-thumbnail hentry listing_category-diagnostik-und-allgemeine-zahnmedizin listing_category-endodontie-de listing_category-implantologie listing_category-kieferorthopadie-de listing_category-laserzahnheilkunde-und-mundgesundheit listing_category-prothetik-de listing_category-zahnkliniken-de region-skopje-de\" role=\"listitem\">\n\t\t\t<div class=\"elementor-post__card\">\n\t\t\t\t<a class=\"elementor-post__thumbnail__link\" href=\"https:\/\/traveldent.me\/de\/listing\/dr-margita-smileva-dental-clinic\/\" tabindex=\"-1\" ><div class=\"elementor-post__thumbnail\"><img loading=\"lazy\" decoding=\"async\" width=\"428\" height=\"394\" src=\"https:\/\/traveldent.me\/wp-content\/uploads\/2023\/02\/logo.jpg\" class=\"attachment-large size-large wp-image-9347\" alt=\"\" srcset=\"https:\/\/traveldent.me\/wp-content\/uploads\/2023\/02\/logo.jpg 428w, https:\/\/traveldent.me\/wp-content\/uploads\/2023\/02\/logo-300x276.jpg 300w\" sizes=\"(max-width: 428px) 100vw, 428px\" \/><\/div><\/a>\n\t\t\t\t<div class=\"elementor-post__text\">\n\t\t\t\t<h3 class=\"elementor-post__title\">\n\t\t\t<a href=\"https:\/\/traveldent.me\/de\/listing\/dr-margita-smileva-dental-clinic\/\" >\n\t\t\t\tDr. Margita Smileva<br> Dental Clinic\t\t\t<\/a>\n\t\t<\/h3>\n\t\t\t\t<\/div>\n\t\t\t\t\t<\/div>\n\t\t<\/article>\n\t\t\t\t<article class=\"elementor-post elementor-grid-item post-12665 listing type-listing status-publish has-post-thumbnail hentry listing_category-diagnostik-und-allgemeine-zahnmedizin listing_category-endodontie-de listing_category-gesichtsasthetik listing_category-implantologie listing_category-kieferorthopadie-de listing_category-laserzahnheilkunde-und-mundgesundheit listing_category-prothetik-de listing_category-zahnkliniken-de region-skopje-de\" role=\"listitem\">\n\t\t\t<div class=\"elementor-post__card\">\n\t\t\t\t<a class=\"elementor-post__thumbnail__link\" href=\"https:\/\/traveldent.me\/de\/listing\/dento-medikal-zahnklinik-und-medizinisches-labor\/\" tabindex=\"-1\" ><div class=\"elementor-post__thumbnail\"><img loading=\"lazy\" decoding=\"async\" width=\"428\" height=\"394\" src=\"https:\/\/traveldent.me\/wp-content\/uploads\/2023\/02\/FPDM.jpg\" class=\"attachment-large size-large wp-image-8704\" alt=\"\" srcset=\"https:\/\/traveldent.me\/wp-content\/uploads\/2023\/02\/FPDM.jpg 428w, https:\/\/traveldent.me\/wp-content\/uploads\/2023\/02\/FPDM-300x276.jpg 300w\" sizes=\"(max-width: 428px) 100vw, 428px\" \/><\/div><\/a>\n\t\t\t\t<div class=\"elementor-post__text\">\n\t\t\t\t<h3 class=\"elementor-post__title\">\n\t\t\t<a href=\"https:\/\/traveldent.me\/de\/listing\/dento-medikal-zahnklinik-und-medizinisches-labor\/\" >\n\t\t\t\tDento Medikal <br> Zahnklinik und medizinisches Labor\t\t\t<\/a>\n\t\t<\/h3>\n\t\t\t\t<\/div>\n\t\t\t\t\t<\/div>\n\t\t<\/article>\n\t\t\t\t<article class=\"elementor-post elementor-grid-item post-12663 listing type-listing status-publish has-post-thumbnail hentry listing_category-diagnostik-und-allgemeine-zahnmedizin listing_category-endodontie-de listing_category-implantologie listing_category-kieferorthopadie-de listing_category-laserzahnheilkunde-und-mundgesundheit listing_category-prothetik-de listing_category-zahnkliniken-de region-skopje-de\" role=\"listitem\">\n\t\t\t<div class=\"elementor-post__card\">\n\t\t\t\t<a class=\"elementor-post__thumbnail__link\" href=\"https:\/\/traveldent.me\/de\/listing\/dental-art-dental-polyclinic\/\" tabindex=\"-1\" ><div class=\"elementor-post__thumbnail\"><img loading=\"lazy\" decoding=\"async\" width=\"428\" height=\"394\" src=\"https:\/\/traveldent.me\/wp-content\/uploads\/2023\/02\/featured.jpg\" class=\"attachment-large size-large wp-image-8914\" alt=\"\" srcset=\"https:\/\/traveldent.me\/wp-content\/uploads\/2023\/02\/featured.jpg 428w, https:\/\/traveldent.me\/wp-content\/uploads\/2023\/02\/featured-300x276.jpg 300w\" sizes=\"(max-width: 428px) 100vw, 428px\" \/><\/div><\/a>\n\t\t\t\t<div class=\"elementor-post__text\">\n\t\t\t\t<h3 class=\"elementor-post__title\">\n\t\t\t<a href=\"https:\/\/traveldent.me\/de\/listing\/dental-art-dental-polyclinic\/\" >\n\t\t\t\tDental Art <br> Zahn\u00e4rztliche Poliklinik\t\t\t<\/a>\n\t\t<\/h3>\n\t\t\t\t<\/div>\n\t\t\t\t\t<\/div>\n\t\t<\/article>\n\t\t\t\t<\/div>\n\t\t\t\t\t<span class=\"e-load-more-spinner\">\n\t\t\t\t<i aria-hidden=\"true\" class=\"fas fa-spinner\"><\/i>\t\t\t<\/span>\n\t\t\n\t\t\t\t\t\t<\/div>\n\t\t\t\t<\/div>\n\t\t\t\t\t<\/div>\n\t\t<\/div>\n\t\t\t\t\t<\/div>\n\t\t<\/section>\n\t\t\t\t<\/div>\n\t\t<\/div>\n\t\t\t\t\t\t<\/div>\n\t\t\t\t<\/div>\n\t\t\t\t\t<\/div>\n\t\t<\/div>\n\t\t\t\t\t<\/div>\n\t\t<\/section>\n\t\t\t\t<\/div>\n\t\t","protected":false},"excerpt":{"rendered":"<p>Was ist Prothetik? Die Prothetik ist ein Spezialgebiet der Zahnheilkunde, das sich auf die Wiederherstellung und Verbesserung der oralen Gesundheit, Funktion und \u00c4sthetik von Patienten<\/p>\n","protected":false},"author":1,"featured_media":0,"parent":12551,"menu_order":0,"comment_status":"closed","ping_status":"closed","template":"","meta":{"footnotes":""},"class_list":["post-13169","page","type-page","status-publish","hentry"],"_links":{"self":[{"href":"https:\/\/traveldent.me\/de\/wp-json\/wp\/v2\/pages\/13169","targetHints":{"allow":["GET"]}}],"collection":[{"href":"https:\/\/traveldent.me\/de\/wp-json\/wp\/v2\/pages"}],"about":[{"href":"https:\/\/traveldent.me\/de\/wp-json\/wp\/v2\/types\/page"}],"author":[{"embeddable":true,"href":"https:\/\/traveldent.me\/de\/wp-json\/wp\/v2\/users\/1"}],"replies":[{"embeddable":true,"href":"https:\/\/traveldent.me\/de\/wp-json\/wp\/v2\/comments?post=13169"}],"version-history":[{"count":0,"href":"https:\/\/traveldent.me\/de\/wp-json\/wp\/v2\/pages\/13169\/revisions"}],"up":[{"embeddable":true,"href":"https:\/\/traveldent.me\/de\/wp-json\/wp\/v2\/pages\/12551"}],"wp:attachment":[{"href":"https:\/\/traveldent.me\/de\/wp-json\/wp\/v2\/media?parent=13169"}],"curies":[{"name":"wp","href":"https:\/\/api.w.org\/{rel}","templated":true}]}}