{"id":13149,"date":"2023-03-15T13:44:25","date_gmt":"2023-03-15T12:44:25","guid":{"rendered":"https:\/\/traveldent.me\/zahnaerztliche-dienstleistungen\/endodontie\/"},"modified":"2024-03-13T17:12:12","modified_gmt":"2024-03-13T16:12:12","slug":"endodontie","status":"publish","type":"page","link":"https:\/\/traveldent.me\/de\/zahnaerztliche-dienstleistungen\/endodontie\/","title":{"rendered":"Endodontie"},"content":{"rendered":"\t\t<div data-elementor-type=\"wp-page\" data-elementor-id=\"13149\" class=\"elementor elementor-13149 elementor-1967\" data-elementor-post-type=\"page\">\n\t\t\t\t\t\t<section class=\"elementor-section elementor-top-section elementor-element elementor-element-38ff1595 elementor-section-boxed elementor-section-height-default elementor-section-height-default\" data-id=\"38ff1595\" data-element_type=\"section\">\n\t\t\t\t\t\t<div class=\"elementor-container elementor-column-gap-default\">\n\t\t\t\t\t<div class=\"elementor-column elementor-col-50 elementor-top-column elementor-element elementor-element-25bf54f5\" data-id=\"25bf54f5\" data-element_type=\"column\">\n\t\t\t<div class=\"elementor-widget-wrap elementor-element-populated\">\n\t\t\t\t\t\t<div class=\"elementor-element elementor-element-454bdae elementor-widget elementor-widget-heading\" data-id=\"454bdae\" data-element_type=\"widget\" data-widget_type=\"heading.default\">\n\t\t\t\t<div class=\"elementor-widget-container\">\n\t\t\t\t\t<h1 class=\"elementor-heading-title elementor-size-default\">Endodontie<\/h1>\t\t\t\t<\/div>\n\t\t\t\t<\/div>\n\t\t\t\t<div class=\"elementor-element elementor-element-6c97192 elementor-widget elementor-widget-text-editor\" data-id=\"6c97192\" data-element_type=\"widget\" data-widget_type=\"text-editor.default\">\n\t\t\t\t<div class=\"elementor-widget-container\">\n\t\t\t\t\t\t\t\t\t<p dir=\"ltr\"><strong>Die Endodontie befasst sich mit der Behandlung des weichen Zahngewebes oder der Pulpa.<\/strong> Das Zahnmark ist ein B\u00fcndel von Nerven, Blutgef\u00e4\u00dfen und Bindegewebe, das sich von der Zahnkrone bis zur Spitze der Zahnwurzel erstreckt. Ihre Funktion ist sehr wichtig, denn sie liefert die f\u00fcr die Zahnentwicklung notwendigen N\u00e4hrstoffe, w\u00e4hrend die Pulpa gleichzeitig als Alarmsystem dient, wenn etwas mit dem Zahn nicht in Ordnung ist.<\/p>\n<p dir=\"ltr\"><strong>Pulpitis<\/strong> (Entz\u00fcndung des Zahnnervs) kann durch eine Zahnkaries oder ein Trauma entstehen. Wenn die Karies nicht rechtzeitig und richtig behandelt wird, k\u00f6nnen die Bakterien in den Zahnkanal eindringen, wo sie sich vermehren und eine Entz\u00fcndung und Dekompensation des Weichgewebes verursachen, was schlie\u00dflich zum Verlust der Z\u00e4hne f\u00fchren kann.<\/p>\n<div>\n<div>\n<div>\n<div id=\"autors-container-0\"><span style=\"font-size: 16px;\">Die endodontische Behandlung des Zahns umfasst die Entfernung des Zahnnervs und die Reinigung des Wurzelkanals. Der Kanal wird mit einer permanenten F\u00fcllung versehen, um das Eindringen von Bakterien in Zukunft zu verhindern. Der maximale Erfolg der Behandlung wird durch die modernsten Ger\u00e4te, die bei solchen Eingriffen verwendet werden, und ein professionelles und erfahrenes Team, das den Eingriff durchf\u00fchrt, gew\u00e4hrleistet.<\/span><\/div>\n<\/div>\n<\/div>\n<\/div>\n\t\t\t\t\t\t\t\t<\/div>\n\t\t\t\t<\/div>\n\t\t\t\t\t<\/div>\n\t\t<\/div>\n\t\t\t\t<div class=\"elementor-column elementor-col-50 elementor-top-column elementor-element elementor-element-44c862e\" data-id=\"44c862e\" data-element_type=\"column\">\n\t\t\t<div class=\"elementor-widget-wrap elementor-element-populated\">\n\t\t\t\t\t\t<div class=\"elementor-element elementor-element-13b6806 elementor-widget elementor-widget-image\" data-id=\"13b6806\" data-element_type=\"widget\" data-widget_type=\"image.default\">\n\t\t\t\t<div class=\"elementor-widget-container\">\n\t\t\t\t\t\t\t\t\t\t\t\t\t\t\t<img fetchpriority=\"high\" decoding=\"async\" width=\"1145\" height=\"916\" src=\"https:\/\/traveldent.me\/wp-content\/uploads\/2023\/05\/iStock-1269231046.jpg\" class=\"attachment-full size-full wp-image-6700\" alt=\"Endodontics\" srcset=\"https:\/\/traveldent.me\/wp-content\/uploads\/2023\/05\/iStock-1269231046.jpg 1145w, https:\/\/traveldent.me\/wp-content\/uploads\/2023\/05\/iStock-1269231046-300x240.jpg 300w, https:\/\/traveldent.me\/wp-content\/uploads\/2023\/05\/iStock-1269231046-1024x819.jpg 1024w, https:\/\/traveldent.me\/wp-content\/uploads\/2023\/05\/iStock-1269231046-768x614.jpg 768w, https:\/\/traveldent.me\/wp-content\/uploads\/2023\/05\/iStock-1269231046-590x472.jpg 590w, https:\/\/traveldent.me\/wp-content\/uploads\/2023\/05\/iStock-1269231046-838x670.jpg 838w, https:\/\/traveldent.me\/wp-content\/uploads\/2023\/05\/iStock-1269231046-577x462.jpg 577w, https:\/\/traveldent.me\/wp-content\/uploads\/2023\/05\/iStock-1269231046-600x480.jpg 600w\" sizes=\"(max-width: 1145px) 100vw, 1145px\" \/>\t\t\t\t\t\t\t\t\t\t\t\t\t\t\t<\/div>\n\t\t\t\t<\/div>\n\t\t\t\t<div class=\"elementor-element elementor-element-3cb181d elementor-widget elementor-widget-heading\" data-id=\"3cb181d\" data-element_type=\"widget\" data-widget_type=\"heading.default\">\n\t\t\t\t<div class=\"elementor-widget-container\">\n\t\t\t\t\t<h3 class=\"elementor-heading-title elementor-size-default\">Endodontie DIENSTLEISTUNGEN<\/h3>\t\t\t\t<\/div>\n\t\t\t\t<\/div>\n\t\t\t\t<div class=\"elementor-element elementor-element-c70e770 elementor-widget elementor-widget-text-editor\" data-id=\"c70e770\" data-element_type=\"widget\" data-widget_type=\"text-editor.default\">\n\t\t\t\t<div class=\"elementor-widget-container\">\n\t\t\t\t\t\t\t\t\t<ul>\n<li>Wurzelbehandlung<\/li>\n<li>Mikroskopische Endodontie<\/li>\n<\/ul>\n\t\t\t\t\t\t\t\t<\/div>\n\t\t\t\t<\/div>\n\t\t\t\t\t<\/div>\n\t\t<\/div>\n\t\t\t\t\t<\/div>\n\t\t<\/section>\n\t\t<div class=\"elementor-element elementor-element-45b3ec0 e-flex e-con-boxed e-con e-parent\" data-id=\"45b3ec0\" data-element_type=\"container\">\n\t\t\t\t\t<div class=\"e-con-inner\">\n\t\t\t\t<div class=\"elementor-element elementor-element-0f69886 elementor-widget elementor-widget-text-editor\" data-id=\"0f69886\" data-element_type=\"widget\" data-widget_type=\"text-editor.default\">\n\t\t\t\t<div class=\"elementor-widget-container\">\n\t\t\t\t\t\t\t\t\t<p>Nordmazedonien, ein verstecktes Juwel auf dem Balkan, bietet ein verlockendes Angebot f\u00fcr Ausl\u00e4nder, die eine erstklassige zahnmedizinische Versorgung, insbesondere Endodontie, suchen. Mit einer Vielzahl historischer St\u00e4tten, atemberaubenden Landschaften und einem aufstrebenden Medizintourismus ist dieses kleine europ\u00e4ische Land ein attraktives Ziel f\u00fcr alle, die eine Zahnbehandlung ben\u00f6tigen.<\/p>\n<ol>\n<li>\n<p>Fachwissen und Qualit\u00e4t der Versorgung: Nordmazedonien r\u00fchmt sich eines hohen Standards der zahn\u00e4rztlichen Versorgung, einschlie\u00dflich der <a href=\"https:\/\/en.wikipedia.org\/wiki\/Endodontics\">Endodontie<\/a>, mit einer zunehmenden Zahl qualifizierter Fachleute, die nach internationalen Standards ausgebildet sind. Viele Zahn\u00e4rzte im Land sprechen flie\u00dfend Englisch, so dass die Kommunikation mit ausl\u00e4ndischen Patienten reibungslos verl\u00e4uft. Diese Fachleute verwenden modernste Ger\u00e4te und wenden die neuesten Techniken an, um den Patienten eine qualitativ hochwertige Versorgung zu gew\u00e4hrleisten.<\/p>\n<\/li>\n<li>\n<p>Erschwingliche Gesundheitsversorgung: Im Vergleich zu Westeuropa und Nordamerika sind die Kosten f\u00fcr endodontische Behandlungen in Nordmazedonien deutlich niedriger. Ausl\u00e4nder k\u00f6nnen bis zu 70 % ihrer Zahnarztrechnungen einsparen, ohne Kompromisse bei der Qualit\u00e4t der Behandlung einzugehen. Diese Erschwinglichkeit ist besonders f\u00fcr diejenigen attraktiv, die keine Zahnversicherung haben oder ihre Ersparnisse maximieren wollen.<\/p>\n<\/li>\n<li>\n<p>Landschaftliche Sch\u00f6nheit und reiche Kultur: Eine Reise nach Nordmazedonien zur Endodontie bietet mehr als nur gesundheitliche Vorteile. Die malerischen Landschaften des Landes, darunter der unber\u00fchrte Ohrid-See, die dramatische Matka-Schlucht und die malerischen Gebirgsketten, bieten eine heitere Kulisse f\u00fcr die Erholung. Dar\u00fcber hinaus ist das reiche kulturelle Erbe Nordmazedoniens mit seinen UNESCO-Welterbest\u00e4tten wie der Altstadt von Ohrid ein Leckerbissen f\u00fcr Geschichtsinteressierte.<\/p>\n<\/li>\n<li>\n<p>Erreichbarkeit und Bequemlichkeit: Die Hauptstadt Nordmazedoniens, Skopje, ist \u00fcber internationale Flugh\u00e4fen gut an die gro\u00dfen europ\u00e4ischen St\u00e4dte angebunden. Die geringe Gr\u00f6\u00dfe des Landes sorgt daf\u00fcr, dass man sich problemlos fortbewegen kann, so dass die Patienten problemlos ihre Zahnarzttermine wahrnehmen und die Sehensw\u00fcrdigkeiten des Landes ohne Stress erkunden k\u00f6nnen.<\/p>\n<\/li>\n<li>\n<p>Pers\u00f6nliche Betreuung und kurze Wartezeiten: Einer der attraktivsten Aspekte, sich f\u00fcr eine endodontische Behandlung in Nord-Mazedonien zu entscheiden, ist die pers\u00f6nliche Betreuung, die die Patienten erhalten. Da die Wartezeiten im Vergleich zu vielen westlichen L\u00e4ndern k\u00fcrzer sind, k\u00f6nnen Ausl\u00e4nder mit einer schnellen Konsultation und einer z\u00fcgigen Behandlung rechnen, was einen reibungslosen und effizienten Ablauf gew\u00e4hrleistet.<\/p>\n<\/li>\n<li>\n<p>Willkommene Gastfreundschaft: Die Nordmazedonier sind f\u00fcr ihre herzliche Gastfreundschaft bekannt. Die Besucher erwartet ein herzlicher Empfang und der aufrichtige Wunsch, ihren Aufenthalt angenehm und komfortabel zu gestalten. Dieses Gef\u00fchl des Willkommenseins erstreckt sich auch auf den medizinischen Bereich, wo sich die Patienten oft in den H\u00e4nden von mitf\u00fchlenden und f\u00fcrsorglichen Fachleuten befinden.<\/p>\n<\/li>\n<\/ol>\n<p>Zusammenfassend l\u00e4sst sich sagen, dass die Attraktivit\u00e4t Nordmazedoniens f\u00fcr Ausl\u00e4nder, die sich f\u00fcr Endodontie interessieren, in der harmonischen Mischung aus hochwertiger zahnmedizinischer Versorgung, Kosteneffizienz, nat\u00fcrlicher Sch\u00f6nheit, kulturellem Reichtum, Zug\u00e4nglichkeit und einer freundlichen Atmosph\u00e4re liegt. F\u00fcr diejenigen, die einen Medizintourismus f\u00fcr ihre zahnmedizinischen Bed\u00fcrfnisse in Erw\u00e4gung ziehen, ist Nordmazedonien eine \u00fcberzeugende Wahl, die mehr als nur eine erstklassige Gesundheitsversorgung bietet; es bietet eine bereichernde Erfahrung im Herzen des Balkans, was es zu einem verlockenden Ziel f\u00fcr Zahnbehandlungen und eine unvergessliche Reise macht.<\/p>\t\t\t\t\t\t\t\t<\/div>\n\t\t\t\t<\/div>\n\t\t\t\t<div class=\"elementor-element elementor-element-68cc43c elementor-widget elementor-widget-image\" data-id=\"68cc43c\" data-element_type=\"widget\" data-widget_type=\"image.default\">\n\t\t\t\t<div class=\"elementor-widget-container\">\n\t\t\t\t\t\t\t\t\t\t\t\t\t\t\t<img decoding=\"async\" width=\"760\" height=\"507\" src=\"https:\/\/traveldent.me\/wp-content\/uploads\/2023\/10\/Endodontics-1024x683.jpg\" class=\"attachment-large size-large wp-image-13133\" alt=\"Endodontics\" srcset=\"https:\/\/traveldent.me\/wp-content\/uploads\/2023\/10\/Endodontics-1024x683.jpg 1024w, https:\/\/traveldent.me\/wp-content\/uploads\/2023\/10\/Endodontics-300x200.jpg 300w, https:\/\/traveldent.me\/wp-content\/uploads\/2023\/10\/Endodontics-768x512.jpg 768w, https:\/\/traveldent.me\/wp-content\/uploads\/2023\/10\/Endodontics-1536x1024.jpg 1536w, https:\/\/traveldent.me\/wp-content\/uploads\/2023\/10\/Endodontics-2048x1365.jpg 2048w, https:\/\/traveldent.me\/wp-content\/uploads\/2023\/10\/Endodontics-590x393.jpg 590w, https:\/\/traveldent.me\/wp-content\/uploads\/2023\/10\/Endodontics-1005x670.jpg 1005w, https:\/\/traveldent.me\/wp-content\/uploads\/2023\/10\/Endodontics-577x385.jpg 577w, https:\/\/traveldent.me\/wp-content\/uploads\/2023\/10\/Endodontics-1200x800.jpg 1200w, https:\/\/traveldent.me\/wp-content\/uploads\/2023\/10\/Endodontics-600x400.jpg 600w\" sizes=\"(max-width: 760px) 100vw, 760px\" \/>\t\t\t\t\t\t\t\t\t\t\t\t\t\t\t<\/div>\n\t\t\t\t<\/div>\n\t\t\t\t<div class=\"elementor-element elementor-element-56d67b9 elementor-widget elementor-widget-text-editor\" data-id=\"56d67b9\" data-element_type=\"widget\" data-widget_type=\"text-editor.default\">\n\t\t\t\t<div class=\"elementor-widget-container\">\n\t\t\t\t\t\t\t\t\t<p style=\"text-align: center;\">Die mikroskopische Endodontie ist bei fast allen Zahnarztpraxen auf unserer Plattform eine High-End-Leistung.<\/p>\n\t\t\t\t\t\t\t\t<\/div>\n\t\t\t\t<\/div>\n\t\t\t\t\t<\/div>\n\t\t\t\t<\/div>\n\t\t\t\t<section class=\"elementor-section elementor-top-section elementor-element elementor-element-2cc022d elementor-section-stretched elementor-section-boxed elementor-section-height-default elementor-section-height-default\" data-id=\"2cc022d\" data-element_type=\"section\" id=\"quotefront\" data-settings=\"{&quot;stretch_section&quot;:&quot;section-stretched&quot;,&quot;background_background&quot;:&quot;classic&quot;}\">\n\t\t\t\t\t\t<div class=\"elementor-container elementor-column-gap-default\">\n\t\t\t\t\t<div class=\"elementor-column elementor-col-100 elementor-top-column elementor-element elementor-element-5e5da98e\" data-id=\"5e5da98e\" data-element_type=\"column\">\n\t\t\t<div class=\"elementor-widget-wrap elementor-element-populated\">\n\t\t\t\t\t\t<div class=\"elementor-element elementor-element-36aadfd elementor-widget elementor-widget-shortcode\" data-id=\"36aadfd\" data-element_type=\"widget\" data-widget_type=\"shortcode.default\">\n\t\t\t\t<div class=\"elementor-widget-container\">\n\t\t\t\t\t\t\t<div class=\"elementor-shortcode\">\t\t<div data-elementor-type=\"section\" data-elementor-id=\"12248\" class=\"elementor elementor-12248 elementor-1870\" data-elementor-post-type=\"elementor_library\">\n\t\t\t\t\t<section class=\"elementor-section elementor-top-section elementor-element elementor-element-72e35e22 elementor-section-stretched elementor-section-boxed elementor-section-height-default elementor-section-height-default\" data-id=\"72e35e22\" data-element_type=\"section\" id=\"quotefront\" data-settings=\"{&quot;stretch_section&quot;:&quot;section-stretched&quot;,&quot;background_background&quot;:&quot;classic&quot;}\">\n\t\t\t\t\t\t<div class=\"elementor-container elementor-column-gap-default\">\n\t\t\t\t\t<div class=\"elementor-column elementor-col-100 elementor-top-column elementor-element elementor-element-65d2068a\" data-id=\"65d2068a\" data-element_type=\"column\">\n\t\t\t<div class=\"elementor-widget-wrap elementor-element-populated\">\n\t\t\t\t\t\t<div class=\"elementor-element elementor-element-2d437916 elementor-widget elementor-widget-image\" data-id=\"2d437916\" data-element_type=\"widget\" data-widget_type=\"image.default\">\n\t\t\t\t<div class=\"elementor-widget-container\">\n\t\t\t\t\t\t\t\t\t\t\t\t\t\t\t<img decoding=\"async\" src=\"https:\/\/traveldent.me\/wp-content\/uploads\/2023\/09\/clinics_ge.png\" title=\"clinics_ge\" alt=\"clinics_ge\" loading=\"lazy\" \/>\t\t\t\t\t\t\t\t\t\t\t\t\t\t\t<\/div>\n\t\t\t\t<\/div>\n\t\t\t\t<div class=\"elementor-element elementor-element-cff4c1d elementor-posts__hover-none elementor-grid-3 elementor-grid-tablet-2 elementor-grid-mobile-1 elementor-posts--thumbnail-top elementor-card-shadow-yes elementor-widget elementor-widget-posts\" data-id=\"cff4c1d\" data-element_type=\"widget\" data-settings=\"{&quot;pagination_type&quot;:&quot;load_more_infinite_scroll&quot;,&quot;cards_columns&quot;:&quot;3&quot;,&quot;cards_columns_tablet&quot;:&quot;2&quot;,&quot;cards_columns_mobile&quot;:&quot;1&quot;,&quot;cards_row_gap&quot;:{&quot;unit&quot;:&quot;px&quot;,&quot;size&quot;:35,&quot;sizes&quot;:[]},&quot;cards_row_gap_tablet&quot;:{&quot;unit&quot;:&quot;px&quot;,&quot;size&quot;:&quot;&quot;,&quot;sizes&quot;:[]},&quot;cards_row_gap_mobile&quot;:{&quot;unit&quot;:&quot;px&quot;,&quot;size&quot;:&quot;&quot;,&quot;sizes&quot;:[]},&quot;load_more_spinner&quot;:{&quot;value&quot;:&quot;fas fa-spinner&quot;,&quot;library&quot;:&quot;fa-solid&quot;}}\" data-widget_type=\"posts.cards\">\n\t\t\t\t<div class=\"elementor-widget-container\">\n\t\t\t\t\t\t\t<div class=\"elementor-posts-container elementor-posts elementor-posts--skin-cards elementor-grid\" role=\"list\">\n\t\t\t\t<article class=\"elementor-post elementor-grid-item post-12661 listing type-listing status-publish has-post-thumbnail hentry listing_category-diagnostik-und-allgemeine-zahnmedizin listing_category-endodontie-de listing_category-implantologie listing_category-kieferorthopadie-de listing_category-laserzahnheilkunde-und-mundgesundheit listing_category-prothetik-de listing_category-zahnkliniken-de region-bitola-de\" role=\"listitem\">\n\t\t\t<div class=\"elementor-post__card\">\n\t\t\t\t<a class=\"elementor-post__thumbnail__link\" href=\"https:\/\/traveldent.me\/de\/listing\/smile-design-zahnaerztliche-poliklinik\/\" tabindex=\"-1\" ><div class=\"elementor-post__thumbnail\"><img decoding=\"async\" width=\"428\" height=\"394\" src=\"https:\/\/traveldent.me\/wp-content\/uploads\/2023\/02\/Sm-featured.jpg\" class=\"attachment-large size-large wp-image-7510\" alt=\"\" srcset=\"https:\/\/traveldent.me\/wp-content\/uploads\/2023\/02\/Sm-featured.jpg 428w, https:\/\/traveldent.me\/wp-content\/uploads\/2023\/02\/Sm-featured-300x276.jpg 300w\" sizes=\"(max-width: 428px) 100vw, 428px\" \/><\/div><\/a>\n\t\t\t\t<div class=\"elementor-post__text\">\n\t\t\t\t<h3 class=\"elementor-post__title\">\n\t\t\t<a href=\"https:\/\/traveldent.me\/de\/listing\/smile-design-zahnaerztliche-poliklinik\/\" >\n\t\t\t\tSmile &amp; DesigN <br>Zahn\u00e4rztliche Poliklinik\t\t\t<\/a>\n\t\t<\/h3>\n\t\t\t\t<\/div>\n\t\t\t\t\t<\/div>\n\t\t<\/article>\n\t\t\t\t<article class=\"elementor-post elementor-grid-item post-12659 listing type-listing status-publish has-post-thumbnail hentry listing_category-diagnostik-und-allgemeine-zahnmedizin listing_category-endodontie-de listing_category-implantologie listing_category-kieferorthopadie-de listing_category-laserzahnheilkunde-und-mundgesundheit listing_category-prothetik-de listing_category-zahnkliniken-de region-skopje-de\" role=\"listitem\">\n\t\t\t<div class=\"elementor-post__card\">\n\t\t\t\t<a class=\"elementor-post__thumbnail__link\" href=\"https:\/\/traveldent.me\/de\/listing\/dr-margita-smileva-dental-clinic\/\" tabindex=\"-1\" ><div class=\"elementor-post__thumbnail\"><img loading=\"lazy\" decoding=\"async\" width=\"428\" height=\"394\" src=\"https:\/\/traveldent.me\/wp-content\/uploads\/2023\/02\/logo.jpg\" class=\"attachment-large size-large wp-image-9347\" alt=\"\" srcset=\"https:\/\/traveldent.me\/wp-content\/uploads\/2023\/02\/logo.jpg 428w, https:\/\/traveldent.me\/wp-content\/uploads\/2023\/02\/logo-300x276.jpg 300w\" sizes=\"(max-width: 428px) 100vw, 428px\" \/><\/div><\/a>\n\t\t\t\t<div class=\"elementor-post__text\">\n\t\t\t\t<h3 class=\"elementor-post__title\">\n\t\t\t<a href=\"https:\/\/traveldent.me\/de\/listing\/dr-margita-smileva-dental-clinic\/\" >\n\t\t\t\tDr. Margita Smileva<br> Dental Clinic\t\t\t<\/a>\n\t\t<\/h3>\n\t\t\t\t<\/div>\n\t\t\t\t\t<\/div>\n\t\t<\/article>\n\t\t\t\t<article class=\"elementor-post elementor-grid-item post-12665 listing type-listing status-publish has-post-thumbnail hentry listing_category-diagnostik-und-allgemeine-zahnmedizin listing_category-endodontie-de listing_category-gesichtsasthetik listing_category-implantologie listing_category-kieferorthopadie-de listing_category-laserzahnheilkunde-und-mundgesundheit listing_category-prothetik-de listing_category-zahnkliniken-de region-skopje-de\" role=\"listitem\">\n\t\t\t<div class=\"elementor-post__card\">\n\t\t\t\t<a class=\"elementor-post__thumbnail__link\" href=\"https:\/\/traveldent.me\/de\/listing\/dento-medikal-zahnklinik-und-medizinisches-labor\/\" tabindex=\"-1\" ><div class=\"elementor-post__thumbnail\"><img loading=\"lazy\" decoding=\"async\" width=\"428\" height=\"394\" src=\"https:\/\/traveldent.me\/wp-content\/uploads\/2023\/02\/FPDM.jpg\" class=\"attachment-large size-large wp-image-8704\" alt=\"\" srcset=\"https:\/\/traveldent.me\/wp-content\/uploads\/2023\/02\/FPDM.jpg 428w, https:\/\/traveldent.me\/wp-content\/uploads\/2023\/02\/FPDM-300x276.jpg 300w\" sizes=\"(max-width: 428px) 100vw, 428px\" \/><\/div><\/a>\n\t\t\t\t<div class=\"elementor-post__text\">\n\t\t\t\t<h3 class=\"elementor-post__title\">\n\t\t\t<a href=\"https:\/\/traveldent.me\/de\/listing\/dento-medikal-zahnklinik-und-medizinisches-labor\/\" >\n\t\t\t\tDento Medikal <br> Zahnklinik und medizinisches Labor\t\t\t<\/a>\n\t\t<\/h3>\n\t\t\t\t<\/div>\n\t\t\t\t\t<\/div>\n\t\t<\/article>\n\t\t\t\t<article class=\"elementor-post elementor-grid-item post-12170 listing type-listing status-publish has-post-thumbnail hentry listing_category-diagnostik-und-allgemeine-zahnmedizin listing_category-endodontie-de listing_category-implantologie listing_category-kieferorthopadie-de listing_category-laserzahnheilkunde-und-mundgesundheit listing_category-prothetik-de listing_category-zahnkliniken-de region-skopje-de\" role=\"listitem\">\n\t\t\t<div class=\"elementor-post__card\">\n\t\t\t\t<a class=\"elementor-post__thumbnail__link\" href=\"https:\/\/traveldent.me\/de\/listing\/eternadent-zentrum-fuer-zahngesundheit\/\" tabindex=\"-1\" ><div class=\"elementor-post__thumbnail\"><img loading=\"lazy\" decoding=\"async\" width=\"600\" height=\"200\" src=\"https:\/\/traveldent.me\/wp-content\/uploads\/2023\/02\/eterna.jpg\" class=\"attachment-large size-large wp-image-10269\" alt=\"\" srcset=\"https:\/\/traveldent.me\/wp-content\/uploads\/2023\/02\/eterna.jpg 600w, https:\/\/traveldent.me\/wp-content\/uploads\/2023\/02\/eterna-300x100.jpg 300w, https:\/\/traveldent.me\/wp-content\/uploads\/2023\/02\/eterna-590x197.jpg 590w, https:\/\/traveldent.me\/wp-content\/uploads\/2023\/02\/eterna-577x192.jpg 577w\" sizes=\"(max-width: 600px) 100vw, 600px\" \/><\/div><\/a>\n\t\t\t\t<div class=\"elementor-post__text\">\n\t\t\t\t<h3 class=\"elementor-post__title\">\n\t\t\t<a href=\"https:\/\/traveldent.me\/de\/listing\/eternadent-zentrum-fuer-zahngesundheit\/\" >\n\t\t\t\tETERNAdent<br> Zentrum f\u00fcr Zahngesundheit\t\t\t<\/a>\n\t\t<\/h3>\n\t\t\t\t<\/div>\n\t\t\t\t\t<\/div>\n\t\t<\/article>\n\t\t\t\t<article class=\"elementor-post elementor-grid-item post-12457 listing type-listing status-publish has-post-thumbnail hentry listing_category-diagnostik-und-allgemeine-zahnmedizin listing_category-endodontie-de listing_category-gesichtsasthetik listing_category-implantologie listing_category-kieferorthopadie-de listing_category-laserzahnheilkunde-und-mundgesundheit listing_category-prothetik-de listing_category-zahnkliniken-de region-skopje-de\" role=\"listitem\">\n\t\t\t<div class=\"elementor-post__card\">\n\t\t\t\t<a class=\"elementor-post__thumbnail__link\" href=\"https:\/\/traveldent.me\/de\/listing\/mediana-medikal-dental-clinic\/\" tabindex=\"-1\" ><div class=\"elementor-post__thumbnail\"><img loading=\"lazy\" decoding=\"async\" width=\"428\" height=\"394\" src=\"https:\/\/traveldent.me\/wp-content\/uploads\/2023\/02\/logo-3.jpg\" class=\"attachment-large size-large wp-image-9795\" alt=\"\" srcset=\"https:\/\/traveldent.me\/wp-content\/uploads\/2023\/02\/logo-3.jpg 428w, https:\/\/traveldent.me\/wp-content\/uploads\/2023\/02\/logo-3-300x276.jpg 300w\" sizes=\"(max-width: 428px) 100vw, 428px\" \/><\/div><\/a>\n\t\t\t\t<div class=\"elementor-post__text\">\n\t\t\t\t<h3 class=\"elementor-post__title\">\n\t\t\t<a href=\"https:\/\/traveldent.me\/de\/listing\/mediana-medikal-dental-clinic\/\" >\n\t\t\t\tMediana Medikal<br> Dental Clinic\t\t\t<\/a>\n\t\t<\/h3>\n\t\t\t\t<\/div>\n\t\t\t\t\t<\/div>\n\t\t<\/article>\n\t\t\t\t<article class=\"elementor-post elementor-grid-item post-12663 listing type-listing status-publish has-post-thumbnail hentry listing_category-diagnostik-und-allgemeine-zahnmedizin listing_category-endodontie-de listing_category-implantologie listing_category-kieferorthopadie-de listing_category-laserzahnheilkunde-und-mundgesundheit listing_category-prothetik-de listing_category-zahnkliniken-de region-skopje-de\" role=\"listitem\">\n\t\t\t<div class=\"elementor-post__card\">\n\t\t\t\t<a class=\"elementor-post__thumbnail__link\" href=\"https:\/\/traveldent.me\/de\/listing\/dental-art-dental-polyclinic\/\" tabindex=\"-1\" ><div class=\"elementor-post__thumbnail\"><img loading=\"lazy\" decoding=\"async\" width=\"428\" height=\"394\" src=\"https:\/\/traveldent.me\/wp-content\/uploads\/2023\/02\/featured.jpg\" class=\"attachment-large size-large wp-image-8914\" alt=\"\" srcset=\"https:\/\/traveldent.me\/wp-content\/uploads\/2023\/02\/featured.jpg 428w, https:\/\/traveldent.me\/wp-content\/uploads\/2023\/02\/featured-300x276.jpg 300w\" sizes=\"(max-width: 428px) 100vw, 428px\" \/><\/div><\/a>\n\t\t\t\t<div class=\"elementor-post__text\">\n\t\t\t\t<h3 class=\"elementor-post__title\">\n\t\t\t<a href=\"https:\/\/traveldent.me\/de\/listing\/dental-art-dental-polyclinic\/\" >\n\t\t\t\tDental Art <br> Zahn\u00e4rztliche Poliklinik\t\t\t<\/a>\n\t\t<\/h3>\n\t\t\t\t<\/div>\n\t\t\t\t\t<\/div>\n\t\t<\/article>\n\t\t\t\t<\/div>\n\t\t\t\t\t<span class=\"e-load-more-spinner\">\n\t\t\t\t<i aria-hidden=\"true\" class=\"fas fa-spinner\"><\/i>\t\t\t<\/span>\n\t\t\n\t\t\t\t\t\t<\/div>\n\t\t\t\t<\/div>\n\t\t\t\t\t<\/div>\n\t\t<\/div>\n\t\t\t\t\t<\/div>\n\t\t<\/section>\n\t\t\t\t<\/div>\n\t\t<\/div>\n\t\t\t\t\t\t<\/div>\n\t\t\t\t<\/div>\n\t\t\t\t\t<\/div>\n\t\t<\/div>\n\t\t\t\t\t<\/div>\n\t\t<\/section>\n\t\t\t\t<\/div>\n\t\t","protected":false},"excerpt":{"rendered":"<p>Die Endodontie befasst sich mit der Behandlung des weichen Zahngewebes oder der Pulpa. Das Zahnmark ist ein B\u00fcndel von Nerven, Blutgef\u00e4\u00dfen und Bindegewebe, das sich<\/p>\n","protected":false},"author":1,"featured_media":0,"parent":12551,"menu_order":0,"comment_status":"closed","ping_status":"closed","template":"","meta":{"footnotes":""},"class_list":["post-13149","page","type-page","status-publish","hentry"],"_links":{"self":[{"href":"https:\/\/traveldent.me\/de\/wp-json\/wp\/v2\/pages\/13149","targetHints":{"allow":["GET"]}}],"collection":[{"href":"https:\/\/traveldent.me\/de\/wp-json\/wp\/v2\/pages"}],"about":[{"href":"https:\/\/traveldent.me\/de\/wp-json\/wp\/v2\/types\/page"}],"author":[{"embeddable":true,"href":"https:\/\/traveldent.me\/de\/wp-json\/wp\/v2\/users\/1"}],"replies":[{"embeddable":true,"href":"https:\/\/traveldent.me\/de\/wp-json\/wp\/v2\/comments?post=13149"}],"version-history":[{"count":0,"href":"https:\/\/traveldent.me\/de\/wp-json\/wp\/v2\/pages\/13149\/revisions"}],"up":[{"embeddable":true,"href":"https:\/\/traveldent.me\/de\/wp-json\/wp\/v2\/pages\/12551"}],"wp:attachment":[{"href":"https:\/\/traveldent.me\/de\/wp-json\/wp\/v2\/media?parent=13149"}],"curies":[{"name":"wp","href":"https:\/\/api.w.org\/{rel}","templated":true}]}}