{"id":12728,"date":"2023-03-15T13:44:25","date_gmt":"2023-03-15T12:44:25","guid":{"rendered":"https:\/\/traveldent.me\/zahnaerztliche-dienstleistungen\/laserzahnmedizin-mundgesundheit\/"},"modified":"2024-03-13T16:38:57","modified_gmt":"2024-03-13T15:38:57","slug":"laserzahnmedizin-mundgesundheit","status":"publish","type":"page","link":"https:\/\/traveldent.me\/de\/zahnaerztliche-dienstleistungen\/laserzahnmedizin-mundgesundheit\/","title":{"rendered":"Laserzahnmedizin &amp; Mundgesundheit"},"content":{"rendered":"\t\t<div data-elementor-type=\"wp-page\" data-elementor-id=\"12728\" class=\"elementor elementor-12728 elementor-1955\" data-elementor-post-type=\"page\">\n\t\t\t\t\t\t<section class=\"elementor-section elementor-top-section elementor-element elementor-element-38ff1595 elementor-section-boxed elementor-section-height-default elementor-section-height-default\" data-id=\"38ff1595\" data-element_type=\"section\">\n\t\t\t\t\t\t<div class=\"elementor-container elementor-column-gap-default\">\n\t\t\t\t\t<div class=\"elementor-column elementor-col-50 elementor-top-column elementor-element elementor-element-25bf54f5\" data-id=\"25bf54f5\" data-element_type=\"column\">\n\t\t\t<div class=\"elementor-widget-wrap elementor-element-populated\">\n\t\t\t\t\t\t<div class=\"elementor-element elementor-element-454bdae elementor-widget elementor-widget-heading\" data-id=\"454bdae\" data-element_type=\"widget\" data-widget_type=\"heading.default\">\n\t\t\t\t<div class=\"elementor-widget-container\">\n\t\t\t\t\t<h1 class=\"elementor-heading-title elementor-size-default\">Laserzahnmedizin &amp; Mundgesundheit<\/h1>\t\t\t\t<\/div>\n\t\t\t\t<\/div>\n\t\t\t\t<div class=\"elementor-element elementor-element-6c97192 elementor-widget elementor-widget-text-editor\" data-id=\"6c97192\" data-element_type=\"widget\" data-widget_type=\"text-editor.default\">\n\t\t\t\t<div class=\"elementor-widget-container\">\n\t\t\t\t\t\t\t\t\t<p>Laser haben die Zahnmedizin einfacher und schmerzfreier gemacht als je zuvor. Die Laserzahnheilkunde bietet eine Reihe von Vorteilen, von denen einige zu nennen sind:<\/p>\n<h4>SCHNELLE HEILUNGSZEITEN<\/h4>\n<p>Einer der gro\u00dfen Vorteile der Laserzahnheilkunde ist, dass sie viel weniger Schmerzen und Unannehmlichkeiten verursacht als die Verwendung herk\u00f6mmlicher Instrumente. Aus diesem Grund heilen Patienten, die sich einem zahnmedizinischen Lasereingriff unterziehen, im Allgemeinen schneller als Patienten, die sich einem herk\u00f6mmlichen Eingriff unterziehen.<\/p>\n<p>Einige Patienten empfinden nach einem Eingriff in der Laserzahnheilkunde \u00fcberhaupt keine Schmerzen oder Beschwerden.<\/p>\n<h4>VERRINGERTES INFEKTIONSRISIKO<\/h4>\n<p>Wenn bei zahn\u00e4rztlichen Eingriffen herk\u00f6mmliche Metallwerkzeuge verwendet werden, verursachen sie h\u00e4ufig Abrasionen im Zahnfleisch, die Infektionen beg\u00fcnstigen. Bei Lasern ist dies nicht der Fall.<\/p>\n<p>Stattdessen sterilisieren Laser den Bereich, auf den sie fokussiert sind, und eliminieren so den Gro\u00dfteil der Bakterien in diesem Bereich. Das Ergebnis? Ein wesentlich geringeres Infektionsrisiko.<\/p>\n<h4>WENIGER UNANNEHMLICHKEITEN<\/h4>\n<p>Wie bereits erw\u00e4hnt, ist die Laserzahnheilkunde im Allgemeinen weniger schmerzhaft als die traditionelle Zahnheilkunde. In vielen F\u00e4llen kann auf eine Bet\u00e4ubung vollst\u00e4ndig verzichtet werden.<\/p>\n<h4>Welche Erkrankungen k\u00f6nnen mit diesem Verfahren <a href=\"https:\/\/en.wikipedia.org\/wiki\/Dental_laser\">behandelt werden<\/a>?<\/h4>\n<p>Die Laserzahnmedizin kann zwar nicht bei allen, aber doch bei sehr vielen zahnmedizinischen Eingriffen eingesetzt werden. Es kann im Allgemeinen verwendet werden, wenn Sie die folgenden Probleme haben:<\/p>\n<h4>Z\u00c4HNVERFALL<\/h4>\n<p>Wenn Ihr Zahn stark kari\u00f6s ist, kann Ihr Zahnarzt den Zahn mit dem Laser aush\u00f6hlen, um ihn von allen kari\u00f6sen Bestandteilen zu befreien. Dieses Verfahren wird h\u00e4ufig vor einer normalen Kavit\u00e4tenf\u00fcllung angewandt und tr\u00e4gt dazu bei, den Prozess so effizient wie m\u00f6glich zu gestalten.<\/p>\n<h4>ZAHNFLEISCHERKRANKUNG<\/h4>\n<p>Wenn Sie an einer Zahnfleischerkrankung leiden, kann die Laserzahnmedizin f\u00fcr Sie von gro\u00dfem Nutzen sein. Oft wird der Laser eingesetzt, um Bakterien aus dem Zahnfleisch zu entfernen, es zu formen und f\u00fcr die Wurzelkanalbehandlung vorzubereiten.<\/p>\n<h4>ZAHNVERGILBUNG<\/h4>\n<p>Haben Sie mit braunen oder gelblichen Z\u00e4hnen zu k\u00e4mpfen? M\u00f6chten Sie sie so weit wie m\u00f6glich aufhellen? Dieses Verfahren kann helfen.<\/p>\n<p>Laser werden h\u00e4ufig bei der Zahnaufhellung in der Praxis eingesetzt, um den gesamten Prozess zu beschleunigen. Im Allgemeinen werden sie zur Aktivierung der Peroxid-Substanz verwendet, die auf die Z\u00e4hne aufgetragen wird.<\/p>\n<h4>Wann d\u00fcrfen Laser in der Zahnmedizin nicht eingesetzt werden?<\/h4>\n<p>Leider ist die Laserzahnmedizin nicht immer eine Behandlungsoption. Manchmal werden die traditionellen zahn\u00e4rztlichen Werkzeuge ben\u00f6tigt.<\/p>\n<p>Wenn Sie zum Beispiel versuchen, eine vorhandene F\u00fcllung zu entfernen, kann der Laser nicht helfen. Auch bei der F\u00fcllung von Hohlr\u00e4umen zwischen den Z\u00e4hnen wird der Laser nicht eingesetzt. Werden gro\u00dfe Kronen entfernt? Auch hier kann der Laser nichts f\u00fcr Sie tun.<\/p>\n<p>Oft wird diese Art der Behandlung als Erg\u00e4nzung zur traditionellen Zahnmedizin eingesetzt, um den Prozess zu beschleunigen und einige der m\u00f6glichen Schmerzen, die damit verbunden sein k\u00f6nnen, zu reduzieren.<\/p>\n<h3>Laserzahnmedizin in Nordmazedonien:<\/h3>\n<p>Die Laserzahnmedizin hat die zahnmedizinische Versorgung in Nordmazedonien revolutioniert und bietet einen hochmodernen Ansatz f\u00fcr Zahnbehandlungen. Zahnkliniken in Nordmazedonien haben sich diese innovative Technologie zu eigen gemacht, bei der fokussierte Lichtstrahlen eingesetzt werden, um eine Vielzahl von zahn\u00e4rztlichen Eingriffen pr\u00e4zise und mit minimalem Unbehagen durchzuf\u00fchren. Die Laserzahnheilkunde hat die Patientenerfahrung ver\u00e4ndert, indem sie den Bedarf an traditionellen Bohrern und An\u00e4sthesie reduziert hat, was zu schnelleren und praktisch schmerzfreien Behandlungen f\u00fchrt. Diese fortschrittliche Technik ist besonders vorteilhaft f\u00fcr die Behandlung von Zahnfleischerkrankungen, die Vorbereitung von Karies und sogar f\u00fcr das Aufhellen der Z\u00e4hne, um eine optimale Mundgesundheit und ein sch\u00f6nes L\u00e4cheln zu gew\u00e4hrleisten. Die Pr\u00e4zision der Laserzahnheilkunde minimiert die Sch\u00e4digung des umliegenden Gewebes, was zu k\u00fcrzeren Heilungszeiten und geringeren postoperativen Beschwerden f\u00fchrt. Dar\u00fcber hinaus macht das geringere Infektions- und Blutungsrisiko die Methode zu einer sicheren Option f\u00fcr Patienten mit verschiedenen Zahnproblemen. Die Zahnkliniken in Nord-Mazedonien sind f\u00fchrend in der Bereitstellung von hochmodernen Laserzahnbehandlungen und legen gro\u00dfen Wert auf Patientenkomfort, Mundgesundheit und allgemeines Wohlbefinden. Entdecken Sie die Zukunft der Zahnmedizin mit der Laserzahnheilkunde in Nord-Mazedonien, wo Spitzentechnologie auf au\u00dfergew\u00f6hnliche Zahnpflege trifft.<\/p>\t\t\t\t\t\t\t\t<\/div>\n\t\t\t\t<\/div>\n\t\t\t\t\t<\/div>\n\t\t<\/div>\n\t\t\t\t<div class=\"elementor-column elementor-col-50 elementor-top-column elementor-element elementor-element-44c862e\" data-id=\"44c862e\" data-element_type=\"column\">\n\t\t\t<div class=\"elementor-widget-wrap elementor-element-populated\">\n\t\t\t\t\t\t<div class=\"elementor-element elementor-element-13b6806 elementor-widget elementor-widget-image\" data-id=\"13b6806\" data-element_type=\"widget\" data-widget_type=\"image.default\">\n\t\t\t\t<div class=\"elementor-widget-container\">\n\t\t\t\t\t\t\t\t\t\t\t\t\t\t\t<img fetchpriority=\"high\" decoding=\"async\" width=\"700\" height=\"467\" src=\"https:\/\/traveldent.me\/wp-content\/uploads\/2023\/05\/2312213.jpg\" class=\"attachment-full size-full wp-image-6685\" alt=\"Laser Dentistry\" srcset=\"https:\/\/traveldent.me\/wp-content\/uploads\/2023\/05\/2312213.jpg 700w, https:\/\/traveldent.me\/wp-content\/uploads\/2023\/05\/2312213-300x200.jpg 300w, https:\/\/traveldent.me\/wp-content\/uploads\/2023\/05\/2312213-590x394.jpg 590w, https:\/\/traveldent.me\/wp-content\/uploads\/2023\/05\/2312213-577x385.jpg 577w, https:\/\/traveldent.me\/wp-content\/uploads\/2023\/05\/2312213-600x400.jpg 600w\" sizes=\"(max-width: 700px) 100vw, 700px\" \/>\t\t\t\t\t\t\t\t\t\t\t\t\t\t\t<\/div>\n\t\t\t\t<\/div>\n\t\t\t\t<div class=\"elementor-element elementor-element-3cb181d elementor-widget elementor-widget-heading\" data-id=\"3cb181d\" data-element_type=\"widget\" data-widget_type=\"heading.default\">\n\t\t\t\t<div class=\"elementor-widget-container\">\n\t\t\t\t\t<h3 class=\"elementor-heading-title elementor-size-default\">Laserzahnmedizin &amp; Mundgesundheit SERVICES<\/h3>\t\t\t\t<\/div>\n\t\t\t\t<\/div>\n\t\t\t\t<div class=\"elementor-element elementor-element-c70e770 elementor-widget elementor-widget-text-editor\" data-id=\"c70e770\" data-element_type=\"widget\" data-widget_type=\"text-editor.default\">\n\t\t\t\t<div class=\"elementor-widget-container\">\n\t\t\t\t\t\t\t\t\t<ul>\n<li>Zahnfleischbleiche<\/li>\n<li>Gummy Smile<\/li>\n<li>Z\u00e4hne putzen<\/li>\n<li>Zahnaufhellung<\/li>\n<\/ul>\n\t\t\t\t\t\t\t\t<\/div>\n\t\t\t\t<\/div>\n\t\t\t\t\t<\/div>\n\t\t<\/div>\n\t\t\t\t\t<\/div>\n\t\t<\/section>\n\t\t\t\t<section class=\"elementor-section elementor-top-section elementor-element elementor-element-2cc022d elementor-section-stretched elementor-section-boxed elementor-section-height-default elementor-section-height-default\" data-id=\"2cc022d\" data-element_type=\"section\" id=\"quotefront\" data-settings=\"{&quot;stretch_section&quot;:&quot;section-stretched&quot;,&quot;background_background&quot;:&quot;classic&quot;}\">\n\t\t\t\t\t\t<div class=\"elementor-container elementor-column-gap-default\">\n\t\t\t\t\t<div class=\"elementor-column elementor-col-100 elementor-top-column elementor-element elementor-element-5e5da98e\" data-id=\"5e5da98e\" data-element_type=\"column\">\n\t\t\t<div class=\"elementor-widget-wrap elementor-element-populated\">\n\t\t\t\t\t\t<div class=\"elementor-element elementor-element-38f2c46 elementor-widget elementor-widget-shortcode\" data-id=\"38f2c46\" data-element_type=\"widget\" data-widget_type=\"shortcode.default\">\n\t\t\t\t<div class=\"elementor-widget-container\">\n\t\t\t\t\t\t\t<div class=\"elementor-shortcode\">\t\t<div data-elementor-type=\"section\" data-elementor-id=\"12248\" class=\"elementor elementor-12248 elementor-1870\" data-elementor-post-type=\"elementor_library\">\n\t\t\t\t\t<section class=\"elementor-section elementor-top-section elementor-element elementor-element-72e35e22 elementor-section-stretched elementor-section-boxed elementor-section-height-default elementor-section-height-default\" data-id=\"72e35e22\" data-element_type=\"section\" id=\"quotefront\" data-settings=\"{&quot;stretch_section&quot;:&quot;section-stretched&quot;,&quot;background_background&quot;:&quot;classic&quot;}\">\n\t\t\t\t\t\t<div class=\"elementor-container elementor-column-gap-default\">\n\t\t\t\t\t<div class=\"elementor-column elementor-col-100 elementor-top-column elementor-element elementor-element-65d2068a\" data-id=\"65d2068a\" data-element_type=\"column\">\n\t\t\t<div class=\"elementor-widget-wrap elementor-element-populated\">\n\t\t\t\t\t\t<div class=\"elementor-element elementor-element-2d437916 elementor-widget elementor-widget-image\" data-id=\"2d437916\" data-element_type=\"widget\" data-widget_type=\"image.default\">\n\t\t\t\t<div class=\"elementor-widget-container\">\n\t\t\t\t\t\t\t\t\t\t\t\t\t\t\t<img decoding=\"async\" src=\"https:\/\/traveldent.me\/wp-content\/uploads\/2023\/09\/clinics_ge.png\" title=\"clinics_ge\" alt=\"clinics_ge\" loading=\"lazy\" \/>\t\t\t\t\t\t\t\t\t\t\t\t\t\t\t<\/div>\n\t\t\t\t<\/div>\n\t\t\t\t<div class=\"elementor-element elementor-element-cff4c1d elementor-posts__hover-none elementor-grid-3 elementor-grid-tablet-2 elementor-grid-mobile-1 elementor-posts--thumbnail-top elementor-card-shadow-yes elementor-widget elementor-widget-posts\" data-id=\"cff4c1d\" data-element_type=\"widget\" data-settings=\"{&quot;pagination_type&quot;:&quot;load_more_infinite_scroll&quot;,&quot;cards_columns&quot;:&quot;3&quot;,&quot;cards_columns_tablet&quot;:&quot;2&quot;,&quot;cards_columns_mobile&quot;:&quot;1&quot;,&quot;cards_row_gap&quot;:{&quot;unit&quot;:&quot;px&quot;,&quot;size&quot;:35,&quot;sizes&quot;:[]},&quot;cards_row_gap_tablet&quot;:{&quot;unit&quot;:&quot;px&quot;,&quot;size&quot;:&quot;&quot;,&quot;sizes&quot;:[]},&quot;cards_row_gap_mobile&quot;:{&quot;unit&quot;:&quot;px&quot;,&quot;size&quot;:&quot;&quot;,&quot;sizes&quot;:[]},&quot;load_more_spinner&quot;:{&quot;value&quot;:&quot;fas fa-spinner&quot;,&quot;library&quot;:&quot;fa-solid&quot;}}\" data-widget_type=\"posts.cards\">\n\t\t\t\t<div class=\"elementor-widget-container\">\n\t\t\t\t\t\t\t<div class=\"elementor-posts-container elementor-posts elementor-posts--skin-cards elementor-grid\" role=\"list\">\n\t\t\t\t<article class=\"elementor-post elementor-grid-item post-12170 listing type-listing status-publish has-post-thumbnail hentry listing_category-diagnostik-und-allgemeine-zahnmedizin listing_category-endodontie-de listing_category-implantologie listing_category-kieferorthopadie-de listing_category-laserzahnheilkunde-und-mundgesundheit listing_category-prothetik-de listing_category-zahnkliniken-de region-skopje-de\" role=\"listitem\">\n\t\t\t<div class=\"elementor-post__card\">\n\t\t\t\t<a class=\"elementor-post__thumbnail__link\" href=\"https:\/\/traveldent.me\/de\/listing\/eternadent-zentrum-fuer-zahngesundheit\/\" tabindex=\"-1\" ><div class=\"elementor-post__thumbnail\"><img decoding=\"async\" width=\"600\" height=\"200\" src=\"https:\/\/traveldent.me\/wp-content\/uploads\/2023\/02\/eterna.jpg\" class=\"attachment-large size-large wp-image-10269\" alt=\"\" srcset=\"https:\/\/traveldent.me\/wp-content\/uploads\/2023\/02\/eterna.jpg 600w, https:\/\/traveldent.me\/wp-content\/uploads\/2023\/02\/eterna-300x100.jpg 300w, https:\/\/traveldent.me\/wp-content\/uploads\/2023\/02\/eterna-590x197.jpg 590w, https:\/\/traveldent.me\/wp-content\/uploads\/2023\/02\/eterna-577x192.jpg 577w\" sizes=\"(max-width: 600px) 100vw, 600px\" \/><\/div><\/a>\n\t\t\t\t<div class=\"elementor-post__text\">\n\t\t\t\t<h3 class=\"elementor-post__title\">\n\t\t\t<a href=\"https:\/\/traveldent.me\/de\/listing\/eternadent-zentrum-fuer-zahngesundheit\/\" >\n\t\t\t\tETERNAdent<br> Zentrum f\u00fcr Zahngesundheit\t\t\t<\/a>\n\t\t<\/h3>\n\t\t\t\t<\/div>\n\t\t\t\t\t<\/div>\n\t\t<\/article>\n\t\t\t\t<article class=\"elementor-post elementor-grid-item post-12661 listing type-listing status-publish has-post-thumbnail hentry listing_category-diagnostik-und-allgemeine-zahnmedizin listing_category-endodontie-de listing_category-implantologie listing_category-kieferorthopadie-de listing_category-laserzahnheilkunde-und-mundgesundheit listing_category-prothetik-de listing_category-zahnkliniken-de region-bitola-de\" role=\"listitem\">\n\t\t\t<div class=\"elementor-post__card\">\n\t\t\t\t<a class=\"elementor-post__thumbnail__link\" href=\"https:\/\/traveldent.me\/de\/listing\/smile-design-zahnaerztliche-poliklinik\/\" tabindex=\"-1\" ><div class=\"elementor-post__thumbnail\"><img decoding=\"async\" width=\"428\" height=\"394\" src=\"https:\/\/traveldent.me\/wp-content\/uploads\/2023\/02\/Sm-featured.jpg\" class=\"attachment-large size-large wp-image-7510\" alt=\"\" srcset=\"https:\/\/traveldent.me\/wp-content\/uploads\/2023\/02\/Sm-featured.jpg 428w, https:\/\/traveldent.me\/wp-content\/uploads\/2023\/02\/Sm-featured-300x276.jpg 300w\" sizes=\"(max-width: 428px) 100vw, 428px\" \/><\/div><\/a>\n\t\t\t\t<div class=\"elementor-post__text\">\n\t\t\t\t<h3 class=\"elementor-post__title\">\n\t\t\t<a href=\"https:\/\/traveldent.me\/de\/listing\/smile-design-zahnaerztliche-poliklinik\/\" >\n\t\t\t\tSmile &amp; DesigN <br>Zahn\u00e4rztliche Poliklinik\t\t\t<\/a>\n\t\t<\/h3>\n\t\t\t\t<\/div>\n\t\t\t\t\t<\/div>\n\t\t<\/article>\n\t\t\t\t<article class=\"elementor-post elementor-grid-item post-12457 listing type-listing status-publish has-post-thumbnail hentry listing_category-diagnostik-und-allgemeine-zahnmedizin listing_category-endodontie-de listing_category-gesichtsasthetik listing_category-implantologie listing_category-kieferorthopadie-de listing_category-laserzahnheilkunde-und-mundgesundheit listing_category-prothetik-de listing_category-zahnkliniken-de region-skopje-de\" role=\"listitem\">\n\t\t\t<div class=\"elementor-post__card\">\n\t\t\t\t<a class=\"elementor-post__thumbnail__link\" href=\"https:\/\/traveldent.me\/de\/listing\/mediana-medikal-dental-clinic\/\" tabindex=\"-1\" ><div class=\"elementor-post__thumbnail\"><img loading=\"lazy\" decoding=\"async\" width=\"428\" height=\"394\" src=\"https:\/\/traveldent.me\/wp-content\/uploads\/2023\/02\/logo-3.jpg\" class=\"attachment-large size-large wp-image-9795\" alt=\"\" srcset=\"https:\/\/traveldent.me\/wp-content\/uploads\/2023\/02\/logo-3.jpg 428w, https:\/\/traveldent.me\/wp-content\/uploads\/2023\/02\/logo-3-300x276.jpg 300w\" sizes=\"(max-width: 428px) 100vw, 428px\" \/><\/div><\/a>\n\t\t\t\t<div class=\"elementor-post__text\">\n\t\t\t\t<h3 class=\"elementor-post__title\">\n\t\t\t<a href=\"https:\/\/traveldent.me\/de\/listing\/mediana-medikal-dental-clinic\/\" >\n\t\t\t\tMediana Medikal<br> Dental Clinic\t\t\t<\/a>\n\t\t<\/h3>\n\t\t\t\t<\/div>\n\t\t\t\t\t<\/div>\n\t\t<\/article>\n\t\t\t\t<article class=\"elementor-post elementor-grid-item post-12665 listing type-listing status-publish has-post-thumbnail hentry listing_category-diagnostik-und-allgemeine-zahnmedizin listing_category-endodontie-de listing_category-gesichtsasthetik listing_category-implantologie listing_category-kieferorthopadie-de listing_category-laserzahnheilkunde-und-mundgesundheit listing_category-prothetik-de listing_category-zahnkliniken-de region-skopje-de\" role=\"listitem\">\n\t\t\t<div class=\"elementor-post__card\">\n\t\t\t\t<a class=\"elementor-post__thumbnail__link\" href=\"https:\/\/traveldent.me\/de\/listing\/dento-medikal-zahnklinik-und-medizinisches-labor\/\" tabindex=\"-1\" ><div class=\"elementor-post__thumbnail\"><img loading=\"lazy\" decoding=\"async\" width=\"428\" height=\"394\" src=\"https:\/\/traveldent.me\/wp-content\/uploads\/2023\/02\/FPDM.jpg\" class=\"attachment-large size-large wp-image-8704\" alt=\"\" srcset=\"https:\/\/traveldent.me\/wp-content\/uploads\/2023\/02\/FPDM.jpg 428w, https:\/\/traveldent.me\/wp-content\/uploads\/2023\/02\/FPDM-300x276.jpg 300w\" sizes=\"(max-width: 428px) 100vw, 428px\" \/><\/div><\/a>\n\t\t\t\t<div class=\"elementor-post__text\">\n\t\t\t\t<h3 class=\"elementor-post__title\">\n\t\t\t<a href=\"https:\/\/traveldent.me\/de\/listing\/dento-medikal-zahnklinik-und-medizinisches-labor\/\" >\n\t\t\t\tDento Medikal <br> Zahnklinik und medizinisches Labor\t\t\t<\/a>\n\t\t<\/h3>\n\t\t\t\t<\/div>\n\t\t\t\t\t<\/div>\n\t\t<\/article>\n\t\t\t\t<article class=\"elementor-post elementor-grid-item post-12663 listing type-listing status-publish has-post-thumbnail hentry listing_category-diagnostik-und-allgemeine-zahnmedizin listing_category-endodontie-de listing_category-implantologie listing_category-kieferorthopadie-de listing_category-laserzahnheilkunde-und-mundgesundheit listing_category-prothetik-de listing_category-zahnkliniken-de region-skopje-de\" role=\"listitem\">\n\t\t\t<div class=\"elementor-post__card\">\n\t\t\t\t<a class=\"elementor-post__thumbnail__link\" href=\"https:\/\/traveldent.me\/de\/listing\/dental-art-dental-polyclinic\/\" tabindex=\"-1\" ><div class=\"elementor-post__thumbnail\"><img loading=\"lazy\" decoding=\"async\" width=\"428\" height=\"394\" src=\"https:\/\/traveldent.me\/wp-content\/uploads\/2023\/02\/featured.jpg\" class=\"attachment-large size-large wp-image-8914\" alt=\"\" srcset=\"https:\/\/traveldent.me\/wp-content\/uploads\/2023\/02\/featured.jpg 428w, https:\/\/traveldent.me\/wp-content\/uploads\/2023\/02\/featured-300x276.jpg 300w\" sizes=\"(max-width: 428px) 100vw, 428px\" \/><\/div><\/a>\n\t\t\t\t<div class=\"elementor-post__text\">\n\t\t\t\t<h3 class=\"elementor-post__title\">\n\t\t\t<a href=\"https:\/\/traveldent.me\/de\/listing\/dental-art-dental-polyclinic\/\" >\n\t\t\t\tDental Art <br> Zahn\u00e4rztliche Poliklinik\t\t\t<\/a>\n\t\t<\/h3>\n\t\t\t\t<\/div>\n\t\t\t\t\t<\/div>\n\t\t<\/article>\n\t\t\t\t<article class=\"elementor-post elementor-grid-item post-12659 listing type-listing status-publish has-post-thumbnail hentry listing_category-diagnostik-und-allgemeine-zahnmedizin listing_category-endodontie-de listing_category-implantologie listing_category-kieferorthopadie-de listing_category-laserzahnheilkunde-und-mundgesundheit listing_category-prothetik-de listing_category-zahnkliniken-de region-skopje-de\" role=\"listitem\">\n\t\t\t<div class=\"elementor-post__card\">\n\t\t\t\t<a class=\"elementor-post__thumbnail__link\" href=\"https:\/\/traveldent.me\/de\/listing\/dr-margita-smileva-dental-clinic\/\" tabindex=\"-1\" ><div class=\"elementor-post__thumbnail\"><img loading=\"lazy\" decoding=\"async\" width=\"428\" height=\"394\" src=\"https:\/\/traveldent.me\/wp-content\/uploads\/2023\/02\/logo.jpg\" class=\"attachment-large size-large wp-image-9347\" alt=\"\" srcset=\"https:\/\/traveldent.me\/wp-content\/uploads\/2023\/02\/logo.jpg 428w, https:\/\/traveldent.me\/wp-content\/uploads\/2023\/02\/logo-300x276.jpg 300w\" sizes=\"(max-width: 428px) 100vw, 428px\" \/><\/div><\/a>\n\t\t\t\t<div class=\"elementor-post__text\">\n\t\t\t\t<h3 class=\"elementor-post__title\">\n\t\t\t<a href=\"https:\/\/traveldent.me\/de\/listing\/dr-margita-smileva-dental-clinic\/\" >\n\t\t\t\tDr. Margita Smileva<br> Dental Clinic\t\t\t<\/a>\n\t\t<\/h3>\n\t\t\t\t<\/div>\n\t\t\t\t\t<\/div>\n\t\t<\/article>\n\t\t\t\t<\/div>\n\t\t\t\t\t<span class=\"e-load-more-spinner\">\n\t\t\t\t<i aria-hidden=\"true\" class=\"fas fa-spinner\"><\/i>\t\t\t<\/span>\n\t\t\n\t\t\t\t\t\t<\/div>\n\t\t\t\t<\/div>\n\t\t\t\t\t<\/div>\n\t\t<\/div>\n\t\t\t\t\t<\/div>\n\t\t<\/section>\n\t\t\t\t<\/div>\n\t\t<\/div>\n\t\t\t\t\t\t<\/div>\n\t\t\t\t<\/div>\n\t\t\t\t\t<\/div>\n\t\t<\/div>\n\t\t\t\t\t<\/div>\n\t\t<\/section>\n\t\t\t\t<\/div>\n\t\t","protected":false},"excerpt":{"rendered":"<p>Laser haben die Zahnmedizin einfacher und schmerzfreier gemacht als je zuvor. Die Laserzahnheilkunde bietet eine Reihe von Vorteilen, von denen einige zu nennen sind: SCHNELLE<\/p>\n","protected":false},"author":1,"featured_media":0,"parent":12551,"menu_order":0,"comment_status":"closed","ping_status":"closed","template":"","meta":{"footnotes":""},"class_list":["post-12728","page","type-page","status-publish","hentry"],"_links":{"self":[{"href":"https:\/\/traveldent.me\/de\/wp-json\/wp\/v2\/pages\/12728","targetHints":{"allow":["GET"]}}],"collection":[{"href":"https:\/\/traveldent.me\/de\/wp-json\/wp\/v2\/pages"}],"about":[{"href":"https:\/\/traveldent.me\/de\/wp-json\/wp\/v2\/types\/page"}],"author":[{"embeddable":true,"href":"https:\/\/traveldent.me\/de\/wp-json\/wp\/v2\/users\/1"}],"replies":[{"embeddable":true,"href":"https:\/\/traveldent.me\/de\/wp-json\/wp\/v2\/comments?post=12728"}],"version-history":[{"count":0,"href":"https:\/\/traveldent.me\/de\/wp-json\/wp\/v2\/pages\/12728\/revisions"}],"up":[{"embeddable":true,"href":"https:\/\/traveldent.me\/de\/wp-json\/wp\/v2\/pages\/12551"}],"wp:attachment":[{"href":"https:\/\/traveldent.me\/de\/wp-json\/wp\/v2\/media?parent=12728"}],"curies":[{"name":"wp","href":"https:\/\/api.w.org\/{rel}","templated":true}]}}