{"id":12559,"date":"2023-03-15T13:44:25","date_gmt":"2023-03-15T12:44:25","guid":{"rendered":"https:\/\/traveldent.me\/zahnaerztliche-dienstleistungen\/diagnostics-general-dentistry\/"},"modified":"2024-03-13T16:36:01","modified_gmt":"2024-03-13T15:36:01","slug":"diagnostics-general-dentistry","status":"publish","type":"page","link":"https:\/\/traveldent.me\/de\/zahnaerztliche-dienstleistungen\/diagnostics-general-dentistry\/","title":{"rendered":"Diagnostics &amp; General Dentistry"},"content":{"rendered":"\t\t<div data-elementor-type=\"wp-page\" data-elementor-id=\"12559\" class=\"elementor elementor-12559 elementor-1940\" data-elementor-post-type=\"page\">\n\t\t\t\t\t\t<section class=\"elementor-section elementor-top-section elementor-element elementor-element-38ff1595 elementor-section-boxed elementor-section-height-default elementor-section-height-default\" data-id=\"38ff1595\" data-element_type=\"section\">\n\t\t\t\t\t\t<div class=\"elementor-container elementor-column-gap-default\">\n\t\t\t\t\t<div class=\"elementor-column elementor-col-50 elementor-top-column elementor-element elementor-element-25bf54f5\" data-id=\"25bf54f5\" data-element_type=\"column\">\n\t\t\t<div class=\"elementor-widget-wrap elementor-element-populated\">\n\t\t\t\t\t\t<div class=\"elementor-element elementor-element-454bdae elementor-widget elementor-widget-heading\" data-id=\"454bdae\" data-element_type=\"widget\" data-widget_type=\"heading.default\">\n\t\t\t\t<div class=\"elementor-widget-container\">\n\t\t\t\t\t<h1 class=\"elementor-heading-title elementor-size-default\">Diagnostics &amp; General Dentistry<\/h1>\t\t\t\t<\/div>\n\t\t\t\t<\/div>\n\t\t\t\t<div class=\"elementor-element elementor-element-6c97192 elementor-widget elementor-widget-text-editor\" data-id=\"6c97192\" data-element_type=\"widget\" data-widget_type=\"text-editor.default\">\n\t\t\t\t<div class=\"elementor-widget-container\">\n\t\t\t\t\t\t\t\t\t<p><span style=\"font-weight: 400;\">Der Bereich der Stomatologie und der allgemeinen Zahnmedizin umfasst ein breites Spektrum an Behandlungen, darunter pr\u00e4ventive Zahnmedizin, restaurative Zahnmedizin, kosmetische Zahnmedizin, Kieferorthop\u00e4die und Oralchirurgie. Die pr\u00e4ventive Zahnheilkunde umfasst regelm\u00e4\u00dfige Kontrolluntersuchungen und Reinigungen sowie die Anwendung von Fluorid und anderen Behandlungen, um Karies und Zahnfleischerkrankungen zu verhindern. Die restaurative Zahnmedizin umfasst Behandlungen wie F\u00fcllungen, Kronen, Br\u00fccken und Prothesen, mit denen besch\u00e4digte oder fehlende Z\u00e4hne repariert oder ersetzt werden.<\/span><\/p>\n<p><span style=\"font-weight: 400;\">Die kosmetische Zahnheilkunde umfasst Behandlungen wie Zahnaufhellung, Veneers und Zahnimplantate, mit denen das Aussehen der Z\u00e4hne und des L\u00e4chelns verbessert werden kann.&nbsp;<\/span><a href=\"https:\/\/en.wikipedia.org\/wiki\/Orthodontics\" target=\"_blank\">Kieferorthop\u00e4die<\/a><span style=\"font-weight: 400;\">&nbsp;umfasst den Einsatz von Zahnspangen, Retainern und anderen Ger\u00e4ten zur Korrektur von Zahn- und Kieferfehlstellungen. Oralchirurgie kann bei Zahnextraktionen, Kieferoperationen oder dem Einsetzen von Zahnimplantaten erforderlich sein.<\/span><\/p>\n<p><span style=\"font-weight: 400;\">Zahn\u00e4rzte spielen auch eine wichtige Rolle bei der Diagnose und Behandlung von Mundkrebs und anderen Mund- und Kieferkrankheiten. Sie k\u00f6nnen auch Patienten mit besonderen Bed\u00fcrfnissen betreuen, z. B. Patienten mit einer k\u00f6rperlichen oder geistigen Behinderung oder Patienten mit Erkrankungen, die die Mundgesundheit beeintr\u00e4chtigen.<\/span><\/p>\n<p><span style=\"font-weight: 400;\">Die zahn\u00e4rztliche Radiologie ist der Zweig der Zahnmedizin, der sich mit der Verwendung von R\u00f6ntgenstrahlen und anderen bildgebenden Verfahren zur Diagnose und Behandlung von Zahn- und Mundkrankheiten befasst. Diese Bilder liefern wertvolle Informationen \u00fcber die Z\u00e4hne, den Kiefer und das umliegende Gewebe, die f\u00fcr eine genaue Diagnose und eine effektive Behandlungsplanung unerl\u00e4sslich sind.<\/span><\/p>\n<p><a href=\"https:\/\/en.wikipedia.org\/wiki\/Dental_radiography\" target=\"_blank\" style=\"font-family: var( --e-global-typography-text-font-family ), Sans-serif; font-weight: var( --e-global-typography-text-font-weight ); background-color: rgb(255, 255, 255);\">Zahn\u00e4rztliches R\u00f6ntgen<\/a><span style=\"font-weight: 400;\">&nbsp;ist ein weiterer wesentlicher Bestandteil der Diagnostik und der allgemeinen Zahnmedizin. Sie werden in der Regel zur Diagnose von Problemen wie Karies, impaktierten Z\u00e4hnen, Abszessen, Kiefertumoren und anderen Erkrankungen der Mundh\u00f6hle eingesetzt. Sie k\u00f6nnen auch verwendet werden, um den Fortschritt der kieferorthop\u00e4dischen Behandlung zu \u00fcberwachen und die Position von nicht durchgebrochenen oder impaktierten Z\u00e4hnen zu beurteilen.<\/span><\/p>\n<p><span style=\"font-weight: 400;\">Es gibt verschiedene Arten von zahn\u00e4rztlichen R\u00f6ntgenaufnahmen, darunter Bissfl\u00fcgelr\u00f6ntgen, periapikale R\u00f6ntgenaufnahmen und Panoramar\u00f6ntgenaufnahmen. Bissfl\u00fcgelr\u00f6ntgenaufnahmen zeigen die Kronen der oberen und unteren Z\u00e4hne, w\u00e4hrend periapikale R\u00f6ntgenaufnahmen den gesamten Zahn von der Krone bis zum Wurzelende zeigen. Panoramar\u00f6ntgenaufnahmen zeigen den gesamten Kiefer und Mund, einschlie\u00dflich aller Z\u00e4hne, der Kiefergelenke und der Nasennebenh\u00f6hlen. Ohne R\u00f6ntgenbild macht die allgemeine Zahnmedizin einige Schritte zur\u00fcck.<\/span><\/p>\n<p><span style=\"font-weight: 400;\">Neben den herk\u00f6mmlichen R\u00f6ntgenaufnahmen umfasst die zahn\u00e4rztliche Radiologie auch andere Formen der Bildgebung, darunter die Kegelstrahl-Computertomographie (CBCT), die detaillierte 3D-Bilder des Kiefers, der Z\u00e4hne und des umliegenden Gewebes liefert.<\/span><\/p>\n<p><span style=\"font-weight: 400;\">Die zahn\u00e4rztliche Radiologie ist ein sicheres und wirksames Diagnoseinstrument, und die Strahlenbelastung durch zahn\u00e4rztliche R\u00f6ntgenaufnahmen ist minimal. Die moderne R\u00f6ntgentechnik umfasst auch Ma\u00dfnahmen zur Minimierung der Strahlenbelastung, wie z. B. digitale R\u00f6ntgenstrahlen, die weniger Strahlung abgeben als herk\u00f6mmliche Filmr\u00f6ntgenstrahlen.<\/span><\/p>\n<p><span style=\"font-weight: 400;\">Zusammenfassend l\u00e4sst sich sagen, dass die zahn\u00e4rztliche Radiologie ein wichtiger Bestandteil der modernen Zahnheilkunde ist, der die Verwendung von R\u00f6ntgenstrahlen und anderen Formen der Bildgebung zur Diagnose und Behandlung von Zahn- und Mundgesundheitszust\u00e4nden umfasst. Diese Bilder liefern wertvolle Informationen, die f\u00fcr eine genaue Diagnose und eine wirksame Behandlungsplanung unerl\u00e4sslich sind, und stellen ein sicheres und wirksames Diagnoseinstrument f\u00fcr Zahn\u00e4rzte dar.<\/span><\/p>\t\t\t\t\t\t\t\t<\/div>\n\t\t\t\t<\/div>\n\t\t\t\t\t<\/div>\n\t\t<\/div>\n\t\t\t\t<div class=\"elementor-column elementor-col-50 elementor-top-column elementor-element elementor-element-44c862e\" data-id=\"44c862e\" data-element_type=\"column\">\n\t\t\t<div class=\"elementor-widget-wrap elementor-element-populated\">\n\t\t\t\t\t\t<div class=\"elementor-element elementor-element-13b6806 elementor-widget elementor-widget-image\" data-id=\"13b6806\" data-element_type=\"widget\" data-widget_type=\"image.default\">\n\t\t\t\t<div class=\"elementor-widget-container\">\n\t\t\t\t\t\t\t\t\t\t\t\t\t\t\t<img fetchpriority=\"high\" decoding=\"async\" width=\"1000\" height=\"668\" src=\"https:\/\/traveldent.me\/wp-content\/uploads\/2023\/05\/60f893e95668b4eeae157a90_shutterstock_1764875195-1.jpg\" class=\"attachment-full size-full wp-image-6673\" alt=\"General Dentistry &amp; Diagnostics in N. Macedonia\" srcset=\"https:\/\/traveldent.me\/wp-content\/uploads\/2023\/05\/60f893e95668b4eeae157a90_shutterstock_1764875195-1.jpg 1000w, https:\/\/traveldent.me\/wp-content\/uploads\/2023\/05\/60f893e95668b4eeae157a90_shutterstock_1764875195-1-300x200.jpg 300w, https:\/\/traveldent.me\/wp-content\/uploads\/2023\/05\/60f893e95668b4eeae157a90_shutterstock_1764875195-1-768x513.jpg 768w, https:\/\/traveldent.me\/wp-content\/uploads\/2023\/05\/60f893e95668b4eeae157a90_shutterstock_1764875195-1-590x394.jpg 590w, https:\/\/traveldent.me\/wp-content\/uploads\/2023\/05\/60f893e95668b4eeae157a90_shutterstock_1764875195-1-577x385.jpg 577w, https:\/\/traveldent.me\/wp-content\/uploads\/2023\/05\/60f893e95668b4eeae157a90_shutterstock_1764875195-1-600x401.jpg 600w\" sizes=\"(max-width: 1000px) 100vw, 1000px\" \/>\t\t\t\t\t\t\t\t\t\t\t\t\t\t\t<\/div>\n\t\t\t\t<\/div>\n\t\t\t\t<div class=\"elementor-element elementor-element-3cb181d elementor-widget elementor-widget-heading\" data-id=\"3cb181d\" data-element_type=\"widget\" data-widget_type=\"heading.default\">\n\t\t\t\t<div class=\"elementor-widget-container\">\n\t\t\t\t\t<h3 class=\"elementor-heading-title elementor-size-default\">Diagnostik und allgemeine Zahnmedizin DIENSTLEISTUNGEN<\/h3>\t\t\t\t<\/div>\n\t\t\t\t<\/div>\n\t\t\t\t<div class=\"elementor-element elementor-element-c70e770 elementor-widget elementor-widget-text-editor\" data-id=\"c70e770\" data-element_type=\"widget\" data-widget_type=\"text-editor.default\">\n\t\t\t\t<div class=\"elementor-widget-container\">\n\t\t\t\t\t\t\t\t\t<ul>\n<li>Zahnr\u00f6ntgen<\/li>\n<li>3D CBCT<\/li>\n<li>Verbindung<\/li>\n<li>Kompositf\u00fcllungen<\/li>\n<\/ul>\n\t\t\t\t\t\t\t\t<\/div>\n\t\t\t\t<\/div>\n\t\t\t\t\t<\/div>\n\t\t<\/div>\n\t\t\t\t\t<\/div>\n\t\t<\/section>\n\t\t\t\t<section class=\"elementor-section elementor-top-section elementor-element elementor-element-2cc022d elementor-section-stretched elementor-section-boxed elementor-section-height-default elementor-section-height-default\" data-id=\"2cc022d\" data-element_type=\"section\" id=\"quotefront\" data-settings=\"{&quot;stretch_section&quot;:&quot;section-stretched&quot;,&quot;background_background&quot;:&quot;classic&quot;}\">\n\t\t\t\t\t\t<div class=\"elementor-container elementor-column-gap-default\">\n\t\t\t\t\t<div class=\"elementor-column elementor-col-100 elementor-top-column elementor-element elementor-element-5e5da98e\" data-id=\"5e5da98e\" data-element_type=\"column\">\n\t\t\t<div class=\"elementor-widget-wrap elementor-element-populated\">\n\t\t\t\t\t\t<div class=\"elementor-element elementor-element-6fccfba elementor-widget elementor-widget-shortcode\" data-id=\"6fccfba\" data-element_type=\"widget\" data-widget_type=\"shortcode.default\">\n\t\t\t\t<div class=\"elementor-widget-container\">\n\t\t\t\t\t\t\t<div class=\"elementor-shortcode\">\t\t<div data-elementor-type=\"section\" data-elementor-id=\"12248\" class=\"elementor elementor-12248 elementor-1870\" data-elementor-post-type=\"elementor_library\">\n\t\t\t\t\t<section class=\"elementor-section elementor-top-section elementor-element elementor-element-72e35e22 elementor-section-stretched elementor-section-boxed elementor-section-height-default elementor-section-height-default\" data-id=\"72e35e22\" data-element_type=\"section\" id=\"quotefront\" data-settings=\"{&quot;stretch_section&quot;:&quot;section-stretched&quot;,&quot;background_background&quot;:&quot;classic&quot;}\">\n\t\t\t\t\t\t<div class=\"elementor-container elementor-column-gap-default\">\n\t\t\t\t\t<div class=\"elementor-column elementor-col-100 elementor-top-column elementor-element elementor-element-65d2068a\" data-id=\"65d2068a\" data-element_type=\"column\">\n\t\t\t<div class=\"elementor-widget-wrap elementor-element-populated\">\n\t\t\t\t\t\t<div class=\"elementor-element elementor-element-2d437916 elementor-widget elementor-widget-image\" data-id=\"2d437916\" data-element_type=\"widget\" data-widget_type=\"image.default\">\n\t\t\t\t<div class=\"elementor-widget-container\">\n\t\t\t\t\t\t\t\t\t\t\t\t\t\t\t<img decoding=\"async\" src=\"https:\/\/traveldent.me\/wp-content\/uploads\/2023\/09\/clinics_ge.png\" title=\"clinics_ge\" alt=\"clinics_ge\" loading=\"lazy\" \/>\t\t\t\t\t\t\t\t\t\t\t\t\t\t\t<\/div>\n\t\t\t\t<\/div>\n\t\t\t\t<div class=\"elementor-element elementor-element-cff4c1d elementor-posts__hover-none elementor-grid-3 elementor-grid-tablet-2 elementor-grid-mobile-1 elementor-posts--thumbnail-top elementor-card-shadow-yes elementor-widget elementor-widget-posts\" data-id=\"cff4c1d\" data-element_type=\"widget\" data-settings=\"{&quot;pagination_type&quot;:&quot;load_more_infinite_scroll&quot;,&quot;cards_columns&quot;:&quot;3&quot;,&quot;cards_columns_tablet&quot;:&quot;2&quot;,&quot;cards_columns_mobile&quot;:&quot;1&quot;,&quot;cards_row_gap&quot;:{&quot;unit&quot;:&quot;px&quot;,&quot;size&quot;:35,&quot;sizes&quot;:[]},&quot;cards_row_gap_tablet&quot;:{&quot;unit&quot;:&quot;px&quot;,&quot;size&quot;:&quot;&quot;,&quot;sizes&quot;:[]},&quot;cards_row_gap_mobile&quot;:{&quot;unit&quot;:&quot;px&quot;,&quot;size&quot;:&quot;&quot;,&quot;sizes&quot;:[]},&quot;load_more_spinner&quot;:{&quot;value&quot;:&quot;fas fa-spinner&quot;,&quot;library&quot;:&quot;fa-solid&quot;}}\" data-widget_type=\"posts.cards\">\n\t\t\t\t<div class=\"elementor-widget-container\">\n\t\t\t\t\t\t\t<div class=\"elementor-posts-container elementor-posts elementor-posts--skin-cards elementor-grid\" role=\"list\">\n\t\t\t\t<article class=\"elementor-post elementor-grid-item post-12663 listing type-listing status-publish has-post-thumbnail hentry listing_category-diagnostik-und-allgemeine-zahnmedizin listing_category-endodontie-de listing_category-implantologie listing_category-kieferorthopadie-de listing_category-laserzahnheilkunde-und-mundgesundheit listing_category-prothetik-de listing_category-zahnkliniken-de region-skopje-de\" role=\"listitem\">\n\t\t\t<div class=\"elementor-post__card\">\n\t\t\t\t<a class=\"elementor-post__thumbnail__link\" href=\"https:\/\/traveldent.me\/de\/listing\/dental-art-dental-polyclinic\/\" tabindex=\"-1\" ><div class=\"elementor-post__thumbnail\"><img decoding=\"async\" width=\"428\" height=\"394\" src=\"https:\/\/traveldent.me\/wp-content\/uploads\/2023\/02\/featured.jpg\" class=\"attachment-large size-large wp-image-8914\" alt=\"\" srcset=\"https:\/\/traveldent.me\/wp-content\/uploads\/2023\/02\/featured.jpg 428w, https:\/\/traveldent.me\/wp-content\/uploads\/2023\/02\/featured-300x276.jpg 300w\" sizes=\"(max-width: 428px) 100vw, 428px\" \/><\/div><\/a>\n\t\t\t\t<div class=\"elementor-post__text\">\n\t\t\t\t<h3 class=\"elementor-post__title\">\n\t\t\t<a href=\"https:\/\/traveldent.me\/de\/listing\/dental-art-dental-polyclinic\/\" >\n\t\t\t\tDental Art <br> Zahn\u00e4rztliche Poliklinik\t\t\t<\/a>\n\t\t<\/h3>\n\t\t\t\t<\/div>\n\t\t\t\t\t<\/div>\n\t\t<\/article>\n\t\t\t\t<article class=\"elementor-post elementor-grid-item post-12661 listing type-listing status-publish has-post-thumbnail hentry listing_category-diagnostik-und-allgemeine-zahnmedizin listing_category-endodontie-de listing_category-implantologie listing_category-kieferorthopadie-de listing_category-laserzahnheilkunde-und-mundgesundheit listing_category-prothetik-de listing_category-zahnkliniken-de region-bitola-de\" role=\"listitem\">\n\t\t\t<div class=\"elementor-post__card\">\n\t\t\t\t<a class=\"elementor-post__thumbnail__link\" href=\"https:\/\/traveldent.me\/de\/listing\/smile-design-zahnaerztliche-poliklinik\/\" tabindex=\"-1\" ><div class=\"elementor-post__thumbnail\"><img decoding=\"async\" width=\"428\" height=\"394\" src=\"https:\/\/traveldent.me\/wp-content\/uploads\/2023\/02\/Sm-featured.jpg\" class=\"attachment-large size-large wp-image-7510\" alt=\"\" srcset=\"https:\/\/traveldent.me\/wp-content\/uploads\/2023\/02\/Sm-featured.jpg 428w, https:\/\/traveldent.me\/wp-content\/uploads\/2023\/02\/Sm-featured-300x276.jpg 300w\" sizes=\"(max-width: 428px) 100vw, 428px\" \/><\/div><\/a>\n\t\t\t\t<div class=\"elementor-post__text\">\n\t\t\t\t<h3 class=\"elementor-post__title\">\n\t\t\t<a href=\"https:\/\/traveldent.me\/de\/listing\/smile-design-zahnaerztliche-poliklinik\/\" >\n\t\t\t\tSmile &amp; DesigN <br>Zahn\u00e4rztliche Poliklinik\t\t\t<\/a>\n\t\t<\/h3>\n\t\t\t\t<\/div>\n\t\t\t\t\t<\/div>\n\t\t<\/article>\n\t\t\t\t<article class=\"elementor-post elementor-grid-item post-12457 listing type-listing status-publish has-post-thumbnail hentry listing_category-diagnostik-und-allgemeine-zahnmedizin listing_category-endodontie-de listing_category-gesichtsasthetik listing_category-implantologie listing_category-kieferorthopadie-de listing_category-laserzahnheilkunde-und-mundgesundheit listing_category-prothetik-de listing_category-zahnkliniken-de region-skopje-de\" role=\"listitem\">\n\t\t\t<div class=\"elementor-post__card\">\n\t\t\t\t<a class=\"elementor-post__thumbnail__link\" href=\"https:\/\/traveldent.me\/de\/listing\/mediana-medikal-dental-clinic\/\" tabindex=\"-1\" ><div class=\"elementor-post__thumbnail\"><img loading=\"lazy\" decoding=\"async\" width=\"428\" height=\"394\" src=\"https:\/\/traveldent.me\/wp-content\/uploads\/2023\/02\/logo-3.jpg\" class=\"attachment-large size-large wp-image-9795\" alt=\"\" srcset=\"https:\/\/traveldent.me\/wp-content\/uploads\/2023\/02\/logo-3.jpg 428w, https:\/\/traveldent.me\/wp-content\/uploads\/2023\/02\/logo-3-300x276.jpg 300w\" sizes=\"(max-width: 428px) 100vw, 428px\" \/><\/div><\/a>\n\t\t\t\t<div class=\"elementor-post__text\">\n\t\t\t\t<h3 class=\"elementor-post__title\">\n\t\t\t<a href=\"https:\/\/traveldent.me\/de\/listing\/mediana-medikal-dental-clinic\/\" >\n\t\t\t\tMediana Medikal<br> Dental Clinic\t\t\t<\/a>\n\t\t<\/h3>\n\t\t\t\t<\/div>\n\t\t\t\t\t<\/div>\n\t\t<\/article>\n\t\t\t\t<article class=\"elementor-post elementor-grid-item post-12659 listing type-listing status-publish has-post-thumbnail hentry listing_category-diagnostik-und-allgemeine-zahnmedizin listing_category-endodontie-de listing_category-implantologie listing_category-kieferorthopadie-de listing_category-laserzahnheilkunde-und-mundgesundheit listing_category-prothetik-de listing_category-zahnkliniken-de region-skopje-de\" role=\"listitem\">\n\t\t\t<div class=\"elementor-post__card\">\n\t\t\t\t<a class=\"elementor-post__thumbnail__link\" href=\"https:\/\/traveldent.me\/de\/listing\/dr-margita-smileva-dental-clinic\/\" tabindex=\"-1\" ><div class=\"elementor-post__thumbnail\"><img loading=\"lazy\" decoding=\"async\" width=\"428\" height=\"394\" src=\"https:\/\/traveldent.me\/wp-content\/uploads\/2023\/02\/logo.jpg\" class=\"attachment-large size-large wp-image-9347\" alt=\"\" srcset=\"https:\/\/traveldent.me\/wp-content\/uploads\/2023\/02\/logo.jpg 428w, https:\/\/traveldent.me\/wp-content\/uploads\/2023\/02\/logo-300x276.jpg 300w\" sizes=\"(max-width: 428px) 100vw, 428px\" \/><\/div><\/a>\n\t\t\t\t<div class=\"elementor-post__text\">\n\t\t\t\t<h3 class=\"elementor-post__title\">\n\t\t\t<a href=\"https:\/\/traveldent.me\/de\/listing\/dr-margita-smileva-dental-clinic\/\" >\n\t\t\t\tDr. Margita Smileva<br> Dental Clinic\t\t\t<\/a>\n\t\t<\/h3>\n\t\t\t\t<\/div>\n\t\t\t\t\t<\/div>\n\t\t<\/article>\n\t\t\t\t<article class=\"elementor-post elementor-grid-item post-12170 listing type-listing status-publish has-post-thumbnail hentry listing_category-diagnostik-und-allgemeine-zahnmedizin listing_category-endodontie-de listing_category-implantologie listing_category-kieferorthopadie-de listing_category-laserzahnheilkunde-und-mundgesundheit listing_category-prothetik-de listing_category-zahnkliniken-de region-skopje-de\" role=\"listitem\">\n\t\t\t<div class=\"elementor-post__card\">\n\t\t\t\t<a class=\"elementor-post__thumbnail__link\" href=\"https:\/\/traveldent.me\/de\/listing\/eternadent-zentrum-fuer-zahngesundheit\/\" tabindex=\"-1\" ><div class=\"elementor-post__thumbnail\"><img loading=\"lazy\" decoding=\"async\" width=\"600\" height=\"200\" src=\"https:\/\/traveldent.me\/wp-content\/uploads\/2023\/02\/eterna.jpg\" class=\"attachment-large size-large wp-image-10269\" alt=\"\" srcset=\"https:\/\/traveldent.me\/wp-content\/uploads\/2023\/02\/eterna.jpg 600w, https:\/\/traveldent.me\/wp-content\/uploads\/2023\/02\/eterna-300x100.jpg 300w, https:\/\/traveldent.me\/wp-content\/uploads\/2023\/02\/eterna-590x197.jpg 590w, https:\/\/traveldent.me\/wp-content\/uploads\/2023\/02\/eterna-577x192.jpg 577w\" sizes=\"(max-width: 600px) 100vw, 600px\" \/><\/div><\/a>\n\t\t\t\t<div class=\"elementor-post__text\">\n\t\t\t\t<h3 class=\"elementor-post__title\">\n\t\t\t<a href=\"https:\/\/traveldent.me\/de\/listing\/eternadent-zentrum-fuer-zahngesundheit\/\" >\n\t\t\t\tETERNAdent<br> Zentrum f\u00fcr Zahngesundheit\t\t\t<\/a>\n\t\t<\/h3>\n\t\t\t\t<\/div>\n\t\t\t\t\t<\/div>\n\t\t<\/article>\n\t\t\t\t<article class=\"elementor-post elementor-grid-item post-12665 listing type-listing status-publish has-post-thumbnail hentry listing_category-diagnostik-und-allgemeine-zahnmedizin listing_category-endodontie-de listing_category-gesichtsasthetik listing_category-implantologie listing_category-kieferorthopadie-de listing_category-laserzahnheilkunde-und-mundgesundheit listing_category-prothetik-de listing_category-zahnkliniken-de region-skopje-de\" role=\"listitem\">\n\t\t\t<div class=\"elementor-post__card\">\n\t\t\t\t<a class=\"elementor-post__thumbnail__link\" href=\"https:\/\/traveldent.me\/de\/listing\/dento-medikal-zahnklinik-und-medizinisches-labor\/\" tabindex=\"-1\" ><div class=\"elementor-post__thumbnail\"><img loading=\"lazy\" decoding=\"async\" width=\"428\" height=\"394\" src=\"https:\/\/traveldent.me\/wp-content\/uploads\/2023\/02\/FPDM.jpg\" class=\"attachment-large size-large wp-image-8704\" alt=\"\" srcset=\"https:\/\/traveldent.me\/wp-content\/uploads\/2023\/02\/FPDM.jpg 428w, https:\/\/traveldent.me\/wp-content\/uploads\/2023\/02\/FPDM-300x276.jpg 300w\" sizes=\"(max-width: 428px) 100vw, 428px\" \/><\/div><\/a>\n\t\t\t\t<div class=\"elementor-post__text\">\n\t\t\t\t<h3 class=\"elementor-post__title\">\n\t\t\t<a href=\"https:\/\/traveldent.me\/de\/listing\/dento-medikal-zahnklinik-und-medizinisches-labor\/\" >\n\t\t\t\tDento Medikal <br> Zahnklinik und medizinisches Labor\t\t\t<\/a>\n\t\t<\/h3>\n\t\t\t\t<\/div>\n\t\t\t\t\t<\/div>\n\t\t<\/article>\n\t\t\t\t<\/div>\n\t\t\t\t\t<span class=\"e-load-more-spinner\">\n\t\t\t\t<i aria-hidden=\"true\" class=\"fas fa-spinner\"><\/i>\t\t\t<\/span>\n\t\t\n\t\t\t\t\t\t<\/div>\n\t\t\t\t<\/div>\n\t\t\t\t\t<\/div>\n\t\t<\/div>\n\t\t\t\t\t<\/div>\n\t\t<\/section>\n\t\t\t\t<\/div>\n\t\t<\/div>\n\t\t\t\t\t\t<\/div>\n\t\t\t\t<\/div>\n\t\t\t\t\t<\/div>\n\t\t<\/div>\n\t\t\t\t\t<\/div>\n\t\t<\/section>\n\t\t\t\t<\/div>\n\t\t","protected":false},"excerpt":{"rendered":"<p>Der Bereich der Stomatologie und der allgemeinen Zahnmedizin umfasst ein breites Spektrum an Behandlungen, darunter pr\u00e4ventive Zahnmedizin, restaurative Zahnmedizin, kosmetische Zahnmedizin, Kieferorthop\u00e4die und Oralchirurgie. Die<\/p>\n","protected":false},"author":1,"featured_media":6676,"parent":12551,"menu_order":0,"comment_status":"closed","ping_status":"closed","template":"","meta":{"footnotes":""},"class_list":["post-12559","page","type-page","status-publish","has-post-thumbnail","hentry"],"_links":{"self":[{"href":"https:\/\/traveldent.me\/de\/wp-json\/wp\/v2\/pages\/12559","targetHints":{"allow":["GET"]}}],"collection":[{"href":"https:\/\/traveldent.me\/de\/wp-json\/wp\/v2\/pages"}],"about":[{"href":"https:\/\/traveldent.me\/de\/wp-json\/wp\/v2\/types\/page"}],"author":[{"embeddable":true,"href":"https:\/\/traveldent.me\/de\/wp-json\/wp\/v2\/users\/1"}],"replies":[{"embeddable":true,"href":"https:\/\/traveldent.me\/de\/wp-json\/wp\/v2\/comments?post=12559"}],"version-history":[{"count":0,"href":"https:\/\/traveldent.me\/de\/wp-json\/wp\/v2\/pages\/12559\/revisions"}],"up":[{"embeddable":true,"href":"https:\/\/traveldent.me\/de\/wp-json\/wp\/v2\/pages\/12551"}],"wp:featuredmedia":[{"embeddable":true,"href":"https:\/\/traveldent.me\/de\/wp-json\/wp\/v2\/media\/6676"}],"wp:attachment":[{"href":"https:\/\/traveldent.me\/de\/wp-json\/wp\/v2\/media?parent=12559"}],"curies":[{"name":"wp","href":"https:\/\/api.w.org\/{rel}","templated":true}]}}