{"id":12539,"date":"2021-09-17T10:33:12","date_gmt":"2021-09-17T09:33:12","guid":{"rendered":"https:\/\/traveldent.me\/kontakt\/"},"modified":"2024-03-13T17:07:41","modified_gmt":"2024-03-13T16:07:41","slug":"kontakt","status":"publish","type":"page","link":"https:\/\/traveldent.me\/de\/kontakt\/","title":{"rendered":"Kontakt"},"content":{"rendered":"\t\t<div data-elementor-type=\"wp-page\" data-elementor-id=\"12539\" class=\"elementor elementor-12539 elementor-69\" data-elementor-post-type=\"page\">\n\t\t\t\t\t\t<section class=\"elementor-section elementor-top-section elementor-element elementor-element-f3f4c70 elementor-section-boxed elementor-section-height-default elementor-section-height-default\" data-id=\"f3f4c70\" data-element_type=\"section\">\n\t\t\t\t\t\t<div class=\"elementor-container elementor-column-gap-default\">\n\t\t\t\t\t<div class=\"elementor-column elementor-col-100 elementor-top-column elementor-element elementor-element-998f974\" data-id=\"998f974\" data-element_type=\"column\">\n\t\t\t<div class=\"elementor-widget-wrap elementor-element-populated\">\n\t\t\t\t\t\t<div class=\"elementor-element elementor-element-bfb34f4 elementor-widget elementor-widget-text-editor\" data-id=\"bfb34f4\" data-element_type=\"widget\" data-widget_type=\"text-editor.default\">\n\t\t\t\t<div class=\"elementor-widget-container\">\n\t\t\t\t\t\t\t\t\t<p>Adresse: 23 Oktomvri 7a, Skopje 1000, N.Mazedonien<br \/>GSM: <span style=\"color: #ffffff;\">+38975336339<\/span><br \/>e-mail: <span style=\"color: #ffffff;\">contact@traveldent.me<\/span><br \/>Arbeitszeiten:<br \/>Mo-Fr: 10:00 &#8211; 18:00<br \/>Sa: 10:00 &#8211; 16:00 <\/p>\n\t\t\t\t\t\t\t\t<\/div>\n\t\t\t\t<\/div>\n\t\t\t\t\t<\/div>\n\t\t<\/div>\n\t\t\t\t\t<\/div>\n\t\t<\/section>\n\t\t<div class=\"elementor-element elementor-element-a145a8c e-flex e-con-boxed e-con e-parent\" data-id=\"a145a8c\" data-element_type=\"container\">\n\t\t\t\t\t<div class=\"e-con-inner\">\n\t\t\t\t<div class=\"elementor-element elementor-element-0cbcb41 elementor-hidden-desktop elementor-hidden-tablet elementor-hidden-mobile elementor-widget elementor-widget-heading\" data-id=\"0cbcb41\" data-element_type=\"widget\" data-widget_type=\"heading.default\">\n\t\t\t\t<div class=\"elementor-widget-container\">\n\t\t\t\t\t<h2 class=\"elementor-heading-title elementor-size-default\">Entdecken Sie Ihr perfektes L\u00e4cheln: Kontaktieren Sie Travel Dent Me, um sich mit den 15 besten Zahnkliniken in Nord-Mazedonien zu verbinden<\/h2>\t\t\t\t<\/div>\n\t\t\t\t<\/div>\n\t\t\t\t\t<\/div>\n\t\t\t\t<\/div>\n\t\t<div class=\"elementor-element elementor-element-464d51a e-flex e-con-boxed e-con e-parent\" data-id=\"464d51a\" data-element_type=\"container\">\n\t\t\t\t\t<div class=\"e-con-inner\">\n\t\t\t\t<div class=\"elementor-element elementor-element-13c6739 elementor-hidden-desktop elementor-hidden-tablet elementor-hidden-mobile elementor-widget elementor-widget-text-editor\" data-id=\"13c6739\" data-element_type=\"widget\" data-widget_type=\"text-editor.default\">\n\t\t\t\t<div class=\"elementor-widget-container\">\n\t\t\t\t\t\t\t\t\t<p>Willkommen bei Travel Dent Me, Ihrem ultimativen Leitfaden f\u00fcr ein perfektes L\u00e4cheln bei der Erkundung der malerischen Sch\u00f6nheit Nordmazedoniens. Wir verstehen, dass die Suche nach der richtigen Zahnklinik in einem fremden Land entmutigend sein kann, aber keine Sorge! In diesem Blog werden wir Ihr Kompass sein, der Sie durch die Dentallandschaft Nordmazedoniens navigiert, um Ihnen zu helfen, die besten Kliniken zu finden, die auf Ihre Bed\u00fcrfnisse im Bereich der Mundgesundheit eingehen.<\/p>\n<p>1. Die Sch\u00f6nheit des Zahntourismus in Nordmazedonien:<br \/>Nordmazedonien hat sich zu einem versteckten Juwel f\u00fcr den Zahntourismus entwickelt und bietet eine einzigartige Mischung aus hochwertiger zahnmedizinischer Versorgung und atemberaubender Landschaft. W\u00e4hrend Sie sich auf die Reise zu einem ges\u00fcnderen und strahlenderen L\u00e4cheln begeben, k\u00f6nnen Sie auch in die reiche Geschichte und die herzliche Gastfreundschaft Nordmazedoniens eintauchen, die es zu bieten hat.<\/p>\n<p>2. Warum Nord-Mazedonien f\u00fcr die Zahnpflege w\u00e4hlen?<br \/><a href=\"https:\/\/www.facebook.com\/dental.services.abroad.mk\">Nordmazedonien<\/a> ist aufgrund seiner qualifizierten zahnmedizinischen Fachkr\u00e4fte, hochmodernen Einrichtungen und kosteneffektiven Behandlungen zu einem begehrten Ziel f\u00fcr zahnmedizinische Behandlungen geworden. Die Zahnkliniken des Landes entsprechen internationalen Standards, so dass die Patienten eine erstklassige Versorgung zu einem Bruchteil der Kosten erhalten, die in anderen L\u00e4ndern anfallen w\u00fcrden.<\/p>\n<p>3. <a href=\"https:\/\/traveldent.me\/de\/dental-clinics\/\">Top Zahnkliniken in Nord-Mazedonien<\/a>:<br \/>a. Skopje Dental Exzellenz:<br \/>Im Herzen der Hauptstadt gelegen, ist Skopje Dental Excellence ein Leuchtturm f\u00fcr fortschrittliche zahnmedizinische Versorgung. Die Klinik verf\u00fcgt \u00fcber ein Team von erfahrenen Zahn\u00e4rzten und Spezialisten, die mit modernster Technologie ein breites Spektrum an Dienstleistungen anbieten, darunter kosmetische Zahnmedizin, Zahnimplantate und Kieferorthop\u00e4die. Das mehrsprachige Personal sorgt f\u00fcr eine reibungslose Kommunikation und ist damit die ideale Wahl f\u00fcr internationale Patienten.<\/p>\n<p>b. Ohrid Smiles Klinik:<br \/>An den Ufern des bezaubernden Ohridsees gelegen, verbindet die Ohrid Smiles Clinic zahnmedizinisches Fachwissen mit einer ruhigen Umgebung. Diese Klinik ist auf einen ganzheitlichen Ansatz f\u00fcr die Mundgesundheit spezialisiert und bietet allgemeine Zahnmedizin, Parodontologie und Oralchirurgie. Die Patienten k\u00f6nnen ihr L\u00e4cheln verj\u00fcngen, w\u00e4hrend sie die ruhige Umgebung eines der \u00e4ltesten und tiefsten Seen Europas genie\u00dfen.<\/p>\n<p>c. Bitola Dental Harmony:<br \/>F\u00fcr diejenigen, die eine umfassende zahn\u00e4rztliche Versorgung im s\u00fcdlichen Teil des Landes suchen, ist Bitola Dental Harmony die erste Adresse. Die Klinik legt gro\u00dfen Wert auf den Komfort und die Zufriedenheit der Patienten und bietet Dienstleistungen wie Zahnaufhellung, Kronen und Wurzelbehandlungen an. Bitola Dental Harmony legt gro\u00dfen Wert auf pers\u00f6nliche Betreuung und stellt sicher, dass jeder Patient einen ma\u00dfgeschneiderten Behandlungsplan erh\u00e4lt, um eine optimale Mundgesundheit zu erreichen.<\/p>\n<p>4. Wie Travel Dent Me Ihnen helfen kann:<br \/>Die Navigation durch die zahnmedizinische Landschaft in einem fremden Land kann eine Herausforderung sein, aber Travel Dent Me ist hier, um den Prozess f\u00fcr Sie zu vereinfachen. Unsere Plattform bringt Patienten mit den besten Zahnkliniken in Nordmazedonien zusammen und bietet eine kuratierte Liste von akkreditierten und seri\u00f6sen Einrichtungen. Durch die Zusammenarbeit mit Travel Dent Me erhalten Sie Zugang zu einem Netzwerk von erfahrenen Zahn\u00e4rzten, transparenten Preisen und einem nahtlosen Buchungsprozess.<\/p>\n<p>5. Die Travel Dent Me Erfahrung:<br \/>a. Benutzerfreundliche Plattform:<br \/>Bei der Gestaltung unserer Website haben wir auf Einfachheit geachtet. St\u00f6bern Sie in unserer ausgew\u00e4hlten Liste von Zahnkliniken, lesen Sie Patientenbewertungen und informieren Sie sich \u00fcber die angebotenen Leistungen &#8211; alles bequem von zu Hause aus. Unsere benutzerfreundliche Oberfl\u00e4che sorgt daf\u00fcr, dass Sie Ihre zahnmedizinische Reise m\u00fchelos planen k\u00f6nnen.<\/p>\n<p>b. Personalisierte Unterst\u00fctzung:<br \/>Bei Travel Dent Me wissen wir, dass jeder Patient einzigartig ist. Unser Team ist bestrebt, Sie bei der Auswahl der Klinik, die Ihren speziellen Bed\u00fcrfnissen und Vorlieben entspricht, pers\u00f6nlich zu unterst\u00fctzen. Ganz gleich, ob Sie eine kosmetische Zahnbehandlung oder eine Routineuntersuchung w\u00fcnschen, wir haben das Richtige f\u00fcr Sie.<\/p>\n<p>c. Transparente Preisgestaltung:<br \/>Eines der Hauptanliegen von Zahntouristen ist eine transparente Preisgestaltung. Travel Dent Me geht auf dieses Problem ein, indem es klare und detaillierte Informationen \u00fcber die Kosten verschiedener zahn\u00e4rztlicher Verfahren bereitstellt. Verabschieden Sie sich von versteckten Geb\u00fchren und unerwarteten Ausgaben &#8211; mit Travel Dent Me wissen Sie genau, was auf Sie zukommt.<\/p>\n<p>Schlussfolgerung:<br \/>Begeben Sie sich auf eine Reise zu einem ges\u00fcnderen und sch\u00f6neren L\u00e4cheln mit Travel Dent Me als Ihrem zuverl\u00e4ssigen Begleiter. Erkunden Sie die lebendige Zahnlandschaft Nordmazedoniens und erleben Sie die W\u00e4rme seiner Kultur und die Sch\u00f6nheit seiner Landschaften. Mit unserer Liste der besten Zahnkliniken, der pers\u00f6nlichen Betreuung und der transparenten Preisgestaltung wird Ihr Zahntourismus zu einem reibungslosen und lohnenden Erlebnis. Kontaktieren Sie uns noch heute und lassen Sie sich von den Experten von Travel Dent Me zum L\u00e4cheln Ihres Lebens f\u00fchren!<\/p>\n\t\t\t\t\t\t\t\t<\/div>\n\t\t\t\t<\/div>\n\t\t\t\t\t<\/div>\n\t\t\t\t<\/div>\n\t\t<div class=\"elementor-element elementor-element-f30de83 e-flex e-con-boxed e-con e-parent\" data-id=\"f30de83\" data-element_type=\"container\">\n\t\t\t\t\t<div class=\"e-con-inner\">\n\t\t\t\t<div class=\"elementor-element elementor-element-448c44e elementor-hidden-desktop elementor-hidden-tablet elementor-hidden-mobile elementor-widget elementor-widget-image\" data-id=\"448c44e\" data-element_type=\"widget\" data-widget_type=\"image.default\">\n\t\t\t\t<div class=\"elementor-widget-container\">\n\t\t\t\t\t\t\t\t\t\t\t\t\t\t\t<img decoding=\"async\" width=\"247\" height=\"197\" src=\"https:\/\/traveldent.me\/wp-content\/uploads\/2024\/02\/North-Macedonia-map-with-flag.gif\" class=\"attachment-large size-large wp-image-13992\" alt=\"contact, travel dent me, best dental clinics,\" \/>\t\t\t\t\t\t\t\t\t\t\t\t\t\t\t<\/div>\n\t\t\t\t<\/div>\n\t\t\t\t\t<\/div>\n\t\t\t\t<\/div>\n\t\t\t\t<\/div>\n\t\t","protected":false},"excerpt":{"rendered":"<p>Adresse: 23 Oktomvri 7a, Skopje 1000, N.Mazedonien GSM: +38975336339 e-mail: contact@traveldent.me Arbeitszeiten: Mo-Fr: 10:00 &#8211; 18:00 Sa: 10:00 &#8211; 16:00 Entdecken Sie Ihr perfektes L\u00e4cheln: Kontaktieren Sie Travel Dent Me, um sich mit den 15 besten Zahnkliniken in Nord-Mazedonien zu verbinden Willkommen bei Travel Dent Me, Ihrem ultimativen Leitfaden f\u00fcr ein perfektes L\u00e4cheln bei der [&hellip;]<\/p>\n","protected":false},"author":1,"featured_media":0,"parent":0,"menu_order":0,"comment_status":"closed","ping_status":"closed","template":"","meta":{"footnotes":""},"class_list":["post-12539","page","type-page","status-publish","hentry"],"_links":{"self":[{"href":"https:\/\/traveldent.me\/de\/wp-json\/wp\/v2\/pages\/12539","targetHints":{"allow":["GET"]}}],"collection":[{"href":"https:\/\/traveldent.me\/de\/wp-json\/wp\/v2\/pages"}],"about":[{"href":"https:\/\/traveldent.me\/de\/wp-json\/wp\/v2\/types\/page"}],"author":[{"embeddable":true,"href":"https:\/\/traveldent.me\/de\/wp-json\/wp\/v2\/users\/1"}],"replies":[{"embeddable":true,"href":"https:\/\/traveldent.me\/de\/wp-json\/wp\/v2\/comments?post=12539"}],"version-history":[{"count":0,"href":"https:\/\/traveldent.me\/de\/wp-json\/wp\/v2\/pages\/12539\/revisions"}],"wp:attachment":[{"href":"https:\/\/traveldent.me\/de\/wp-json\/wp\/v2\/media?parent=12539"}],"curies":[{"name":"wp","href":"https:\/\/api.w.org\/{rel}","templated":true}]}}