{"id":12525,"date":"2023-03-15T13:40:31","date_gmt":"2023-03-15T12:40:31","guid":{"rendered":"https:\/\/traveldent.me\/ueber-traveldentme\/"},"modified":"2024-03-12T12:14:05","modified_gmt":"2024-03-12T11:14:05","slug":"ueber-traveldentme","status":"publish","type":"page","link":"https:\/\/traveldent.me\/de\/ueber-traveldentme\/","title":{"rendered":"\u00dcber TravelDentMe"},"content":{"rendered":"\t\t<div data-elementor-type=\"wp-page\" data-elementor-id=\"12525\" class=\"elementor elementor-12525 elementor-1313\" data-elementor-post-type=\"page\">\n\t\t\t\t\t\t<section class=\"elementor-section elementor-top-section elementor-element elementor-element-f3f4c70 elementor-section-boxed elementor-section-height-default elementor-section-height-default\" data-id=\"f3f4c70\" data-element_type=\"section\">\n\t\t\t\t\t\t<div class=\"elementor-container elementor-column-gap-default\">\n\t\t\t\t\t<div class=\"elementor-column elementor-col-100 elementor-top-column elementor-element elementor-element-998f974\" data-id=\"998f974\" data-element_type=\"column\">\n\t\t\t<div class=\"elementor-widget-wrap elementor-element-populated\">\n\t\t\t\t\t\t<div class=\"elementor-element elementor-element-eb90852 elementor-widget elementor-widget-heading\" data-id=\"eb90852\" data-element_type=\"widget\" data-widget_type=\"heading.default\">\n\t\t\t\t<div class=\"elementor-widget-container\">\n\t\t\t\t\t<h1 class=\"elementor-heading-title elementor-size-default\">\u00dcber TravelDentMe<\/h1>\t\t\t\t<\/div>\n\t\t\t\t<\/div>\n\t\t\t\t<div class=\"elementor-element elementor-element-f5cef7c elementor-widget elementor-widget-text-editor\" data-id=\"f5cef7c\" data-element_type=\"widget\" data-widget_type=\"text-editor.default\">\n\t\t\t\t<div class=\"elementor-widget-container\">\n\t\t\t\t\t\t\t\t\t<h1><span style=\"font-weight: 400;\">Travel Dent Me ist eine Plattform f\u00fcr zahn\u00e4rztliche Dienstleistungen mit Sitz in Nordmazedonien. <\/span><\/h1>\n<p>Travel Dent Me ist eine Website f\u00fcr Zahntourismus, die Menschen auf der ganzen Welt Informationen zur Zahnpflege bietet. Unser Team ist bekannt f\u00fcr seine erstklassige Methode, kompetente zahn\u00e4rztliche Dienstleistungen zu finden. Wir vermitteln kompetente Zahn\u00e4rzte und budgetfreundliche Preise. Auf der Grundlage unserer mehr als 18-j\u00e4hrigen Erfahrung haben wir die M\u00f6glichkeit entdeckt, internationalen Patienten zahn\u00e4rztliche Dienstleistungen in Form eines vollwertigen Zahntourismus anzubieten.<\/p>\n<p><span style=\"font-weight: 400;\">&nbsp;<\/span><\/p>\n<h2>Nordmazedonien entwickelt sich zu einem beliebten Ziel f\u00fcr zahn\u00e4rztliche Leistungen.<\/h2>\n<p><a href=\"https:\/\/traveldent.me\/de\/ueber-traveldentme\/\">Travel Dent Me<\/a> ist eine Website f\u00fcr Zahntourismus, die hochwertige Zahnkliniken und -praxen im Land vorstellt. Kliniken, die verschiedene zahn\u00e4rztliche Leistungen anbieten. Allgemeine Zahnmedizin, kosmetische Zahnmedizin, Kieferorthop\u00e4die und Oralchirurgie sind nur einige davon. Die Kliniken auf unserer Website werden sorgf\u00e4ltig nach hohen Kriterien ausgew\u00e4hlt. Ihre Erfahrung, ihr Ansatz, ihre Technologie, ihre Infrastruktur und ihre Professionalit\u00e4t sind die wichtigsten Faktoren.<\/p>\n<p>Unsere Plattform bietet detaillierte Informationen \u00fcber die Kliniken. Sie alle sind bestrebt, bei potenziellen und aktuellen Patienten Vertrauen aufzubauen:<\/p>\n<ol>\n<li>Die Kliniken werden seit \u00fcber 7 Jahren von unserem Team \u00fcberpr\u00fcft.<\/li>\n<li>Sie haben echte Bewertungen von Patienten.<\/li>\n<li>Die \u00c4rzte sind bekannt f\u00fcr ihren Einsatz, ihre Ausbildung, ihren Ansatz und ihr Fachwissen.<\/li>\n<li>Sie sind alle \u00fcber einen virtuellen Rundgang zug\u00e4nglich.<\/li>\n<li>Die Kliniken sind bereit, auf alle zahnmedizinischen Probleme und Bed\u00fcrfnisse der Patienten einzugehen.<\/li>\n<\/ol>\n<p><span style=\"font-weight: 400;\">&nbsp;<\/span><\/p>\n<h2><span style=\"font-weight: 400;\">Hochwertige und kosteng\u00fcnstige zahn\u00e4rztliche Leistungen mit Travel Dent.<\/span><\/h2>\n<p>Die Zahnkliniken in <a href=\"https:\/\/www.google.com\/maps\/place\/North+Macedonia\/@41.1145168,20.9142535,8z\/data=!3m1!4b1!4m6!3m5!1s0x1354159f70bc4809:0xe0f25ad6c81fc5b1!8m2!3d41.608635!4d21.745275!16zL20vMGJqdjY?entry=tts&amp;shorturl=1\">Nordmazedonien<\/a> bieten moderne Behandlungen auf h\u00f6chstem Niveau zu niedrigeren Kosten als in vielen anderen europ\u00e4ischen L\u00e4ndern. Dies macht das Land f\u00fcr diejenigen attraktiv, die eine erschwingliche und dennoch hochwertige zahnmedizinische Versorgung suchen.<\/p>\n<p>Die Kliniken auf dieser Plattform sind auf verschiedene Bereiche spezialisiert, wie zum Beispiel:<\/p>\n<ul>\n<li><a href=\"https:\/\/en.wikipedia.org\/wiki\/Dentistry\">Allgemeine Zahnmedizin<\/a><\/li>\n<li><a href=\"https:\/\/en.wikipedia.org\/wiki\/Cosmetic_dentistry\">Kosmetische Zahnmedizin<\/a><\/li>\n<li><a href=\"https:\/\/en.wikipedia.org\/wiki\/Orthodontics\">Kieferorthop\u00e4die<\/a><\/li>\n<li><a href=\"https:\/\/en.wikipedia.org\/wiki\/Oral_and_maxillofacial_surgery\">Oralchirurgie<\/a><\/li>\n<li><a href=\"https:\/\/academic.oup.com\/asj\/article\/30\/1_Supplement\/25S\/191164?login=false\">Gesichts\u00e4sthetik<\/a><\/li>\n<\/ul>\n<p>Abgesehen von den Kostenvorteilen k\u00f6nnen Patienten, die zum Zahntourismus nach Nordmazedonien kommen, auch die reichhaltigen nat\u00fcrlichen und kulturellen Attraktionen des Landes genie\u00dfen. Um mehr \u00fcber die Gr\u00fcnde f\u00fcr einen Besuch in Nordmazedonien zu erfahren, klicken Sie auf&nbsp;<a href=\"https:\/\/traveldent.me\/visit_north_macedonia\/\" target=\"_blank\" rel=\"noopener\">HIER.<\/a><\/p>\n<h2><span style=\"font-weight: 400;\">Was sollten Sie von Travel Dent Me erwarten?<\/span><\/h2>\n<p>Travel Dent Me bietet Informationen f\u00fcr eine hervorragende zahn\u00e4rztliche Versorgung durch erfahrene und zertifizierte Zahn\u00e4rzte. Wir haben eine spezielle Website f\u00fcr zahn\u00e4rztliche Dienstleistungen erstellt, die beste Qualit\u00e4t, g\u00fcnstige Preise und eine freundliche Atmosph\u00e4re bietet. Unsere Kliniken konzentrieren sich auf die individuelle Betreuung, die Verk\u00fcrzung von Wartezeiten und die aktive L\u00f6sung von Problemen. Zusammenfassend l\u00e4sst sich sagen, dass Travel Dent Me Sie einl\u00e4dt, unsere Kliniken unter dem Motto &#8220;Herzliche Gastfreundschaft &#8211; Perfektes L\u00e4cheln&#8221; kennenzulernen.<\/p>\t\t\t\t\t\t\t\t<\/div>\n\t\t\t\t<\/div>\n\t\t\t\t\t<\/div>\n\t\t<\/div>\n\t\t\t\t\t<\/div>\n\t\t<\/section>\n\t\t<div class=\"elementor-element elementor-element-9b36526 e-con-full e-flex e-con e-parent\" data-id=\"9b36526\" data-element_type=\"container\">\n\t\t\t\t<div class=\"elementor-element elementor-element-41d813c elementor-widget elementor-widget-heading\" data-id=\"41d813c\" data-element_type=\"widget\" data-widget_type=\"heading.default\">\n\t\t\t\t<div class=\"elementor-widget-container\">\n\t\t\t\t\t<h2 class=\"elementor-heading-title elementor-size-default\">TravelDentMe, ein Teil von See Inside Solutions LTD<\/h2>\t\t\t\t<\/div>\n\t\t\t\t<\/div>\n\t\t\t\t<\/div>\n\t\t<div class=\"elementor-element elementor-element-e9ed126 e-flex e-con-boxed e-con e-parent\" data-id=\"e9ed126\" data-element_type=\"container\">\n\t\t\t\t\t<div class=\"e-con-inner\">\n\t\t\t\t<div class=\"elementor-element elementor-element-8d54c4d elementor-widget elementor-widget-text-editor\" data-id=\"8d54c4d\" data-element_type=\"widget\" data-widget_type=\"text-editor.default\">\n\t\t\t\t<div class=\"elementor-widget-container\">\n\t\t\t\t\t\t\t\t\t<p>TravelDentMe ist ein Teil von See Inside Solution LTD. Eine Agentur aus dem Jahr 2014, die in den Bereichen Digitales Marketing, Webentwicklung, Social Media, Google Business Services, Projektmanagement, Fotografie, virtuelle Touren und Verkaufstraining t\u00e4tig ist.<br \/><span style=\"font-size: inherit; color: var( --e-global-color-text ); font-family: var( --e-global-typography-text-font-family ), Sans-serif; font-weight: var( --e-global-typography-text-font-weight ); text-align: var(--text-align);\"><br \/>&#8211; <a href=\"https:\/\/www.seeinside.mk\/\">See Inside MK<\/a> ist die erste Geschichte, die von diesem Team begonnen wurde. Das Team ist in Nordmazedonien, Serbien, Albanien und dem Kosovo t\u00e4tig und hat bereits zahlreiche virtuelle Rundg\u00e4nge zu verschiedenen Orten erstellt. Das Team bietet auch Google Local SEO Services und Website-Entwicklung!<\/span><\/p>\n<p>&#8211; <a href=\"https:\/\/seeinside.gr\/\">See Inside Greece<\/a> ist der Teil der Geschichte f\u00fcr unsere Nachbarl\u00e4nder, der die touristischen Ziele in Griechenland vorstellt!<\/p>\n<p>Rechtliche Informationen:<br \/>Titel: \u0414\u0440\u0443\u0448\u0442\u0432\u043e \u0437\u0430 \u043a\u043e\u043c\u043f\u0458\u0443\u0442\u0435\u0440\u0441\u043a\u0430 \u0443\u0441\u043b\u0443\u0433\u0430, \u043c\u0430\u0440\u043a\u0435\u0442\u0438\u043d\u0433, \u0442\u0440\u0433\u043e\u0432\u0438\u0458\u0430 \u0438 \u0434\u0440\u0443\u0433\u0438 \u0443\u0441\u043b\u0443\u0433\u0438 \u0421\u0415\u0415 \u0418\u041d\u0421\u0418\u0414\u0415 \u0421\u041e\u041b\u0423\u0428\u041d \u0414\u041e\u041e\u0415\u041b \u0421\u043a\u043e\u043f\u0458\u0435<br \/>Rechtsform &#8211; &#8220;\u0414.\u041e.\u041e.\u0415.\u041b. \u0414\u0420\u0423\u0428\u0422\u0412\u041e \u0421\u041e \u041e\u0413\u0420\u0410\u041d\u0418\u0427\u0415\u041d\u0410 \u041e\u0414\u0413\u041e\u0412\u041e\u0420\u041d\u041e\u0421\u0422&#8221;<br \/>Industrie &#8211; Marketing-Agentur<br \/>ZINN &#8211; MK4032023557383<br \/>PIN &#8211; 7668830<\/p>\n\t\t\t\t\t\t\t\t<\/div>\n\t\t\t\t<\/div>\n\t\t\t\t\t<\/div>\n\t\t\t\t<\/div>\n\t\t\t\t<section class=\"elementor-section elementor-top-section elementor-element elementor-element-737e08b elementor-section-boxed elementor-section-height-default elementor-section-height-default\" data-id=\"737e08b\" data-element_type=\"section\">\n\t\t\t\t\t\t<div class=\"elementor-container elementor-column-gap-default\">\n\t\t\t\t\t<div class=\"elementor-column elementor-col-100 elementor-top-column elementor-element elementor-element-589a618\" data-id=\"589a618\" data-element_type=\"column\">\n\t\t\t<div class=\"elementor-widget-wrap elementor-element-populated\">\n\t\t\t\t\t\t<div class=\"elementor-element elementor-element-12d7ea7 elementor-widget elementor-widget-heading\" data-id=\"12d7ea7\" data-element_type=\"widget\" data-widget_type=\"heading.default\">\n\t\t\t\t<div class=\"elementor-widget-container\">\n\t\t\t\t\t<h2 class=\"elementor-heading-title elementor-size-default\">Direkter Kontakt:<\/h2>\t\t\t\t<\/div>\n\t\t\t\t<\/div>\n\t\t\t\t<div class=\"elementor-element elementor-element-e3b09f4 elementor-icon-list--layout-traditional elementor-list-item-link-full_width elementor-widget elementor-widget-icon-list\" data-id=\"e3b09f4\" data-element_type=\"widget\" data-widget_type=\"icon-list.default\">\n\t\t\t\t<div class=\"elementor-widget-container\">\n\t\t\t\t\t\t\t<ul class=\"elementor-icon-list-items\">\n\t\t\t\t\t\t\t<li class=\"elementor-icon-list-item\">\n\t\t\t\t\t\t\t\t\t\t\t<a href=\"https:\/\/goo.gl\/maps\/ExPu9GkpRXVWYHse9\">\n\n\t\t\t\t\t\t\t\t\t\t\t\t<span class=\"elementor-icon-list-icon\">\n\t\t\t\t\t\t\t<i aria-hidden=\"true\" class=\"fas fa-location-arrow\"><\/i>\t\t\t\t\t\t<\/span>\n\t\t\t\t\t\t\t\t\t\t<span class=\"elementor-icon-list-text\">23 Octomvri 7a, 1000 Skopje, N. Macedona<\/span>\n\t\t\t\t\t\t\t\t\t\t\t<\/a>\n\t\t\t\t\t\t\t\t\t<\/li>\n\t\t\t\t\t\t\t\t<li class=\"elementor-icon-list-item\">\n\t\t\t\t\t\t\t\t\t\t\t<span class=\"elementor-icon-list-icon\">\n\t\t\t\t\t\t\t<i aria-hidden=\"true\" class=\"fas fa-phone\"><\/i>\t\t\t\t\t\t<\/span>\n\t\t\t\t\t\t\t\t\t\t<span class=\"elementor-icon-list-text\">(+389) 75 336 339<\/span>\n\t\t\t\t\t\t\t\t\t<\/li>\n\t\t\t\t\t\t\t\t<li class=\"elementor-icon-list-item\">\n\t\t\t\t\t\t\t\t\t\t\t<span class=\"elementor-icon-list-icon\">\n\t\t\t\t\t\t\t<i aria-hidden=\"true\" class=\"fas fa-mail-bulk\"><\/i>\t\t\t\t\t\t<\/span>\n\t\t\t\t\t\t\t\t\t\t<span class=\"elementor-icon-list-text\">contact@traveldent.me<\/span>\n\t\t\t\t\t\t\t\t\t<\/li>\n\t\t\t\t\t\t<\/ul>\n\t\t\t\t\t\t<\/div>\n\t\t\t\t<\/div>\n\t\t\t\t\t<\/div>\n\t\t<\/div>\n\t\t\t\t\t<\/div>\n\t\t<\/section>\n\t\t\t\t<section class=\"elementor-section elementor-top-section elementor-element elementor-element-e22c2a5 elementor-section-stretched elementor-section-boxed elementor-section-height-default elementor-section-height-default\" data-id=\"e22c2a5\" data-element_type=\"section\" id=\"quotefront\" data-settings=\"{&quot;stretch_section&quot;:&quot;section-stretched&quot;,&quot;background_background&quot;:&quot;classic&quot;}\">\n\t\t\t\t\t\t<div class=\"elementor-container elementor-column-gap-default\">\n\t\t\t\t\t<div class=\"elementor-column elementor-col-100 elementor-top-column elementor-element elementor-element-60b81c82\" data-id=\"60b81c82\" data-element_type=\"column\">\n\t\t\t<div class=\"elementor-widget-wrap elementor-element-populated\">\n\t\t\t\t\t\t<div class=\"elementor-element elementor-element-bd767a3 elementor-widget elementor-widget-shortcode\" data-id=\"bd767a3\" data-element_type=\"widget\" data-widget_type=\"shortcode.default\">\n\t\t\t\t<div class=\"elementor-widget-container\">\n\t\t\t\t\t\t\t<div class=\"elementor-shortcode\">\t\t<div data-elementor-type=\"section\" data-elementor-id=\"12248\" class=\"elementor elementor-12248 elementor-1870\" data-elementor-post-type=\"elementor_library\">\n\t\t\t\t\t<section class=\"elementor-section elementor-top-section elementor-element elementor-element-72e35e22 elementor-section-stretched elementor-section-boxed elementor-section-height-default elementor-section-height-default\" data-id=\"72e35e22\" data-element_type=\"section\" id=\"quotefront\" data-settings=\"{&quot;stretch_section&quot;:&quot;section-stretched&quot;,&quot;background_background&quot;:&quot;classic&quot;}\">\n\t\t\t\t\t\t<div class=\"elementor-container elementor-column-gap-default\">\n\t\t\t\t\t<div class=\"elementor-column elementor-col-100 elementor-top-column elementor-element elementor-element-65d2068a\" data-id=\"65d2068a\" data-element_type=\"column\">\n\t\t\t<div class=\"elementor-widget-wrap elementor-element-populated\">\n\t\t\t\t\t\t<div class=\"elementor-element elementor-element-2d437916 elementor-widget elementor-widget-image\" data-id=\"2d437916\" data-element_type=\"widget\" data-widget_type=\"image.default\">\n\t\t\t\t<div class=\"elementor-widget-container\">\n\t\t\t\t\t\t\t\t\t\t\t\t\t\t\t<img decoding=\"async\" src=\"https:\/\/traveldent.me\/wp-content\/uploads\/2023\/09\/clinics_ge.png\" title=\"clinics_ge\" alt=\"clinics_ge\" loading=\"lazy\" \/>\t\t\t\t\t\t\t\t\t\t\t\t\t\t\t<\/div>\n\t\t\t\t<\/div>\n\t\t\t\t<div class=\"elementor-element elementor-element-cff4c1d elementor-posts__hover-none elementor-grid-3 elementor-grid-tablet-2 elementor-grid-mobile-1 elementor-posts--thumbnail-top elementor-card-shadow-yes elementor-widget elementor-widget-posts\" data-id=\"cff4c1d\" data-element_type=\"widget\" data-settings=\"{&quot;pagination_type&quot;:&quot;load_more_infinite_scroll&quot;,&quot;cards_columns&quot;:&quot;3&quot;,&quot;cards_columns_tablet&quot;:&quot;2&quot;,&quot;cards_columns_mobile&quot;:&quot;1&quot;,&quot;cards_row_gap&quot;:{&quot;unit&quot;:&quot;px&quot;,&quot;size&quot;:35,&quot;sizes&quot;:[]},&quot;cards_row_gap_tablet&quot;:{&quot;unit&quot;:&quot;px&quot;,&quot;size&quot;:&quot;&quot;,&quot;sizes&quot;:[]},&quot;cards_row_gap_mobile&quot;:{&quot;unit&quot;:&quot;px&quot;,&quot;size&quot;:&quot;&quot;,&quot;sizes&quot;:[]},&quot;load_more_spinner&quot;:{&quot;value&quot;:&quot;fas fa-spinner&quot;,&quot;library&quot;:&quot;fa-solid&quot;}}\" data-widget_type=\"posts.cards\">\n\t\t\t\t<div class=\"elementor-widget-container\">\n\t\t\t\t\t\t\t<div class=\"elementor-posts-container elementor-posts elementor-posts--skin-cards elementor-grid\" role=\"list\">\n\t\t\t\t<article class=\"elementor-post elementor-grid-item post-12661 listing type-listing status-publish has-post-thumbnail hentry listing_category-diagnostik-und-allgemeine-zahnmedizin listing_category-endodontie-de listing_category-implantologie listing_category-kieferorthopadie-de listing_category-laserzahnheilkunde-und-mundgesundheit listing_category-prothetik-de listing_category-zahnkliniken-de region-bitola-de\" role=\"listitem\">\n\t\t\t<div class=\"elementor-post__card\">\n\t\t\t\t<a class=\"elementor-post__thumbnail__link\" href=\"https:\/\/traveldent.me\/de\/listing\/smile-design-zahnaerztliche-poliklinik\/\" tabindex=\"-1\" ><div class=\"elementor-post__thumbnail\"><img fetchpriority=\"high\" decoding=\"async\" width=\"428\" height=\"394\" src=\"https:\/\/traveldent.me\/wp-content\/uploads\/2023\/02\/Sm-featured.jpg\" class=\"attachment-large size-large wp-image-7510\" alt=\"\" srcset=\"https:\/\/traveldent.me\/wp-content\/uploads\/2023\/02\/Sm-featured.jpg 428w, https:\/\/traveldent.me\/wp-content\/uploads\/2023\/02\/Sm-featured-300x276.jpg 300w\" sizes=\"(max-width: 428px) 100vw, 428px\" \/><\/div><\/a>\n\t\t\t\t<div class=\"elementor-post__text\">\n\t\t\t\t<h3 class=\"elementor-post__title\">\n\t\t\t<a href=\"https:\/\/traveldent.me\/de\/listing\/smile-design-zahnaerztliche-poliklinik\/\" >\n\t\t\t\tSmile &amp; DesigN <br>Zahn\u00e4rztliche Poliklinik\t\t\t<\/a>\n\t\t<\/h3>\n\t\t\t\t<\/div>\n\t\t\t\t\t<\/div>\n\t\t<\/article>\n\t\t\t\t<article class=\"elementor-post elementor-grid-item post-12663 listing type-listing status-publish has-post-thumbnail hentry listing_category-diagnostik-und-allgemeine-zahnmedizin listing_category-endodontie-de listing_category-implantologie listing_category-kieferorthopadie-de listing_category-laserzahnheilkunde-und-mundgesundheit listing_category-prothetik-de listing_category-zahnkliniken-de region-skopje-de\" role=\"listitem\">\n\t\t\t<div class=\"elementor-post__card\">\n\t\t\t\t<a class=\"elementor-post__thumbnail__link\" href=\"https:\/\/traveldent.me\/de\/listing\/dental-art-dental-polyclinic\/\" tabindex=\"-1\" ><div class=\"elementor-post__thumbnail\"><img decoding=\"async\" width=\"428\" height=\"394\" src=\"https:\/\/traveldent.me\/wp-content\/uploads\/2023\/02\/featured.jpg\" class=\"attachment-large size-large wp-image-8914\" alt=\"\" srcset=\"https:\/\/traveldent.me\/wp-content\/uploads\/2023\/02\/featured.jpg 428w, https:\/\/traveldent.me\/wp-content\/uploads\/2023\/02\/featured-300x276.jpg 300w\" sizes=\"(max-width: 428px) 100vw, 428px\" \/><\/div><\/a>\n\t\t\t\t<div class=\"elementor-post__text\">\n\t\t\t\t<h3 class=\"elementor-post__title\">\n\t\t\t<a href=\"https:\/\/traveldent.me\/de\/listing\/dental-art-dental-polyclinic\/\" >\n\t\t\t\tDental Art <br> Zahn\u00e4rztliche Poliklinik\t\t\t<\/a>\n\t\t<\/h3>\n\t\t\t\t<\/div>\n\t\t\t\t\t<\/div>\n\t\t<\/article>\n\t\t\t\t<article class=\"elementor-post elementor-grid-item post-12665 listing type-listing status-publish has-post-thumbnail hentry listing_category-diagnostik-und-allgemeine-zahnmedizin listing_category-endodontie-de listing_category-gesichtsasthetik listing_category-implantologie listing_category-kieferorthopadie-de listing_category-laserzahnheilkunde-und-mundgesundheit listing_category-prothetik-de listing_category-zahnkliniken-de region-skopje-de\" role=\"listitem\">\n\t\t\t<div class=\"elementor-post__card\">\n\t\t\t\t<a class=\"elementor-post__thumbnail__link\" href=\"https:\/\/traveldent.me\/de\/listing\/dento-medikal-zahnklinik-und-medizinisches-labor\/\" tabindex=\"-1\" ><div class=\"elementor-post__thumbnail\"><img decoding=\"async\" width=\"428\" height=\"394\" src=\"https:\/\/traveldent.me\/wp-content\/uploads\/2023\/02\/FPDM.jpg\" class=\"attachment-large size-large wp-image-8704\" alt=\"\" srcset=\"https:\/\/traveldent.me\/wp-content\/uploads\/2023\/02\/FPDM.jpg 428w, https:\/\/traveldent.me\/wp-content\/uploads\/2023\/02\/FPDM-300x276.jpg 300w\" sizes=\"(max-width: 428px) 100vw, 428px\" \/><\/div><\/a>\n\t\t\t\t<div class=\"elementor-post__text\">\n\t\t\t\t<h3 class=\"elementor-post__title\">\n\t\t\t<a href=\"https:\/\/traveldent.me\/de\/listing\/dento-medikal-zahnklinik-und-medizinisches-labor\/\" >\n\t\t\t\tDento Medikal <br> Zahnklinik und medizinisches Labor\t\t\t<\/a>\n\t\t<\/h3>\n\t\t\t\t<\/div>\n\t\t\t\t\t<\/div>\n\t\t<\/article>\n\t\t\t\t<article class=\"elementor-post elementor-grid-item post-12659 listing type-listing status-publish has-post-thumbnail hentry listing_category-diagnostik-und-allgemeine-zahnmedizin listing_category-endodontie-de listing_category-implantologie listing_category-kieferorthopadie-de listing_category-laserzahnheilkunde-und-mundgesundheit listing_category-prothetik-de listing_category-zahnkliniken-de region-skopje-de\" role=\"listitem\">\n\t\t\t<div class=\"elementor-post__card\">\n\t\t\t\t<a class=\"elementor-post__thumbnail__link\" href=\"https:\/\/traveldent.me\/de\/listing\/dr-margita-smileva-dental-clinic\/\" tabindex=\"-1\" ><div class=\"elementor-post__thumbnail\"><img loading=\"lazy\" decoding=\"async\" width=\"428\" height=\"394\" src=\"https:\/\/traveldent.me\/wp-content\/uploads\/2023\/02\/logo.jpg\" class=\"attachment-large size-large wp-image-9347\" alt=\"\" srcset=\"https:\/\/traveldent.me\/wp-content\/uploads\/2023\/02\/logo.jpg 428w, https:\/\/traveldent.me\/wp-content\/uploads\/2023\/02\/logo-300x276.jpg 300w\" sizes=\"(max-width: 428px) 100vw, 428px\" \/><\/div><\/a>\n\t\t\t\t<div class=\"elementor-post__text\">\n\t\t\t\t<h3 class=\"elementor-post__title\">\n\t\t\t<a href=\"https:\/\/traveldent.me\/de\/listing\/dr-margita-smileva-dental-clinic\/\" >\n\t\t\t\tDr. Margita Smileva<br> Dental Clinic\t\t\t<\/a>\n\t\t<\/h3>\n\t\t\t\t<\/div>\n\t\t\t\t\t<\/div>\n\t\t<\/article>\n\t\t\t\t<article class=\"elementor-post elementor-grid-item post-12457 listing type-listing status-publish has-post-thumbnail hentry listing_category-diagnostik-und-allgemeine-zahnmedizin listing_category-endodontie-de listing_category-gesichtsasthetik listing_category-implantologie listing_category-kieferorthopadie-de listing_category-laserzahnheilkunde-und-mundgesundheit listing_category-prothetik-de listing_category-zahnkliniken-de region-skopje-de\" role=\"listitem\">\n\t\t\t<div class=\"elementor-post__card\">\n\t\t\t\t<a class=\"elementor-post__thumbnail__link\" href=\"https:\/\/traveldent.me\/de\/listing\/mediana-medikal-dental-clinic\/\" tabindex=\"-1\" ><div class=\"elementor-post__thumbnail\"><img loading=\"lazy\" decoding=\"async\" width=\"428\" height=\"394\" src=\"https:\/\/traveldent.me\/wp-content\/uploads\/2023\/02\/logo-3.jpg\" class=\"attachment-large size-large wp-image-9795\" alt=\"\" srcset=\"https:\/\/traveldent.me\/wp-content\/uploads\/2023\/02\/logo-3.jpg 428w, https:\/\/traveldent.me\/wp-content\/uploads\/2023\/02\/logo-3-300x276.jpg 300w\" sizes=\"(max-width: 428px) 100vw, 428px\" \/><\/div><\/a>\n\t\t\t\t<div class=\"elementor-post__text\">\n\t\t\t\t<h3 class=\"elementor-post__title\">\n\t\t\t<a href=\"https:\/\/traveldent.me\/de\/listing\/mediana-medikal-dental-clinic\/\" >\n\t\t\t\tMediana Medikal<br> Dental Clinic\t\t\t<\/a>\n\t\t<\/h3>\n\t\t\t\t<\/div>\n\t\t\t\t\t<\/div>\n\t\t<\/article>\n\t\t\t\t<article class=\"elementor-post elementor-grid-item post-12170 listing type-listing status-publish has-post-thumbnail hentry listing_category-diagnostik-und-allgemeine-zahnmedizin listing_category-endodontie-de listing_category-implantologie listing_category-kieferorthopadie-de listing_category-laserzahnheilkunde-und-mundgesundheit listing_category-prothetik-de listing_category-zahnkliniken-de region-skopje-de\" role=\"listitem\">\n\t\t\t<div class=\"elementor-post__card\">\n\t\t\t\t<a class=\"elementor-post__thumbnail__link\" href=\"https:\/\/traveldent.me\/de\/listing\/eternadent-zentrum-fuer-zahngesundheit\/\" tabindex=\"-1\" ><div class=\"elementor-post__thumbnail\"><img loading=\"lazy\" decoding=\"async\" width=\"600\" height=\"200\" src=\"https:\/\/traveldent.me\/wp-content\/uploads\/2023\/02\/eterna.jpg\" class=\"attachment-large size-large wp-image-10269\" alt=\"\" srcset=\"https:\/\/traveldent.me\/wp-content\/uploads\/2023\/02\/eterna.jpg 600w, https:\/\/traveldent.me\/wp-content\/uploads\/2023\/02\/eterna-300x100.jpg 300w, https:\/\/traveldent.me\/wp-content\/uploads\/2023\/02\/eterna-590x197.jpg 590w, https:\/\/traveldent.me\/wp-content\/uploads\/2023\/02\/eterna-577x192.jpg 577w\" sizes=\"(max-width: 600px) 100vw, 600px\" \/><\/div><\/a>\n\t\t\t\t<div class=\"elementor-post__text\">\n\t\t\t\t<h3 class=\"elementor-post__title\">\n\t\t\t<a href=\"https:\/\/traveldent.me\/de\/listing\/eternadent-zentrum-fuer-zahngesundheit\/\" >\n\t\t\t\tETERNAdent<br> Zentrum f\u00fcr Zahngesundheit\t\t\t<\/a>\n\t\t<\/h3>\n\t\t\t\t<\/div>\n\t\t\t\t\t<\/div>\n\t\t<\/article>\n\t\t\t\t<\/div>\n\t\t\t\t\t<span class=\"e-load-more-spinner\">\n\t\t\t\t<i aria-hidden=\"true\" class=\"fas fa-spinner\"><\/i>\t\t\t<\/span>\n\t\t\n\t\t\t\t\t\t<\/div>\n\t\t\t\t<\/div>\n\t\t\t\t\t<\/div>\n\t\t<\/div>\n\t\t\t\t\t<\/div>\n\t\t<\/section>\n\t\t\t\t<\/div>\n\t\t<\/div>\n\t\t\t\t\t\t<\/div>\n\t\t\t\t<\/div>\n\t\t\t\t\t<\/div>\n\t\t<\/div>\n\t\t\t\t\t<\/div>\n\t\t<\/section>\n\t\t<div class=\"elementor-element elementor-element-547b7e9 e-flex e-con-boxed e-con e-parent\" data-id=\"547b7e9\" data-element_type=\"container\">\n\t\t\t\t\t<div class=\"e-con-inner\">\n\t\t\t\t<div class=\"elementor-element elementor-element-de77560 elementor-hidden-desktop elementor-hidden-tablet elementor-hidden-mobile elementor-widget elementor-widget-text-editor\" data-id=\"de77560\" data-element_type=\"widget\" data-widget_type=\"text-editor.default\">\n\t\t\t\t<div class=\"elementor-widget-container\">\n\t\t\t\t\t\t\t\t\t<p>Zahnreisen<\/p>\n<p>Zahntourismus<\/p>\n<h3>Zahnreisen<\/h3>\n<h3>Zahn\u00e4rztlicher Tourismus<\/h3>\n\t\t\t\t\t\t\t\t<\/div>\n\t\t\t\t<\/div>\n\t\t\t\t\t<\/div>\n\t\t\t\t<\/div>\n\t\t\t\t<\/div>\n\t\t","protected":false},"excerpt":{"rendered":"<p>Travel Dent Me ist eine Plattform f\u00fcr zahn\u00e4rztliche Dienstleistungen mit Sitz in Nordmazedonien. Travel Dent Me ist eine Website f\u00fcr Zahntourismus, die Menschen auf der<\/p>\n","protected":false},"author":1,"featured_media":0,"parent":0,"menu_order":0,"comment_status":"closed","ping_status":"closed","template":"","meta":{"footnotes":""},"class_list":["post-12525","page","type-page","status-publish","hentry"],"_links":{"self":[{"href":"https:\/\/traveldent.me\/de\/wp-json\/wp\/v2\/pages\/12525","targetHints":{"allow":["GET"]}}],"collection":[{"href":"https:\/\/traveldent.me\/de\/wp-json\/wp\/v2\/pages"}],"about":[{"href":"https:\/\/traveldent.me\/de\/wp-json\/wp\/v2\/types\/page"}],"author":[{"embeddable":true,"href":"https:\/\/traveldent.me\/de\/wp-json\/wp\/v2\/users\/1"}],"replies":[{"embeddable":true,"href":"https:\/\/traveldent.me\/de\/wp-json\/wp\/v2\/comments?post=12525"}],"version-history":[{"count":0,"href":"https:\/\/traveldent.me\/de\/wp-json\/wp\/v2\/pages\/12525\/revisions"}],"wp:attachment":[{"href":"https:\/\/traveldent.me\/de\/wp-json\/wp\/v2\/media?parent=12525"}],"curies":[{"name":"wp","href":"https:\/\/api.w.org\/{rel}","templated":true}]}}